{"id":5699,"date":"2020-10-06T13:56:30","date_gmt":"2020-10-06T11:56:30","guid":{"rendered":"https:\/\/www.andersonmacgyver.com\/industry-3\/"},"modified":"2022-08-23T15:43:38","modified_gmt":"2022-08-23T13:43:38","slug":"financiele-diensten","status":"publish","type":"page","link":"https:\/\/www.andersonmacgyver.com\/nl\/financiele-diensten\/","title":{"rendered":"Financi\u00eble dienstverlening"},"content":{"rendered":"<div class=\"container_marge\"><\/div><div class=\"block_24\">\r\n\t<div class=\"container p-0\">\r\n\t\t<div class=\"d-none d-xl-block\">\r\n\t\t\t<div class=\"row\">\r\n\t\t\t\t\t\t\t\t\t<div class=\"col-lg-12\">\r\n\t\t\t\t\t\t<h2 class=\"block_title\">Uitgelichte klantenverhalen<\/h2>\r\n\t\t\t\t\t<\/div>\r\n\t\t\t\t\t\t\t\t<div class=\"col-lg-4\"><div data-aos=\"fade-up\" data-aos-once=\"true\" class=\"publication_box\"><a class=\"publication_box_link\" href=\"https:\/\/www.andersonmacgyver.com\/nl\/case\/herstructurering-data-en-technologie-van-nationaal-restauratiefonds\/\"><figure class=\"figure_hover\"><div class=\"publication_thumb cover\" style=\"background-image: url(https:\/\/www.andersonmacgyver.com\/wp-content\/uploads\/2020\/10\/Nationaal-Restauratiefonds-1224x816.jpg);\"><\/div><\/figure><div class=\"publication_inner\"><div class=\"publication_cat\">Klantverhaal<\/div><h2 class=\"publication_title\">Herstructurering data en technologie van Nationaal Restauratiefonds<\/h2><\/div><\/div><\/a><\/div><div class=\"col-lg-4\"><div data-aos=\"fade-up\" data-aos-once=\"true\" class=\"publication_box\"><a class=\"publication_box_link\" href=\"https:\/\/www.andersonmacgyver.com\/nl\/case\/pensioenfonds-horeca-catering\/\"><figure class=\"figure_hover\"><div class=\"publication_thumb cover\" style=\"background-image: url(https:\/\/www.andersonmacgyver.com\/wp-content\/uploads\/2020\/10\/Pensioenfonds-Horeca-en-Catering-1224x816.jpg);\"><\/div><\/figure><div class=\"publication_inner\"><div class=\"publication_cat\">Klantverhaal<\/div><h2 class=\"publication_title\">Multimodale transformatie van Nederlands pensioenfonds<\/h2><\/div><\/div><\/a><\/div><div class=\"col-lg-4\"><div data-aos=\"fade-up\" data-aos-once=\"true\" class=\"publication_box\"><a class=\"publication_box_link\" href=\"https:\/\/www.andersonmacgyver.com\/nl\/case\/unive\/\"><figure class=\"figure_hover\"><div class=\"publication_thumb cover\" style=\"background-image: url(https:\/\/www.andersonmacgyver.com\/wp-content\/uploads\/2020\/10\/Unive-1224x816.jpg);\"><\/div><\/figure><div class=\"publication_inner\"><div class=\"publication_cat\">Klantverhaal<\/div><h2 class=\"publication_title\">Univ\u00e9\u2019s klantgerichte it-organisatie opbouwen<\/h2><\/div><\/div><\/a><\/div>\t\t\t<\/div>\r\n\t\t<\/div>\r\n\t\t<div class=\"d-block d-xl-none\">\r\n\t\t\t<div class=\"row\">\r\n\t\t\t\t\t\t\t\t\t<div class=\"col-lg-12\">\r\n\t\t\t\t\t\t<h2 class=\"block_title\">Uitgelichte klantenverhalen<\/h2>\r\n\t\t\t\t\t<\/div>\r\n\t\t\t\t\t\t\t<\/div>\r\n\t\t\t<div class=\"row\">\r\n\t\t\t\t<div class=\"col-lg-6 b21h_pr0\"><div class=\"block_12_img cover\" style=\"background-image:url(https:\/\/www.andersonmacgyver.com\/wp-content\/uploads\/2020\/10\/Nationaal-Restauratiefonds-1224x816.jpg);\"><\/div><\/div><div class=\"col-lg-6 b21h_pl0\"><div class=\"table_box\"><div class=\"table_cell\"><p class=\"psf_subtitle\">Herstructurering data en technologie van Nationaal Restauratiefonds<\/p><h2 class=\"block_title\">Nationaal Restauratiefonds<\/h2><div class=\"block_content\"><p>&#8220;Anderson MacGyver is van onschatbare waarde gebleken tijdens het contracteren van onze nieuwe IT leverancier.&#8221;<\/p>\n<\/div><a href=\"https:\/\/www.andersonmacgyver.com\/nl\/case\/herstructurering-data-en-technologie-van-nationaal-restauratiefonds\/\" class=\"btn\">Lees meer <i class=\"fas fa-arrow-right\"><\/i><\/a><\/div><\/div><\/div><div class=\"fill1\"><\/div><div class=\"col-lg-6 b21h_pr0\"><div class=\"block_12_img cover\" style=\"background-image:url(https:\/\/www.andersonmacgyver.com\/wp-content\/uploads\/2020\/10\/Pensioenfonds-Horeca-en-Catering-1224x816.jpg);\"><\/div><\/div><div class=\"col-lg-6 b21h_pl0\"><div class=\"table_box\"><div class=\"table_cell\"><p class=\"psf_subtitle\">Multimodale transformatie van Nederlands pensioenfonds<\/p><h2 class=\"block_title\">Pensioenfonds Horeca &#038; Catering<\/h2><div class=\"block_content\"><p>Pensioenfonds Horeca &#038; Catering (PH&#038;C) is het Nederlandse pensioenfonds van de horeca- en cateringsector. Met de strategische doelstelling van het cre\u00ebren van meer klantenwaarde tegen lagere kosten, heeft PH&#038;C een omnichannel-strategie ontwikkelt en zijn zij een cloudtranformatie gestart. Deze veranderingen vereisten een organisatie die gestructureerd en voorbereid zou zijn op een nieuwe manier van werken. Dat is hoe Anderson MacGyver erbij betrokken raakte.<\/p>\n<\/div><a href=\"https:\/\/www.andersonmacgyver.com\/nl\/case\/pensioenfonds-horeca-catering\/\" class=\"btn\">Lees meer <i class=\"fas fa-arrow-right\"><\/i><\/a><\/div><\/div><\/div><div class=\"fill1\"><\/div><div class=\"col-lg-6 b21h_pr0\"><div class=\"block_12_img cover\" style=\"background-image:url(https:\/\/www.andersonmacgyver.com\/wp-content\/uploads\/2020\/10\/Unive-1224x816.jpg);\"><\/div><\/div><div class=\"col-lg-6 b21h_pl0\"><div class=\"table_box\"><div class=\"table_cell\"><p class=\"psf_subtitle\">Univ\u00e9\u2019s klantgerichte it-organisatie opbouwen<\/p><h2 class=\"block_title\">Univ\u00e9<\/h2><div class=\"block_content\"><p>\u201cDe kracht van Anderson MacGyver is een combinatie van inspiratie, invloed, een praktische mentaliteit, organisatorische kennis, visie, strategie en pragmatisme.\u201d<\/p>\n<\/div><a href=\"https:\/\/www.andersonmacgyver.com\/nl\/case\/unive\/\" class=\"btn\">Lees meer <i class=\"fas fa-arrow-right\"><\/i><\/a><\/div><\/div><\/div><div class=\"fill1\"><\/div>\t\t\t<\/div>\r\n\t\t\t<!-- <div class=\"row row_min_991\">\r\n\t\t\t\t<div class=\"col-lg-4 col_min_991\"><div class=\"col_inner_min_991\"><div class=\"publication_box\"><a class=\"publication_box_link\" href=\"https:\/\/www.andersonmacgyver.com\/nl\/kennis-artikel\/interim-management-geen-noodverband-maar-een-aanjager-van-verandering\/\"><div class=\"publication_thumb cover\" style=\"background-image: url(https:\/\/www.andersonmacgyver.com\/wp-content\/uploads\/2026\/02\/Blog-post-Interim-Management.png);\"><\/div><div class=\"publication_inner\"><div class=\"publication_cat\">Klantverhaal<\/div><h2 class=\"publication_title\">Interim Management: geen noodverband, maar een aanjager van verandering\u00a0<\/h2><\/div><\/div><\/a><\/div><\/div><div class=\"col-lg-4 col_min_991\"><div class=\"col_inner_min_991\"><div class=\"publication_box\"><a class=\"publication_box_link\" href=\"https:\/\/www.andersonmacgyver.com\/nl\/kennis-artikel\/weerbaarheid-in-tijden-van-verandering\/\"><div class=\"publication_thumb cover\" style=\"background-image: url(https:\/\/www.andersonmacgyver.com\/wp-content\/uploads\/2025\/12\/Weerbaarheid-in-tijden-van-verandering.png);\"><\/div><div class=\"publication_inner\"><div class=\"publication_cat\">Klantverhaal<\/div><h2 class=\"publication_title\">Weerbaarheid in tijden van verandering<\/h2><\/div><\/div><\/a><\/div><\/div><div class=\"col-lg-4 col_min_991\"><div class=\"col_inner_min_991\"><div class=\"publication_box\"><a class=\"publication_box_link\" href=\"https:\/\/www.andersonmacgyver.com\/nl\/kennis-artikel\/data-governance-in-de-praktijk\/\"><div class=\"publication_thumb cover\" style=\"background-image: url(https:\/\/www.andersonmacgyver.com\/wp-content\/uploads\/2025\/11\/ChatGPT-Image-30-okt-2025-11_40_27-1.jpg);\"><\/div><div class=\"publication_inner\"><div class=\"publication_cat\">Klantverhaal<\/div><h2 class=\"publication_title\">Data governance in de praktijk\u00a0<\/h2><\/div><\/div><\/a><\/div><\/div>\t\t\t<\/div> -->\r\n\t\t<\/div>\r\n\t<\/div>\r\n<\/div>\r\n\n\n\r\n<\/div>\r\n\r\n\r\n    <div style=\"margin-top:60px\"><\/div>\r\n\r\n\r\n<div class=\"grey_block\" style=\"padding-top:px;padding-bottom:50px;margin-bottom:-px;\">\r\n    <div class='container-fluid'>\r\n\r\n\n\n\r\n\r\n<div class=\"container_marge\"><\/div>\r\n<div class=\"block_22\">\r\r\n\t<div class=\"container p-0\">\r\r\n\t\t<div class=\"row rowhide\">\r\r\n\t\t\t\r\n\t\t\t\t\r\n\t\t\t\t\t<div class=\"col-xl-8 col-lg-12\">\r\r\n\t\t\t\t\t\t<h2 class=\"block_title\">Laatste publicaties<\/h2>\r\r\n\t\t\t\t\t<\/div>\r\r\n\t\t\t\t\r\n\t\t\t\t\r\n\t\t\t\t\t<div class=\"col-4 d-none d-xl-block text-right\">\r\r\n\t\t\t\t\t\t<a href=\"\/nl\/publicaties\" class=\"link_all\">Lees verder <i class=\"fas fa-arrow-right\"><\/i><\/a>\r\r\n\t\t\t\t\t<\/div>\r\r\n\t\t\t\t\r\n\t\t\t\r\n\t\t<\/div>\r\r\n\t\t<div class=\"row row_min_991\">\r\r\n\t\t\t<div class=\"col-xl-4 col-lg-6 col_min_991\"><div class=\"col_inner_min_991\"><div data-aos=\"fade-up\" data-aos-once=\"true\" class=\"publication_box\"><a class=\"publication_box_link\" href=\"https:\/\/www.andersonmacgyver.com\/nl\/whitepaper\/het-organiseren-van-data-en-technologie-de-multimodale-organisatie-definieren\/\"><figure class=\"figure_hover\"><div class=\"publication_thumb cover\" style=\"background-image: url(https:\/\/www.andersonmacgyver.com\/wp-content\/uploads\/2020\/06\/Whitepaper-Article-Organizing-Data-and-Technology-2023.png);\"><\/div><\/figure><div class=\"publication_inner\"><div class=\"publication_cat\">Whitepapers<\/div><h2 class=\"publication_title\">Het organiseren van data en technologie: de multimodale organisatie defini\u00ebren<\/h2><\/div><\/div><\/a><\/div><\/div><div class=\"col-xl-4 col-lg-6 col_min_991\"><div class=\"col_inner_min_991\"><div data-aos=\"fade-up\" data-aos-once=\"true\" class=\"publication_box\"><a class=\"publication_box_link\" href=\"https:\/\/www.andersonmacgyver.com\/nl\/whitepaper\/operationeel-modelcanvas\/\"><figure class=\"figure_hover\"><div class=\"publication_thumb cover\" style=\"background-image: url(https:\/\/www.andersonmacgyver.com\/wp-content\/uploads\/2021\/05\/Nieuw_OMC_Whitepaper.png);\"><\/div><\/figure><div class=\"publication_inner\"><div class=\"publication_cat\">Whitepapers<\/div><h2 class=\"publication_title\">Operating model canvas: een beeld zegt meer dan duizend woorden<\/h2><\/div><\/div><\/a><\/div><\/div><div class=\"col-xl-4 col-lg-6 col_min_991\"><div class=\"col_inner_min_991\"><div data-aos=\"fade-up\" data-aos-once=\"true\" class=\"publication_box\"><a class=\"publication_box_link\" href=\"https:\/\/www.andersonmacgyver.com\/nl\/whitepaper\/multimodaliteit\/\"><figure class=\"figure_hover\"><div class=\"publication_thumb cover\" style=\"background-image: url(https:\/\/www.andersonmacgyver.com\/wp-content\/uploads\/2022\/03\/amg_article_multi-modality_@2x.png);\"><\/div><\/figure><div class=\"publication_inner\"><div class=\"publication_cat\">Whitepapers<\/div><h2 class=\"publication_title\">Multimodaliteit: Bedrijfsactiviteit model<\/h2><\/div><\/div><\/a><\/div><\/div>\r\n\t\t<\/div>\r\r\n\t<\/div>\r\r\n<\/div>\r\r\n\n\n<\/div>\r\n<\/div>\r\n\r\n<div class=\"container\">","protected":false},"excerpt":{"rendered":"","protected":false},"author":1,"featured_media":2736,"parent":0,"menu_order":30,"comment_status":"closed","ping_status":"closed","template":"","meta":{"_acf_changed":false,"content-type":"","footnotes":""},"class_list":["post-5699","page","type-page","status-publish","has-post-thumbnail","hentry"],"acf":[],"yoast_head":"<!-- This site is optimized with the Yoast SEO plugin v27.5 - https:\/\/yoast.com\/product\/yoast-seo-wordpress\/ -->\n<title>Financi\u00eble dienstverlening: hoe Anderson MacGyver kan helpen met digitale strategie\u00ebn<\/title>\n<meta name=\"description\" content=\"Financi\u00eble dienstverlening ondergaat al jaren een digitale transitie. Anderson MacGyver zorgt voor toekomstbestendige digitale strategie\u00ebn.\" \/>\n<meta name=\"robots\" content=\"index, follow, max-snippet:-1, max-image-preview:large, max-video-preview:-1\" \/>\n<link rel=\"canonical\" href=\"https:\/\/www.andersonmacgyver.com\/nl\/financiele-diensten\/\" \/>\n<meta property=\"og:locale\" content=\"nl_NL\" \/>\n<meta property=\"og:type\" content=\"article\" \/>\n<meta property=\"og:title\" content=\"Financi\u00eble dienstverlening: hoe Anderson MacGyver kan helpen met digitale strategie\u00ebn\" \/>\n<meta property=\"og:description\" content=\"Financi\u00eble dienstverlening ondergaat al jaren een digitale transitie. Anderson MacGyver zorgt voor toekomstbestendige digitale strategie\u00ebn.\" \/>\n<meta property=\"og:url\" content=\"https:\/\/www.andersonmacgyver.com\/nl\/financiele-diensten\/\" \/>\n<meta property=\"og:site_name\" content=\"Anderson MacGyver\" \/>\n<meta property=\"article:modified_time\" content=\"2022-08-23T13:43:38+00:00\" \/>\n<meta property=\"og:image\" content=\"https:\/\/www.andersonmacgyver.com\/wp-content\/uploads\/2020\/10\/3.-Financial-services.png\" \/>\n\t<meta property=\"og:image:width\" content=\"1207\" \/>\n\t<meta property=\"og:image:height\" content=\"428\" \/>\n\t<meta property=\"og:image:type\" content=\"image\/png\" \/>\n<meta name=\"twitter:card\" content=\"summary_large_image\" \/>\n<script type=\"application\/ld+json\" class=\"yoast-schema-graph\">{\"@context\":\"https:\\\/\\\/schema.org\",\"@graph\":[{\"@type\":\"WebPage\",\"@id\":\"https:\\\/\\\/www.andersonmacgyver.com\\\/nl\\\/financiele-diensten\\\/\",\"url\":\"https:\\\/\\\/www.andersonmacgyver.com\\\/nl\\\/financiele-diensten\\\/\",\"name\":\"Financi\u00eble dienstverlening: hoe Anderson MacGyver kan helpen met digitale strategie\u00ebn\",\"isPartOf\":{\"@id\":\"https:\\\/\\\/www.andersonmacgyver.com\\\/nl\\\/#website\"},\"primaryImageOfPage\":{\"@id\":\"https:\\\/\\\/www.andersonmacgyver.com\\\/nl\\\/financiele-diensten\\\/#primaryimage\"},\"image\":{\"@id\":\"https:\\\/\\\/www.andersonmacgyver.com\\\/nl\\\/financiele-diensten\\\/#primaryimage\"},\"thumbnailUrl\":\"https:\\\/\\\/www.andersonmacgyver.com\\\/wp-content\\\/uploads\\\/2020\\\/10\\\/3.-Financial-services.png\",\"datePublished\":\"2020-10-06T11:56:30+00:00\",\"dateModified\":\"2022-08-23T13:43:38+00:00\",\"description\":\"Financi\u00eble dienstverlening ondergaat al jaren een digitale transitie. Anderson MacGyver zorgt voor toekomstbestendige digitale strategie\u00ebn.\",\"inLanguage\":\"nl-NL\",\"potentialAction\":[{\"@type\":\"ReadAction\",\"target\":[\"https:\\\/\\\/www.andersonmacgyver.com\\\/nl\\\/financiele-diensten\\\/\"]}]},{\"@type\":\"ImageObject\",\"inLanguage\":\"nl-NL\",\"@id\":\"https:\\\/\\\/www.andersonmacgyver.com\\\/nl\\\/financiele-diensten\\\/#primaryimage\",\"url\":\"https:\\\/\\\/www.andersonmacgyver.com\\\/wp-content\\\/uploads\\\/2020\\\/10\\\/3.-Financial-services.png\",\"contentUrl\":\"https:\\\/\\\/www.andersonmacgyver.com\\\/wp-content\\\/uploads\\\/2020\\\/10\\\/3.-Financial-services.png\",\"width\":1207,\"height\":428,\"caption\":\"Financial services\"},{\"@type\":\"WebSite\",\"@id\":\"https:\\\/\\\/www.andersonmacgyver.com\\\/nl\\\/#website\",\"url\":\"https:\\\/\\\/www.andersonmacgyver.com\\\/nl\\\/\",\"name\":\"Anderson MacGyver\",\"description\":\"Data &amp; Technology organiseren\",\"potentialAction\":[{\"@type\":\"SearchAction\",\"target\":{\"@type\":\"EntryPoint\",\"urlTemplate\":\"https:\\\/\\\/www.andersonmacgyver.com\\\/nl\\\/?s={search_term_string}\"},\"query-input\":{\"@type\":\"PropertyValueSpecification\",\"valueRequired\":true,\"valueName\":\"search_term_string\"}}],\"inLanguage\":\"nl-NL\"}]}<\/script>\n<!-- \/ Yoast SEO plugin. -->","yoast_head_json":{"title":"Financi\u00eble dienstverlening: hoe Anderson MacGyver kan helpen met digitale strategie\u00ebn","description":"Financi\u00eble dienstverlening ondergaat al jaren een digitale transitie. Anderson MacGyver zorgt voor toekomstbestendige digitale strategie\u00ebn.","robots":{"index":"index","follow":"follow","max-snippet":"max-snippet:-1","max-image-preview":"max-image-preview:large","max-video-preview":"max-video-preview:-1"},"canonical":"https:\/\/www.andersonmacgyver.com\/nl\/financiele-diensten\/","og_locale":"nl_NL","og_type":"article","og_title":"Financi\u00eble dienstverlening: hoe Anderson MacGyver kan helpen met digitale strategie\u00ebn","og_description":"Financi\u00eble dienstverlening ondergaat al jaren een digitale transitie. Anderson MacGyver zorgt voor toekomstbestendige digitale strategie\u00ebn.","og_url":"https:\/\/www.andersonmacgyver.com\/nl\/financiele-diensten\/","og_site_name":"Anderson MacGyver","article_modified_time":"2022-08-23T13:43:38+00:00","og_image":[{"width":1207,"height":428,"url":"https:\/\/www.andersonmacgyver.com\/wp-content\/uploads\/2020\/10\/3.-Financial-services.png","type":"image\/png"}],"twitter_card":"summary_large_image","schema":{"@context":"https:\/\/schema.org","@graph":[{"@type":"WebPage","@id":"https:\/\/www.andersonmacgyver.com\/nl\/financiele-diensten\/","url":"https:\/\/www.andersonmacgyver.com\/nl\/financiele-diensten\/","name":"Financi\u00eble dienstverlening: hoe Anderson MacGyver kan helpen met digitale strategie\u00ebn","isPartOf":{"@id":"https:\/\/www.andersonmacgyver.com\/nl\/#website"},"primaryImageOfPage":{"@id":"https:\/\/www.andersonmacgyver.com\/nl\/financiele-diensten\/#primaryimage"},"image":{"@id":"https:\/\/www.andersonmacgyver.com\/nl\/financiele-diensten\/#primaryimage"},"thumbnailUrl":"https:\/\/www.andersonmacgyver.com\/wp-content\/uploads\/2020\/10\/3.-Financial-services.png","datePublished":"2020-10-06T11:56:30+00:00","dateModified":"2022-08-23T13:43:38+00:00","description":"Financi\u00eble dienstverlening ondergaat al jaren een digitale transitie. Anderson MacGyver zorgt voor toekomstbestendige digitale strategie\u00ebn.","inLanguage":"nl-NL","potentialAction":[{"@type":"ReadAction","target":["https:\/\/www.andersonmacgyver.com\/nl\/financiele-diensten\/"]}]},{"@type":"ImageObject","inLanguage":"nl-NL","@id":"https:\/\/www.andersonmacgyver.com\/nl\/financiele-diensten\/#primaryimage","url":"https:\/\/www.andersonmacgyver.com\/wp-content\/uploads\/2020\/10\/3.-Financial-services.png","contentUrl":"https:\/\/www.andersonmacgyver.com\/wp-content\/uploads\/2020\/10\/3.-Financial-services.png","width":1207,"height":428,"caption":"Financial services"},{"@type":"WebSite","@id":"https:\/\/www.andersonmacgyver.com\/nl\/#website","url":"https:\/\/www.andersonmacgyver.com\/nl\/","name":"Anderson MacGyver","description":"Data &amp; Technology organiseren","potentialAction":[{"@type":"SearchAction","target":{"@type":"EntryPoint","urlTemplate":"https:\/\/www.andersonmacgyver.com\/nl\/?s={search_term_string}"},"query-input":{"@type":"PropertyValueSpecification","valueRequired":true,"valueName":"search_term_string"}}],"inLanguage":"nl-NL"}]}},"_links":{"self":[{"href":"https:\/\/www.andersonmacgyver.com\/nl\/wp-json\/wp\/v2\/pages\/5699","targetHints":{"allow":["GET"]}}],"collection":[{"href":"https:\/\/www.andersonmacgyver.com\/nl\/wp-json\/wp\/v2\/pages"}],"about":[{"href":"https:\/\/www.andersonmacgyver.com\/nl\/wp-json\/wp\/v2\/types\/page"}],"author":[{"embeddable":true,"href":"https:\/\/www.andersonmacgyver.com\/nl\/wp-json\/wp\/v2\/users\/1"}],"replies":[{"embeddable":true,"href":"https:\/\/www.andersonmacgyver.com\/nl\/wp-json\/wp\/v2\/comments?post=5699"}],"version-history":[{"count":10,"href":"https:\/\/www.andersonmacgyver.com\/nl\/wp-json\/wp\/v2\/pages\/5699\/revisions"}],"predecessor-version":[{"id":8706,"href":"https:\/\/www.andersonmacgyver.com\/nl\/wp-json\/wp\/v2\/pages\/5699\/revisions\/8706"}],"wp:featuredmedia":[{"embeddable":true,"href":"https:\/\/www.andersonmacgyver.com\/nl\/wp-json\/wp\/v2\/media\/2736"}],"wp:attachment":[{"href":"https:\/\/www.andersonmacgyver.com\/nl\/wp-json\/wp\/v2\/media?parent=5699"}],"curies":[{"name":"wp","href":"https:\/\/api.w.org\/{rel}","templated":true}]}}