{"id":5301,"date":"2020-08-05T10:52:17","date_gmt":"2020-08-05T08:52:17","guid":{"rendered":"https:\/\/www.andersonmacgyver.com\/disclaimer\/"},"modified":"2021-03-15T17:01:42","modified_gmt":"2021-03-15T16:01:42","slug":"haftungsausschluss","status":"publish","type":"page","link":"https:\/\/www.andersonmacgyver.com\/de\/haftungsausschluss\/","title":{"rendered":"Haftungsausschluss"},"content":{"rendered":"\n<h2 class=\"wp-block-heading\">Haftungsausschluss<\/h2>\n\n\n\n<p>Alle kommunizierten Inhalte wurden mit gr\u00f6\u00dfter Sorgfalt erstellt. Dies gilt f\u00fcr die Website, den E-Mail-Newsletter, Whitepapers, Kundenf\u00e4lle und jede andere Kommunikation, die auf unserer Website zu finden ist. Bitte denken Sie aber daran, dass wir auch nur Menschen sind und daher nicht garantieren k\u00f6nnen, dass alle Informationen vollst\u00e4ndig, richtig und aktuell sind. Wir haften nicht f\u00fcr direkte oder indirekte Sch\u00e4den, die durch die Nutzung der Informationen auf unserer Website oder anderer von uns erstellter Inhalte entstehen.<\/p>\n\n\n\n<p>Der Inhalt dieser Website ist urheberrechtlich gesch\u00fctzt. Der Inhalt ist nur f\u00fcr den Adressaten oder den Besucher der Website bestimmt. Sie k\u00f6nnen unsere Inhalte gerne kopieren oder verwenden, sollten aber so freundlich sein, uns dabei als Quelle zu nennen. Und lassen Sie es uns gerne wissen, wir sind n\u00e4mlich stolz darauf, dass unsere Inhalte f\u00fcr Sie wertvoll sind.<\/p>\n\n\n\n<ol class=\"wp-block-list\" type=\"1\"><li>Unter diesem Haftungsausschluss versteht sich Folgendes:<\/li><li>Die Website: jede Website, auf der der Herausgeber einen Hyperlink platziert, der auf diesen Haftungsausschluss verweist, um ihn f\u00fcr diese spezifische Website anwendbar zu machen;<\/li><li>Der Herausgeber: der autorisierte Herausgeber der Website;<\/li><li>Zu bedienen: u.a. laden, einloggen, erkunden, konsultieren, lesen, untersuchen, anh\u00f6ren, bearbeiten, ausf\u00fcllen, senden, kopieren, speichern, weiterleiten, verbreiten, angebotene Dienste nutzen, Rechtshandlungen ausf\u00fchren (z.B. kaufen, mieten);<\/li><li>Sie: die (vertretene) Privatperson oder juristische Person, die die Website nutzt;<\/li><li>Der Inhalt: unter anderem Texte, statische oder dynamische Bilder, Hyperlinks, Ton- und\/oder Videoclips oder Fragmente und\/oder andere Objekte;<\/li><li>Schaden: Direkter oder indirekter Schaden jeglicher Art, d.h. Verlust von Daten, Gesch\u00e4ft, erwirtschaftete Ertr\u00e4ge, Gewinn oder sonstigem wirtschaftlichen Nachteil.<\/li><li>F\u00fcr die Website gelten alle Artikel dieses Haftungsausschlusses. Durch die Nutzung der Website erkl\u00e4ren Sie sich mit diesem Haftungsausschluss vorbehaltlos einverstanden.<\/li><li>Der Herausgeber ist bestrebt, die Website regelm\u00e4\u00dfig zu aktualisieren und\/oder Informationen hinzuzuf\u00fcgen. Trotz dieser Sorgfalt und Aufmerksamkeit ist es m\u00f6glich, dass der Inhalt unvollst\u00e4ndig und\/oder fehlerhaft ist.<\/li><li>Der Herausgeber stellt die Inhalte der Website UNVER\u00c4NDERT zur Verf\u00fcgung, ohne jegliche Gew\u00e4hr f\u00fcr die Tauglichkeit oder Eignung davon f\u00fcr einen bestimmten Zweck. Der Inhalt ist experimentell und nur f\u00fcr den privaten Gebrauch bestimmt.<\/li><li>Der Herausgeber haftet nicht f\u00fcr Sch\u00e4den, die im Zusammenhang mit und\/oder als Folge der Nutzung der Website oder E-Mail oder aufgrund der Unm\u00f6glichkeit der Nutzung der Website entstanden sind oder entstehen k\u00f6nnen.<\/li><li>Der Herausgeber kann die Website jederzeit und ohne vorherige Ank\u00fcndigung \u00e4ndern oder aus dem Internet entfernen. Der Herausgeber haftet nicht f\u00fcr Folgen, die durch die Ver\u00e4nderung oder Entfernung der Website entstehen.<\/li><li>Inhalte, die von Dritten bereitgestellt werden, wurden vom Herausgeber weder ganz noch teilweise unabh\u00e4ngig gepr\u00fcft, getestet, zertifiziert oder beglaubigt, so dass der Herausgeber keine Garantie f\u00fcr deren Inhalte \u00fcbernimmt.<\/li><li>Die unbefugte oder unsachgem\u00e4\u00dfe Nutzung der Website oder des Inhalts davon kann zu einer Verletzung der geistigen (Eigentums-)Rechte oder zu einer rechtswidrigen Handlung in Bezug auf Privatsph\u00e4re, Ver\u00f6ffentlichung, Kommunikation und andere Angelegenheiten f\u00fchren. Sie sind eigenst\u00e4ndig f\u00fcr alle Daten und Anfragen verantwortlich, die Sie von der Website aus senden.<\/li><li>Der Herausgeber beh\u00e4lt sich das Recht vor, Ihren Zugang zur Website oder zu bestimmten Diensten, die \u00fcber die Website zur Verf\u00fcgung stehen, zu verweigern. Folglich kann der Herausgeber Ihren Zugriff auf die Website \u00fcberwachen.<\/li><li>Sie sch\u00fctzen den Herausgeber, seine Angestellten, Vertreter, Lizenznehmer, Handelspartner und den Autor dieses Haftungsausschlusses vor jeglichen gerichtlichen und au\u00dfergerichtlichen Ma\u00dfnahmen, Verurteilungen usw., einschlie\u00dflich vor den Kosten f\u00fcr Rechtsbeistand, Wirtschaftspr\u00fcfer usw., die eine direkte oder indirekte Folge Ihrer Nutzung der Website und\/oder Ihrer Verletzung von Gesetzen, Vorschriften oder Rechten Dritter sind.<\/li><\/ol>\n\n\n\r\n\r\n<div class=\"container_marge\"><\/div>\r\n<\/div>\r\r\n<div class=\"block_18\">\r\r\n\t<div class=\"container\">\r\r\n\t\t<div class=\"row\">\r\r\n\t\t\t\r\n\t\t\t\t\r\n\t\t\t\r\n\t\t<\/div>\r\r\n\t<\/div>\r\r\n\t<div class=\"container b18c\">\r\r\n\t\t<div class=\"block_18_slider\">\r\r\n\t\t\t<div class=\"block_18_slide\"><div class=\"row\"><div class=\"col-lg-6\"><a class=\"block_news_type_link\" href=\"https:\/\/www.andersonmacgyver.com\/de\/wissender-artikel\/cio-masterclass-digital-ecosystem-strategies\/\"><figure class=\"figure_hover hoverdef\"><div class=\"block_news_type cover\" style=\"background-image:url(https:\/\/www.andersonmacgyver.com\/wp-content\/uploads\/2025\/04\/Website-Header-blog-1.png);\"><\/div><div class=\"block_news_type_date\">Apr. 2025<\/div><\/figure><\/a><\/div><div class=\"col-lg-6\"><div class=\"table_box\"><div class=\"table_cell\"><div class=\"block_news_type_cat\">Wissender Artikel<\/div><h3 class=\"block_news_type_title\">CIO Masterclass: Digital Ecosystem strategies<\/h3><div class=\"block_news_type_content\">\u201eKennen Sie Ihre Rolle und Ihren Wert im gr\u00f6\u00dferen Ganzen\u201c Moderne Gesch\u00e4ftsecosysteme sind wie digitale Dschungel: komplex, dynamisch und volle&#8230;<\/div><a class=\"block_news_type_link\" href=\"https:\/\/www.andersonmacgyver.com\/de\/wissender-artikel\/cio-masterclass-digital-ecosystem-strategies\/\">Lesen Sie weiter <i class=\"fas fa-arrow-right\"><\/i><\/a><\/div><\/div><\/div><\/div><\/div><div class=\"block_18_slide\"><div class=\"row\"><div class=\"col-lg-6\"><a class=\"block_news_type_link\" href=\"https:\/\/www.andersonmacgyver.com\/de\/interview-de\/digitaler-handel-bei-postnl-aufbau-kundenorientierter-richtiger-faehigkeiten\/\"><figure class=\"figure_hover hoverdef\"><div class=\"block_news_type cover\" style=\"background-image:url(https:\/\/www.andersonmacgyver.com\/wp-content\/uploads\/2023\/01\/david-en-jeroen.png);\"><\/div><div class=\"block_news_type_date\">Jan. 2023<\/div><\/figure><\/a><\/div><div class=\"col-lg-6\"><div class=\"table_box\"><div class=\"table_cell\"><div class=\"block_news_type_cat\">Interviews<\/div><h3 class=\"block_news_type_title\">Digitaler Handel bei Post NL: Aufbau\u00a0kundenzentrierter Kompetenzen\u200b<\/h3><div class=\"block_news_type_content\">Um ihrem Anspruch als &#8222;bevorzugte Postgesellschaft&#8220; gerecht zu werden, arbeitet PostNL daran, den Kontakt zu ihren Kunden zu verbessern. D&#8230;<\/div><a class=\"block_news_type_link\" href=\"https:\/\/www.andersonmacgyver.com\/de\/interview-de\/digitaler-handel-bei-postnl-aufbau-kundenorientierter-richtiger-faehigkeiten\/\">Lesen Sie weiter <i class=\"fas fa-arrow-right\"><\/i><\/a><\/div><\/div><\/div><\/div><\/div><div class=\"block_18_slide\"><div class=\"row\"><div class=\"col-lg-6\"><a class=\"block_news_type_link\" href=\"https:\/\/www.andersonmacgyver.com\/de\/wissender-artikel\/daten-und-technologiegestuetztes-kundenengagement-in-grossemmassstab\/\"><figure class=\"figure_hover hoverdef\"><div class=\"block_news_type cover\" style=\"background-image:url(https:\/\/www.andersonmacgyver.com\/wp-content\/uploads\/2023\/01\/IMG_1132-2-1880x1058.jpg);\"><\/div><div class=\"block_news_type_date\">Dez. 2022<\/div><\/figure><\/a><\/div><div class=\"col-lg-6\"><div class=\"table_box\"><div class=\"table_cell\"><div class=\"block_news_type_cat\">Wissender Artikel<\/div><h3 class=\"block_news_type_title\">Kundenbindung im gro\u00dfen Stil durch\u00a0Daten und Technologie\u200b<\/h3><div class=\"block_news_type_content\">Der Einzel- und der Gro\u00dfhandel haben sich in den letzten Jahren darstisch ver\u00e4ndert. Wie viele andere Branchen entdecken auch die Einzelhandelsunter&#8230;<\/div><a class=\"block_news_type_link\" href=\"https:\/\/www.andersonmacgyver.com\/de\/wissender-artikel\/daten-und-technologiegestuetztes-kundenengagement-in-grossemmassstab\/\">Lesen Sie weiter <i class=\"fas fa-arrow-right\"><\/i><\/a><\/div><\/div><\/div><\/div><\/div><div class=\"block_18_slide\"><div class=\"row\"><div class=\"col-lg-6\"><a class=\"block_news_type_link\" href=\"https:\/\/www.andersonmacgyver.com\/de\/interview-de\/digitalisierung-der-geschaeftsablaeufe-an-der-universitaet-leiden\/\"><figure class=\"figure_hover hoverdef\"><div class=\"block_news_type cover\" style=\"background-image:url(https:\/\/www.andersonmacgyver.com\/wp-content\/uploads\/2022\/09\/Wijngaard-achtegrond.png);\"><\/div><div class=\"block_news_type_date\">Nov. 2022<\/div><\/figure><\/a><\/div><div class=\"col-lg-6\"><div class=\"table_box\"><div class=\"table_cell\"><div class=\"block_news_type_cat\">Interviews<\/div><h3 class=\"block_news_type_title\">Digitalisierung der Gesch\u00e4ftsprozesse an\u00a0der Universit\u00e4t Leiden\u200b<\/h3><div class=\"block_news_type_content\">Dank des technologischen Fortschritts kann personalisierte Bildung &#8222;jederzeit, an jedem Ort, auf jedem Weg und in jedem Raum&#8220; genossen wer&#8230;<\/div><a class=\"block_news_type_link\" href=\"https:\/\/www.andersonmacgyver.com\/de\/interview-de\/digitalisierung-der-geschaeftsablaeufe-an-der-universitaet-leiden\/\">Lesen Sie weiter <i class=\"fas fa-arrow-right\"><\/i><\/a><\/div><\/div><\/div><\/div><\/div>\r\n\t\t<\/div>\r\r\n\t<\/div>\r\r\n<\/div>\r\r\n<div class=\"container\">\r\r\n\n\n\r\n\r\n<div class=\"container_marge\"><\/div>\r\n<div class=\"block_17\">\r\n\r\n\t<div class=\"container p-0\">\r\n\r\n\t\t<div class=\"row\">\r\n\r\n\t\t\t\r\n\t\t\t\t\r\n\t\t\t\r\n\t\t<\/div>\r\n\r\n\t\t<div class=\"d-none d-xl-block\">\r\n\r\n\t\t\t<div class=\"row\">\r\n\r\n\t\t\t\t<div class=\"col-lg-6 col_marge_set\"><div class=\"\" data-aos=\"fade-up\" data-aos-once=\"true\"><a class=\"block_news_link\" href=https:\/\/www.andersonmacgyver.com\/de\/wissender-artikel\/cio-masterclass-digital-ecosystem-strategies\/\"><figure class=\"figure_hover hoverdef\"><div class=\"block_news cover\" style=\"background-image:url(https:\/\/www.andersonmacgyver.com\/wp-content\/uploads\/2025\/04\/Website-Header-blog-1.png);\"><\/div><div class=\"block_news_inner\"><div class=\"row\"><div class=\"col-10\"><h3 class=\"block_news_title\">CIO Masterclass: Digital Ecosystem strategies<\/h3><\/div><div class=\"col-2 text-right my-auto\"><i class=\"fas fa-arrow-right\"><\/i><\/div><\/div><\/div><\/figure><\/a><\/div><\/div><div class=\"col-lg-6 col_marge_set\"><div class=\"\" data-aos=\"fade-up\" data-aos-once=\"true\"><a class=\"block_news_link\" href=https:\/\/www.andersonmacgyver.com\/de\/case\/globale-crm-implementierung-fur-eine-360-kundensicht-bei-scania\/\"><figure class=\"figure_hover hoverdef\"><div class=\"block_news cover\" style=\"background-image:url(https:\/\/www.andersonmacgyver.com\/wp-content\/uploads\/2023\/11\/Scania.jpg);\"><\/div><div class=\"block_news_inner\"><div class=\"row\"><div class=\"col-10\"><h3 class=\"block_news_title\">Globale CRM-Implementierung f\u00fcr eine 360\u00b0-Kundensicht bei Scania<\/h3><\/div><div class=\"col-2 text-right my-auto\"><i class=\"fas fa-arrow-right\"><\/i><\/div><\/div><\/div><\/figure><\/a><\/div><\/div>\r\n\t\t\t<\/div>\r\n\r\n\t\t<\/div>\r\n\r\n\t\t<div class=\"d-block d-xl-none\">\r\n\r\n\t\t\t<div class=\"row\">\r\n\r\n\t\t\t\t<div class=\"col-lg-6 mb-4 mb-lg-0\"><div class=\"\"><a data-aos=\"fade-up\" data-aos-once=\"true\" class=\"block_news_link\" href=https:\/\/www.andersonmacgyver.com\/de\/wissender-artikel\/cio-masterclass-digital-ecosystem-strategies\/\"><figure class=\"figure_hover\"><div class=\"block_news cover\" style=\"background-image:url(https:\/\/www.andersonmacgyver.com\/wp-content\/uploads\/2025\/04\/Website-Header-blog-1.png);\"><\/div><\/figure><div class=\"block_news_inner block_news_innerafter\"><h3 class=\"block_news_title\">CIO Masterclass: Digital Ecosystem strategies<\/h3><\/div><\/a><\/div><\/div><div class=\"col-lg-6 mb-4 mb-lg-0\"><div class=\"\"><a data-aos=\"fade-up\" data-aos-once=\"true\" class=\"block_news_link\" href=https:\/\/www.andersonmacgyver.com\/de\/case\/globale-crm-implementierung-fur-eine-360-kundensicht-bei-scania\/\"><figure class=\"figure_hover\"><div class=\"block_news cover\" style=\"background-image:url(https:\/\/www.andersonmacgyver.com\/wp-content\/uploads\/2023\/11\/Scania.jpg);\"><\/div><\/figure><div class=\"block_news_inner block_news_innerafter\"><h3 class=\"block_news_title\">Globale CRM-Implementierung f\u00fcr eine 360\u00b0-Kundensicht bei Scania<\/h3><\/div><\/a><\/div><\/div>\r\n\t\t\t<\/div>\r\n\r\n\t\t<\/div>\r\n\r\n\t<\/div>\r\n\r\n<\/div>\r\n\r\n\n\n\n<p><\/p>\n","protected":false},"excerpt":{"rendered":"<p>Haftungsausschluss Alle kommunizierten Inhalte wurden mit gr\u00f6\u00dfter Sorgfalt erstellt. Dies gilt f\u00fcr die Website, den E-Mail-Newsletter, Whitepapers, Kundenf\u00e4lle und jede andere Kommunikation, die auf unserer Website zu finden ist. Bitte denken Sie aber daran, dass wir auch nur Menschen sind und daher nicht garantieren k\u00f6nnen, dass alle Informationen vollst\u00e4ndig, richtig und aktuell sind. Wir haften [&hellip;]<\/p>\n","protected":false},"author":1,"featured_media":0,"parent":0,"menu_order":100,"comment_status":"closed","ping_status":"closed","template":"","meta":{"_acf_changed":false,"content-type":"","footnotes":""},"class_list":["post-5301","page","type-page","status-publish","hentry"],"acf":[],"yoast_head":"<!-- This site is optimized with the Yoast SEO plugin v27.5 - https:\/\/yoast.com\/product\/yoast-seo-wordpress\/ -->\n<title>Haftungsausschluss - Anderson MacGyver<\/title>\n<meta name=\"robots\" content=\"index, follow, max-snippet:-1, max-image-preview:large, max-video-preview:-1\" \/>\n<link rel=\"canonical\" href=\"https:\/\/www.andersonmacgyver.com\/de\/haftungsausschluss\/\" \/>\n<meta property=\"og:locale\" content=\"de_DE\" \/>\n<meta property=\"og:type\" content=\"article\" \/>\n<meta property=\"og:title\" content=\"Haftungsausschluss - Anderson MacGyver\" \/>\n<meta property=\"og:description\" content=\"Haftungsausschluss Alle kommunizierten Inhalte wurden mit gr\u00f6\u00dfter Sorgfalt erstellt. Dies gilt f\u00fcr die Website, den E-Mail-Newsletter, Whitepapers, Kundenf\u00e4lle und jede andere Kommunikation, die auf unserer Website zu finden ist. Bitte denken Sie aber daran, dass wir auch nur Menschen sind und daher nicht garantieren k\u00f6nnen, dass alle Informationen vollst\u00e4ndig, richtig und aktuell sind. Wir haften [&hellip;]\" \/>\n<meta property=\"og:url\" content=\"https:\/\/www.andersonmacgyver.com\/de\/haftungsausschluss\/\" \/>\n<meta property=\"og:site_name\" content=\"Anderson MacGyver\" \/>\n<meta property=\"article:modified_time\" content=\"2021-03-15T16:01:42+00:00\" \/>\n<meta name=\"twitter:card\" content=\"summary_large_image\" \/>\n<meta name=\"twitter:label1\" content=\"Gesch\u00e4tzte Lesezeit\" \/>\n\t<meta name=\"twitter:data1\" content=\"3\u00a0Minuten\" \/>\n<script type=\"application\/ld+json\" class=\"yoast-schema-graph\">{\"@context\":\"https:\\\/\\\/schema.org\",\"@graph\":[{\"@type\":\"WebPage\",\"@id\":\"https:\\\/\\\/www.andersonmacgyver.com\\\/de\\\/haftungsausschluss\\\/\",\"url\":\"https:\\\/\\\/www.andersonmacgyver.com\\\/de\\\/haftungsausschluss\\\/\",\"name\":\"Haftungsausschluss - Anderson MacGyver\",\"isPartOf\":{\"@id\":\"https:\\\/\\\/www.andersonmacgyver.com\\\/de\\\/#website\"},\"datePublished\":\"2020-08-05T08:52:17+00:00\",\"dateModified\":\"2021-03-15T16:01:42+00:00\",\"inLanguage\":\"de\",\"potentialAction\":[{\"@type\":\"ReadAction\",\"target\":[\"https:\\\/\\\/www.andersonmacgyver.com\\\/de\\\/haftungsausschluss\\\/\"]}]},{\"@type\":\"WebSite\",\"@id\":\"https:\\\/\\\/www.andersonmacgyver.com\\\/de\\\/#website\",\"url\":\"https:\\\/\\\/www.andersonmacgyver.com\\\/de\\\/\",\"name\":\"Anderson MacGyver\",\"description\":\"Organizing Data &amp; Technology\",\"potentialAction\":[{\"@type\":\"SearchAction\",\"target\":{\"@type\":\"EntryPoint\",\"urlTemplate\":\"https:\\\/\\\/www.andersonmacgyver.com\\\/de\\\/?s={search_term_string}\"},\"query-input\":{\"@type\":\"PropertyValueSpecification\",\"valueRequired\":true,\"valueName\":\"search_term_string\"}}],\"inLanguage\":\"de\"}]}<\/script>\n<!-- \/ Yoast SEO plugin. -->","yoast_head_json":{"title":"Haftungsausschluss - Anderson MacGyver","robots":{"index":"index","follow":"follow","max-snippet":"max-snippet:-1","max-image-preview":"max-image-preview:large","max-video-preview":"max-video-preview:-1"},"canonical":"https:\/\/www.andersonmacgyver.com\/de\/haftungsausschluss\/","og_locale":"de_DE","og_type":"article","og_title":"Haftungsausschluss - Anderson MacGyver","og_description":"Haftungsausschluss Alle kommunizierten Inhalte wurden mit gr\u00f6\u00dfter Sorgfalt erstellt. Dies gilt f\u00fcr die Website, den E-Mail-Newsletter, Whitepapers, Kundenf\u00e4lle und jede andere Kommunikation, die auf unserer Website zu finden ist. Bitte denken Sie aber daran, dass wir auch nur Menschen sind und daher nicht garantieren k\u00f6nnen, dass alle Informationen vollst\u00e4ndig, richtig und aktuell sind. Wir haften [&hellip;]","og_url":"https:\/\/www.andersonmacgyver.com\/de\/haftungsausschluss\/","og_site_name":"Anderson MacGyver","article_modified_time":"2021-03-15T16:01:42+00:00","twitter_card":"summary_large_image","twitter_misc":{"Gesch\u00e4tzte Lesezeit":"3\u00a0Minuten"},"schema":{"@context":"https:\/\/schema.org","@graph":[{"@type":"WebPage","@id":"https:\/\/www.andersonmacgyver.com\/de\/haftungsausschluss\/","url":"https:\/\/www.andersonmacgyver.com\/de\/haftungsausschluss\/","name":"Haftungsausschluss - Anderson MacGyver","isPartOf":{"@id":"https:\/\/www.andersonmacgyver.com\/de\/#website"},"datePublished":"2020-08-05T08:52:17+00:00","dateModified":"2021-03-15T16:01:42+00:00","inLanguage":"de","potentialAction":[{"@type":"ReadAction","target":["https:\/\/www.andersonmacgyver.com\/de\/haftungsausschluss\/"]}]},{"@type":"WebSite","@id":"https:\/\/www.andersonmacgyver.com\/de\/#website","url":"https:\/\/www.andersonmacgyver.com\/de\/","name":"Anderson MacGyver","description":"Organizing Data &amp; Technology","potentialAction":[{"@type":"SearchAction","target":{"@type":"EntryPoint","urlTemplate":"https:\/\/www.andersonmacgyver.com\/de\/?s={search_term_string}"},"query-input":{"@type":"PropertyValueSpecification","valueRequired":true,"valueName":"search_term_string"}}],"inLanguage":"de"}]}},"_links":{"self":[{"href":"https:\/\/www.andersonmacgyver.com\/de\/wp-json\/wp\/v2\/pages\/5301","targetHints":{"allow":["GET"]}}],"collection":[{"href":"https:\/\/www.andersonmacgyver.com\/de\/wp-json\/wp\/v2\/pages"}],"about":[{"href":"https:\/\/www.andersonmacgyver.com\/de\/wp-json\/wp\/v2\/types\/page"}],"author":[{"embeddable":true,"href":"https:\/\/www.andersonmacgyver.com\/de\/wp-json\/wp\/v2\/users\/1"}],"replies":[{"embeddable":true,"href":"https:\/\/www.andersonmacgyver.com\/de\/wp-json\/wp\/v2\/comments?post=5301"}],"version-history":[{"count":2,"href":"https:\/\/www.andersonmacgyver.com\/de\/wp-json\/wp\/v2\/pages\/5301\/revisions"}],"predecessor-version":[{"id":5304,"href":"https:\/\/www.andersonmacgyver.com\/de\/wp-json\/wp\/v2\/pages\/5301\/revisions\/5304"}],"wp:attachment":[{"href":"https:\/\/www.andersonmacgyver.com\/de\/wp-json\/wp\/v2\/media?parent=5301"}],"curies":[{"name":"wp","href":"https:\/\/api.w.org\/{rel}","templated":true}]}}