{"id":5214,"date":"2021-03-15T05:25:59","date_gmt":"2021-03-15T04:25:59","guid":{"rendered":"https:\/\/www.andersonmacgyver.com\/?page_id=5214"},"modified":"2021-07-23T10:16:22","modified_gmt":"2021-07-23T08:16:22","slug":"multimodaler-organisationen","status":"publish","type":"page","link":"https:\/\/www.andersonmacgyver.com\/de\/multimodaler-organisationen\/","title":{"rendered":"Multimodale Organisationen"},"content":{"rendered":"\r\n\r\n<div class=\"container_marge\"><\/div>\r\n<div class=\"block_16 disable_border\">\r\r\n\t<div class=\"container p-0\">\r\r\n\t\t<div class=\"row\">\r\r\n\t\t\t<div class=\"col-xl-8 col_marge_1200\">\r\r\n\t\t\t\t<div class=\"block_16_left\">\r\r\n\t\t\t\t\t\r\n\t\t\t\t\t\r\n\t\t\t\t\t\t<div class=\"block_content\"><p><strong>Eine digitale Strategie zielt stets auf die gesamte Organisation. F\u00fcr ihre erfolgreiche Umsetzung entscheidend ist, ein Gef\u00fchl f\u00fcr das gro\u00dfe Ganze zu bekommen und die M\u00f6glichkeiten zur Unterst\u00fctzung Ihrer gesch\u00e4ftlichen Aktivit\u00e4ten durch neue, digitale Technologien und eine auf Ihre Business-Ziele ausgerichtete IT-Organisation zu erkennen. <\/strong><\/p>\n<p><strong>Unser multimodaler Ansatz erlaubt einen genauen Blick: 1. auf das Zusammenspiel zwischen Ihrer gesch\u00e4ftlichen Organisation und Ihren Businesszielen und 2. dem durch den Einsatz moderner Technologien und einer darauf ausgerichteten IT-Organisation erzielbaren Mehrwert. So l\u00e4sst sich f\u00fcr Sie kurzfristig absch\u00e4tzen, welches Potenzial Sie mit einer digitalen Neuausrichtung auf beiden Seiten heben k\u00f6nnen.<\/strong><\/p>\n<p><strong>Der geschulte Blick auf die gesch\u00e4ftlichen Aktivit\u00e4ten offenbart den Charakter einer Organisation. Um verborgene Potenziale zu heben und neue, zielf\u00fchrende, dem Unternehmenserfolg dienliche Strukturen anzulegen, sind das bestehende Gesch\u00e4ftsmodell sowie alle Gesch\u00e4ftsaktivit\u00e4ten sehr genau zu betrachten und zu bewerten. Zu pr\u00fcfen ist, welche davon Ihren Kunden Mehrwerte generieren und welche allein dem Zweck dienen, organisationsinterne Prozesse und Abl\u00e4ufe am Laufen zu halten. Diese Betrachtung vermittelt nicht allein ein tiefgreifendes Verst\u00e4ndnis f\u00fcr Zusammenh\u00e4nge und Auswirkungen, sondern unterst\u00fctzt Sie auch bei der Suche nach der f\u00fcr Ihre Organisation besten L\u00f6sung in Bezug auf Administration, Arbeitsweise, Management sowie der notwendigen Technologien und IT-Services.<\/strong><\/p>\n<h2>Stellen Sie sich agil und flexibel auf<\/h2>\n<p>Es erfordert ein besonderes Ma\u00df an Flexibilit\u00e4t, die Digitalisierung im Unternehmen erfolgreich voranzutreiben und zeitgleich den Anschluss im Markt zu halten. Wissen und Kenntnisse \u00fcber Produkte und Dienstleistungen, Gesch\u00e4ftsprozesse, Daten und IT sind in eine intelligente und gleichsam realisierbare Organisationsform zu integrieren. Das erfordert weitreichende Kenntnisse \u00fcber die M\u00f6glichkeiten und den Einsatz von IT sowie die Gewinnung und Nutzung von Daten. Innovationen sind gefragt und eine besondere Herangehensweise. Anderson MacGyver entwirft und implementiert digitale Organisationen auf Basis eines multimodalen Ansatzes, bei dem Gesch\u00e4ftst\u00e4tigkeiten kategorisiert und entsprechend Ihrer Unternehmenskultur und F\u00fchrungsstrukturen ber\u00fccksichtigt und zugeordnet werden.<\/p>\n<h2>Erkennen Sie gemeinsam mit uns Ihre Herausforderungen<\/h2>\n<p>Der Aufbau einer multimodalen gesch\u00e4ftstechnologischen Organisation beginnt damit, dass Sie erkennen, welche Herausforderungen zu bew\u00e4ltigen sind und warum Ver\u00e4nderung wichtig ist. Anderson MacGyver verf\u00fcgt \u00fcber praxiserprobte Instrumente und das Know-how, den Ist-Zustand Ihrer Organisation zu ermitteln und Ihnen eine Vorstellung von deren Potenzial zu entwerfen sowie Wege aufzuzeigen, wie sich dieses Potenzial heben und aktivieren l\u00e4sst. Wir unterst\u00fctzen Sie dabei, Ziele zu entwerfen und Prinzipien zu etablieren, die es m\u00f6glichen machen, ein hochrangiges Organisationsdesign zu entwerfen und zu validieren. Wir gehen auf kleinste Details ein und schaffen damit die Voraussetzung f\u00fcr einen erfolgreichen \u00dcbergang Ihres Unternehmens in eine multimodale Organisation.<\/p>\n<h2>Bewerten Sie Ihr Unternehmen und Ihre Organisation neu<\/h2>\n<p>Bei dieser Gelegenheit: Wir bewerten die Effektivit\u00e4t Ihrer IT-Organisation. Nachdem wir eine Grundlage festgelegt und identifiziert haben, welche Kontrollmechanismen vorhanden sein sollten, betrachten wir die relevanten Bewertungsbereiche wie Verwaltungsdesign, Unternehmensgr\u00f6\u00dfe und -f\u00fchrung, Organisations- und Prozessdesigns. Wir ermitteln Zusammenh\u00e4nge zwischen Ursache und Wirkung, stellen unsere Schlussfolgerungen in einem Bericht zusammen und liefern Ihrem IT-Team wertvolle und zielf\u00fchrende Empfehlungen.<\/p>\n<h2>Gestalten Sie Ihre Lieferanten- und Partnerbeziehungen erfolgreich<\/h2>\n<p>Nicht zuletzt, wer \u00fcber den Kauf oder die Entwicklung von IT-Dienstleistungen und -Produkten nachdenkt, sollte sich auf die eigene Steuerung und die seiner Anbieter konzentrieren. Der Ausgangspunkt hier ist die Bestimmung Ihrer gesch\u00e4ftlichen Aktivit\u00e4ten und Prozesse, die unterst\u00fctzt werden sollen. Die richtige IT-L\u00f6sung und IT-Partnerschaft, eine optimale Mischung aus Vertrag und Beziehung, folgt in wenigen logischen n\u00e4chsten Schritten automatisch. Durch unser schrittweises Vorgehen w\u00e4hlen wir schlie\u00dflich den richtigen Ansatz f\u00fcr jede Ihrer gesch\u00e4ftlichen Aktivit\u00e4ten.<\/p>\n<\/div>\r\r\n\t\t\t\t\t\r\n\t\t\t\t<\/div>\r\r\n\t\t\t<\/div>\r\r\n\t\t\t<div class=\"col-xl-4\">\r\r\n\t\t\t\t\r\n\t\t\t\t\r\n\t\t\t\t\r\n\t\t\t\t\r\n\t\t\t\t\r\n\t\t\t\t<div class=\"sidebar_related\"><h2>Kontaktieren Sie uns<\/h2><div class=\"job_contact sidebar_contact post_contact\"><div class=\"row\"><div class=\"col-4\"><div class=\"job_contact_img sidebar_contact cover\" style=\"background-image:url(https:\/\/www.andersonmacgyver.com\/wp-content\/uploads\/2020\/10\/edwin.jpg);\"><div class=\"job_contact_img_hook\"><\/div><\/div><\/div><div class=\"col-8 my-auto\"><div class=\"job_contact_content\"><div class=\"job_contact_title\">Nehmen Sie Kontakt auf!<\/div><a href=\"https:\/\/www.andersonmacgyver.com\/de\/team\/edwin-wieringa\/\" class=\"job_contact_name\">Edwin Wieringa<\/a><div class=\"job_contact_function\">Management Consultant<\/div><a href=\"mailto:edwin.wieringa@andersonmacgyver.com\" class=\"job_contact_mail\">edwin.wieringa@andersonmacgyver.com<\/a><a href=\"tel:0031613238109\" class=\"job_contact_phone\">+31 6 1323 8109<\/a><\/div><\/div><\/div><\/div><\/div><div class=\"sidebar_related\"><h2>Verwandte Beitr\u00e4ge<\/h2><div class=\"row\"><div class=\"col-lg-6\"><div class=\"related_img cover\" style=\"background-image:url(https:\/\/www.andersonmacgyver.com\/wp-content\/uploads\/2015\/11\/amg_article_operating-model-canvas_@2x.jpg);\"><\/div><\/div><div class=\"col-lg-6\"><div class=\"table_box\"><div class=\"table_cell\"><h4>Whitepaper<\/h4><h3>Operating Model Canvas: Ein Bild sagt mehr als tausend Worte<\/h3><a href=\"https:\/\/www.andersonmacgyver.com\/de\/whitepaper\/operating-model-canvas-ein-bild-sagt-mehr-als-tausend-worte\/\">Lesen Sie weiter <i class=\"fas fa-arrow-right\"><\/i><\/a><\/div><\/div><\/div><\/div><div class=\"row\"><div class=\"col-lg-6\"><div class=\"related_img cover\" style=\"background-image:url(https:\/\/www.andersonmacgyver.com\/wp-content\/uploads\/2020\/06\/Whitepaper-Article-Organizing-Data-and-Technology-2023.png);\"><\/div><\/div><div class=\"col-lg-6\"><div class=\"table_box\"><div class=\"table_cell\"><h4>Whitepaper<\/h4><h3>Organisieren von Daten und Technologie: Definition der multimodalen Organisation<\/h3><a href=\"https:\/\/www.andersonmacgyver.com\/de\/whitepaper\/organisieren-von-daten-und-technologie-definition-der-multimodalen-organisation\/\">Lesen Sie weiter <i class=\"fas fa-arrow-right\"><\/i><\/a><\/div><\/div><\/div><\/div><\/div>\r\n\t\t\t<\/div>\r\r\n\t\t<\/div>\r\r\n\t<\/div>\r\r\n<\/div>\r\r\n\r\n","protected":false},"excerpt":{"rendered":"","protected":false},"author":1,"featured_media":4275,"parent":0,"menu_order":10,"comment_status":"closed","ping_status":"closed","template":"","meta":{"_acf_changed":false,"content-type":"","footnotes":""},"class_list":["post-5214","page","type-page","status-publish","has-post-thumbnail","hentry"],"acf":[],"yoast_head":"<!-- This site is optimized with the Yoast SEO plugin v27.4 - https:\/\/yoast.com\/product\/yoast-seo-wordpress\/ -->\n<title>How to create a multmodal organization | Anderson MacGyver<\/title>\n<meta name=\"description\" content=\"Wir entwerfen, klassieren und leiten die Implementierung hochleistungsf\u00e4higer multimodaler Organisationen f\u00fcr Kunden.\" \/>\n<meta name=\"robots\" content=\"index, follow, max-snippet:-1, max-image-preview:large, max-video-preview:-1\" \/>\n<link rel=\"canonical\" href=\"https:\/\/www.andersonmacgyver.com\/de\/multimodaler-organisationen\/\" \/>\n<meta property=\"og:locale\" content=\"de_DE\" \/>\n<meta property=\"og:type\" content=\"article\" \/>\n<meta property=\"og:title\" content=\"How to create a multmodal organization | Anderson MacGyver\" \/>\n<meta property=\"og:description\" content=\"Wir entwerfen, klassieren und leiten die Implementierung hochleistungsf\u00e4higer multimodaler Organisationen f\u00fcr Kunden.\" \/>\n<meta property=\"og:url\" content=\"https:\/\/www.andersonmacgyver.com\/de\/multimodaler-organisationen\/\" \/>\n<meta property=\"og:site_name\" content=\"Anderson MacGyver\" \/>\n<meta property=\"article:modified_time\" content=\"2021-07-23T08:16:22+00:00\" \/>\n<meta property=\"og:image\" content=\"https:\/\/www.andersonmacgyver.com\/wp-content\/uploads\/2020\/12\/amg_hero_digital-organization.png\" \/>\n\t<meta property=\"og:image:width\" content=\"1220\" \/>\n\t<meta property=\"og:image:height\" content=\"434\" \/>\n\t<meta property=\"og:image:type\" content=\"image\/png\" \/>\n<meta name=\"twitter:card\" content=\"summary_large_image\" \/>\n<script type=\"application\/ld+json\" class=\"yoast-schema-graph\">{\"@context\":\"https:\\\/\\\/schema.org\",\"@graph\":[{\"@type\":\"WebPage\",\"@id\":\"https:\\\/\\\/www.andersonmacgyver.com\\\/de\\\/multimodaler-organisationen\\\/\",\"url\":\"https:\\\/\\\/www.andersonmacgyver.com\\\/de\\\/multimodaler-organisationen\\\/\",\"name\":\"How to create a multmodal organization | Anderson MacGyver\",\"isPartOf\":{\"@id\":\"https:\\\/\\\/www.andersonmacgyver.com\\\/de\\\/#website\"},\"primaryImageOfPage\":{\"@id\":\"https:\\\/\\\/www.andersonmacgyver.com\\\/de\\\/multimodaler-organisationen\\\/#primaryimage\"},\"image\":{\"@id\":\"https:\\\/\\\/www.andersonmacgyver.com\\\/de\\\/multimodaler-organisationen\\\/#primaryimage\"},\"thumbnailUrl\":\"https:\\\/\\\/www.andersonmacgyver.com\\\/wp-content\\\/uploads\\\/2020\\\/12\\\/amg_hero_digital-organization.png\",\"datePublished\":\"2021-03-15T04:25:59+00:00\",\"dateModified\":\"2021-07-23T08:16:22+00:00\",\"description\":\"Wir entwerfen, klassieren und leiten die Implementierung hochleistungsf\u00e4higer multimodaler Organisationen f\u00fcr Kunden.\",\"inLanguage\":\"de\",\"potentialAction\":[{\"@type\":\"ReadAction\",\"target\":[\"https:\\\/\\\/www.andersonmacgyver.com\\\/de\\\/multimodaler-organisationen\\\/\"]}]},{\"@type\":\"ImageObject\",\"inLanguage\":\"de\",\"@id\":\"https:\\\/\\\/www.andersonmacgyver.com\\\/de\\\/multimodaler-organisationen\\\/#primaryimage\",\"url\":\"https:\\\/\\\/www.andersonmacgyver.com\\\/wp-content\\\/uploads\\\/2020\\\/12\\\/amg_hero_digital-organization.png\",\"contentUrl\":\"https:\\\/\\\/www.andersonmacgyver.com\\\/wp-content\\\/uploads\\\/2020\\\/12\\\/amg_hero_digital-organization.png\",\"width\":1220,\"height\":434,\"caption\":\"Multimodal organizations\"},{\"@type\":\"WebSite\",\"@id\":\"https:\\\/\\\/www.andersonmacgyver.com\\\/de\\\/#website\",\"url\":\"https:\\\/\\\/www.andersonmacgyver.com\\\/de\\\/\",\"name\":\"Anderson MacGyver\",\"description\":\"Organizing Data &amp; Technology\",\"potentialAction\":[{\"@type\":\"SearchAction\",\"target\":{\"@type\":\"EntryPoint\",\"urlTemplate\":\"https:\\\/\\\/www.andersonmacgyver.com\\\/de\\\/?s={search_term_string}\"},\"query-input\":{\"@type\":\"PropertyValueSpecification\",\"valueRequired\":true,\"valueName\":\"search_term_string\"}}],\"inLanguage\":\"de\"}]}<\/script>\n<!-- \/ Yoast SEO plugin. -->","yoast_head_json":{"title":"How to create a multmodal organization | Anderson MacGyver","description":"Wir entwerfen, klassieren und leiten die Implementierung hochleistungsf\u00e4higer multimodaler Organisationen f\u00fcr Kunden.","robots":{"index":"index","follow":"follow","max-snippet":"max-snippet:-1","max-image-preview":"max-image-preview:large","max-video-preview":"max-video-preview:-1"},"canonical":"https:\/\/www.andersonmacgyver.com\/de\/multimodaler-organisationen\/","og_locale":"de_DE","og_type":"article","og_title":"How to create a multmodal organization | Anderson MacGyver","og_description":"Wir entwerfen, klassieren und leiten die Implementierung hochleistungsf\u00e4higer multimodaler Organisationen f\u00fcr Kunden.","og_url":"https:\/\/www.andersonmacgyver.com\/de\/multimodaler-organisationen\/","og_site_name":"Anderson MacGyver","article_modified_time":"2021-07-23T08:16:22+00:00","og_image":[{"width":1220,"height":434,"url":"https:\/\/www.andersonmacgyver.com\/wp-content\/uploads\/2020\/12\/amg_hero_digital-organization.png","type":"image\/png"}],"twitter_card":"summary_large_image","schema":{"@context":"https:\/\/schema.org","@graph":[{"@type":"WebPage","@id":"https:\/\/www.andersonmacgyver.com\/de\/multimodaler-organisationen\/","url":"https:\/\/www.andersonmacgyver.com\/de\/multimodaler-organisationen\/","name":"How to create a multmodal organization | Anderson MacGyver","isPartOf":{"@id":"https:\/\/www.andersonmacgyver.com\/de\/#website"},"primaryImageOfPage":{"@id":"https:\/\/www.andersonmacgyver.com\/de\/multimodaler-organisationen\/#primaryimage"},"image":{"@id":"https:\/\/www.andersonmacgyver.com\/de\/multimodaler-organisationen\/#primaryimage"},"thumbnailUrl":"https:\/\/www.andersonmacgyver.com\/wp-content\/uploads\/2020\/12\/amg_hero_digital-organization.png","datePublished":"2021-03-15T04:25:59+00:00","dateModified":"2021-07-23T08:16:22+00:00","description":"Wir entwerfen, klassieren und leiten die Implementierung hochleistungsf\u00e4higer multimodaler Organisationen f\u00fcr Kunden.","inLanguage":"de","potentialAction":[{"@type":"ReadAction","target":["https:\/\/www.andersonmacgyver.com\/de\/multimodaler-organisationen\/"]}]},{"@type":"ImageObject","inLanguage":"de","@id":"https:\/\/www.andersonmacgyver.com\/de\/multimodaler-organisationen\/#primaryimage","url":"https:\/\/www.andersonmacgyver.com\/wp-content\/uploads\/2020\/12\/amg_hero_digital-organization.png","contentUrl":"https:\/\/www.andersonmacgyver.com\/wp-content\/uploads\/2020\/12\/amg_hero_digital-organization.png","width":1220,"height":434,"caption":"Multimodal organizations"},{"@type":"WebSite","@id":"https:\/\/www.andersonmacgyver.com\/de\/#website","url":"https:\/\/www.andersonmacgyver.com\/de\/","name":"Anderson MacGyver","description":"Organizing Data &amp; Technology","potentialAction":[{"@type":"SearchAction","target":{"@type":"EntryPoint","urlTemplate":"https:\/\/www.andersonmacgyver.com\/de\/?s={search_term_string}"},"query-input":{"@type":"PropertyValueSpecification","valueRequired":true,"valueName":"search_term_string"}}],"inLanguage":"de"}]}},"_links":{"self":[{"href":"https:\/\/www.andersonmacgyver.com\/de\/wp-json\/wp\/v2\/pages\/5214","targetHints":{"allow":["GET"]}}],"collection":[{"href":"https:\/\/www.andersonmacgyver.com\/de\/wp-json\/wp\/v2\/pages"}],"about":[{"href":"https:\/\/www.andersonmacgyver.com\/de\/wp-json\/wp\/v2\/types\/page"}],"author":[{"embeddable":true,"href":"https:\/\/www.andersonmacgyver.com\/de\/wp-json\/wp\/v2\/users\/1"}],"replies":[{"embeddable":true,"href":"https:\/\/www.andersonmacgyver.com\/de\/wp-json\/wp\/v2\/comments?post=5214"}],"version-history":[{"count":10,"href":"https:\/\/www.andersonmacgyver.com\/de\/wp-json\/wp\/v2\/pages\/5214\/revisions"}],"predecessor-version":[{"id":6696,"href":"https:\/\/www.andersonmacgyver.com\/de\/wp-json\/wp\/v2\/pages\/5214\/revisions\/6696"}],"wp:featuredmedia":[{"embeddable":true,"href":"https:\/\/www.andersonmacgyver.com\/de\/wp-json\/wp\/v2\/media\/4275"}],"wp:attachment":[{"href":"https:\/\/www.andersonmacgyver.com\/de\/wp-json\/wp\/v2\/media?parent=5214"}],"curies":[{"name":"wp","href":"https:\/\/api.w.org\/{rel}","templated":true}]}}