{"id":5207,"date":"2021-03-15T05:21:47","date_gmt":"2021-03-15T04:21:47","guid":{"rendered":"https:\/\/www.andersonmacgyver.com\/?page_id=5207"},"modified":"2023-02-01T20:50:09","modified_gmt":"2023-02-01T19:50:09","slug":"strategie","status":"publish","type":"page","link":"https:\/\/www.andersonmacgyver.com\/de\/strategie\/","title":{"rendered":"Strategie"},"content":{"rendered":"\r\n\r\n<div class=\"container_marge\"><\/div>\r\n<div class=\"block_16 disable_border\">\r\r\n\t<div class=\"container p-0\">\r\r\n\t\t<div class=\"row\">\r\r\n\t\t\t<div class=\"col-xl-8 col_marge_1200\">\r\r\n\t\t\t\t<div class=\"block_16_left\">\r\r\n\t\t\t\t\t\r\n\t\t\t\t\t\r\n\t\t\t\t\t\t<div class=\"block_content\"><p><strong>Die Digitalisierung aller Lebensbereiche beeinflusst auch die Arbeitsweise von Unternehmen. Daten sind zu einem kostbaren, wirtschaftlich relevanten Gut geworden, die IT-Technologie ist der Schl\u00fcssel zu neuen M\u00e4rkten, zu Unternehmenserfolgen, gr\u00f6\u00dferen Firmenwerten. Einen Beleg f\u00fcr diese These liefert die Wirtschaftspraxis, verdeutlicht durch den Erfolg neugegr\u00fcndeter Firmen, deren Business-Modell auf einem digitalen Fundament fu\u00dft. Das Gesch\u00e4ftsumfeld hat sich nachhaltig ver\u00e4ndert. <\/strong><\/p>\n<p><strong>Die M\u00f6glichkeiten, die das Internet bietet, lassen sich kaum ersch\u00f6pfend darstellen. Online-Aktivit\u00e4ten haben Hochkonjunktur. Die damit einhergehenden Ver\u00e4nderungen stellen etablierte Unternehmen, die sich am Markt behaupten wollen, vor die Frage, wie sie an diesen Entwicklungen partizipieren k\u00f6nnen. Wandel scheint unumg\u00e4nglich, um das n\u00e4chste Erfolgslevel zu erreichen. Erfolgschancen liegen in der digitalen Transformation ihrer Organisation. Sie ist unerl\u00e4sslich, um in einer dynamischen Gesch\u00e4ftsumgebung Schritt zu halten und langfristig im Wettbewerb die Nase vorn zu haben.\u00a0<\/strong><\/p>\n<p><strong>Anderson MacGyver legt Wert auf praktikable L\u00f6sungen. Die Auswirkung Ihrer Unternehmensstrategie auf Ihre Organisation, auf s\u00e4mtliche relevanten Prozesse, Systeme sowie auf Ihre Partner ist sehr genau abzusch\u00e4tzen. Aus diesem Grund verfolgen wir bei der Entwicklung Ihrer digitalen Agenda und der Umsetzung der beschlossenen Strategie ein ganz bestimmtes Konzept.<\/strong><\/p>\n<h2>Setzen Sie Ihre digitale Agenda\u00a0erfolgreich auf<\/h2>\n<p>Wir legen gemeinsam den Aufsatzpunkt f\u00fcr die digitale Transformation Ihrer Organisation fest und entwickeln gemeinsam auf Basis der bestehenden Gesch\u00e4fts- oder digitalen Strategie Ihre zuk\u00fcnftige, digitale Agenda. Auf dem Weg dorthin nehmen wir Ihre Organisation sowie alle Betriebsabl\u00e4ufe und Prozesse genauestens unter die Lupe. Es geht darum, die relevanten Ansatzpunkte und Themen f\u00fcr Ihre digitale Agenda zu identifizieren. Schlie\u00dflich analysieren und validieren wir Ihre Gesch\u00e4ftsrichtlinien und Technologieprinzipien, modellieren Zielszenarien und entwerfen eine digitale Agenda, die exakt zu Ihrem Gesch\u00e4ft und Ihren technologischen Anforderungen passt.<\/p>\n<h2>Behalten Sie alle Daten und technischen M\u00f6glichkeiten\u00a0im Blick<\/h2>\n<p>Bei der Ausarbeitung Ihrer digitalen Agenda stellen wir Ihre Daten und technischen M\u00f6glichkeiten auf den Pr\u00fcfstand und liefern Ihnen eine fundierte Entscheidungsgrundlage. Unser modularer Ansatz erlaubt uns einen dezidierten Blick auf f\u00fcnf optional von Ihnen w\u00e4hlbare Themenbereiche: Strategischer Fit, Technologie, Daten, Kosten, Aufbau und Effizienz Ihrer Organisation. Mit Blick auf die beiden zuletzt genannten Themenbereiche sind wir in der Lage, Aussagen in puncto Technologie- und Datenkosten (Umsatz und Betrieb) und notwendige Organisationsgr\u00f6\u00dfe (mit Blick auf die ad\u00e4quate Steuerung von Nachfrage und Angebot) zu treffen und Ihnen ein konkretes Bild zu vermitteln. Sie sehen und erkennen, was denkbar und m\u00f6glich ist und k\u00f6nnen somit eine gut fundierte Entscheidung treffen.<\/p>\n<h2>Planen Sie Ihre zuk\u00fcnftige System- und Technologielandschaft bedarfsgerecht<\/h2>\n<p>Wir unterst\u00fctzen Sie kompetent und zuverl\u00e4ssig bei der Festlegung und Planung Ihrer zuk\u00fcnftigen System- und Technologielandschaft. Wir besprechen Ihre Erwartungen und planen das weitere Vorgehen. Im Rahmen von Interviews und Workshops bereiten wir Ihre Organisation auf den bevorstehenden digitalen Wandel vor, schaffen so ein kollektives Bewusstsein f\u00fcr die Notwendigkeit der Ver\u00e4nderung. Dann folgt die Entwicklung Ihrer k\u00fcnftigen System- und Technologielandschaft, Ihrer \u201eGo-to-Market\u201c-Strategie, Ihrer Umsetzungs-Roadmap sowie Ihrer eigentlichen Finanzplanung.<\/p>\n<h2>Holen Sie alle betroffenen Parteien richtig ab<\/h2>\n<p>Die Umsetzung Ihrer digitalen Agenda ist eine anspruchsvolle Aufgabe. Wir unterst\u00fctzen Sie mit unserer Erfahrung, Kompetenz und Expertise, um die Weichen auf Erfolg zu stellen. Darauf basiert auch die von uns empfohlene strategische Umsetzung. Nachdem wir uns auf eine Vorgehensweise verst\u00e4ndigt haben, steigen wir ein in die Datenanalyse und f\u00fchren Gespr\u00e4che mit allen involvierten Stakeholdern. Aus den dabei gewonnen Erkenntnisse entwickeln und validieren wir m\u00f6gliche L\u00f6sungsszenarien und stellen ein Programm auf, das den von Ihnen gew\u00fcnschten Ver\u00e4nderungsprozess begr\u00fcndet. Die gemeinsam mit Ihnen beschlossene Marschroute f\u00fcr die Transformation ber\u00fccksichtigt m\u00f6gliche Risiken und Erfolgsfaktoren. Argumentativ bestens vorbereitet geben Sie schlie\u00dflich das Startsignal f\u00fcr Ihre digitale Transformation.<\/p>\n<\/div>\r\r\n\t\t\t\t\t\r\n\t\t\t\t<\/div>\r\r\n\t\t\t<\/div>\r\r\n\t\t\t<div class=\"col-xl-4\">\r\r\n\t\t\t\t\r\n\t\t\t\t\r\n\t\t\t\t\r\n\t\t\t\t\r\n\t\t\t\t\r\n\t\t\t\t<div class=\"sidebar_related\"><h2>Kontaktieren Sie uns<\/h2><div class=\"job_contact sidebar_contact post_contact\"><div class=\"row\"><div class=\"col-4\"><div class=\"job_contact_img sidebar_contact cover\" style=\"background-image:url(https:\/\/www.andersonmacgyver.com\/wp-content\/uploads\/2020\/10\/erik-1.jpg);\"><div class=\"job_contact_img_hook\"><\/div><\/div><\/div><div class=\"col-8 my-auto\"><div class=\"job_contact_content\"><div class=\"job_contact_title\">Nehmen Sie Kontakt auf!<\/div><a href=\"https:\/\/www.andersonmacgyver.com\/de\/team\/erik-vuuregge\/\" class=\"job_contact_name\">Erik Vuuregge<\/a><div class=\"job_contact_function\">Management Consultant<\/div><a href=\"mailto:erik.vuuregge@andersonmacgyver.com\" class=\"job_contact_mail\">erik.vuuregge@andersonmacgyver.com<\/a><a href=\"tel:0031613245302\" class=\"job_contact_phone\">+31 6 132 453 02<\/a><\/div><\/div><\/div><\/div><\/div><div class=\"sidebar_related\"><\/div><div class=\"sidebar_related\"><h2>Verwandte Beitr\u00e4ge<\/h2><div class=\"row\"><div class=\"col-lg-6\"><div class=\"related_img cover\" style=\"background-image:url(https:\/\/www.andersonmacgyver.com\/wp-content\/uploads\/2017\/11\/amg_article_digital-strategy_@2x.jpg);\"><\/div><\/div><div class=\"col-lg-6\"><div class=\"table_box\"><div class=\"table_cell\"><h4>Whitepaper<\/h4><h3>Digitale Strategie: Aufbau der Vision und Reise Ihres Unternehmens<\/h3><a href=\"https:\/\/www.andersonmacgyver.com\/de\/whitepaper\/digitale-strategie-aufbau-der-vision-und-reise-ihres-unternehmens\/\">Lesen Sie weiter <i class=\"fas fa-arrow-right\"><\/i><\/a><\/div><\/div><\/div><\/div><div class=\"row\"><div class=\"col-lg-6\"><div class=\"related_img cover\" style=\"background-image:url(https:\/\/www.andersonmacgyver.com\/wp-content\/uploads\/2020\/11\/amg_article_valueweb_@2x-1.png);\"><\/div><\/div><div class=\"col-lg-6\"><div class=\"table_box\"><div class=\"table_cell\"><h4>Whitepaper<\/h4><h3>ValueWeb: \u00dcber Werte in Netzwerken und \u00d6kosystemen<\/h3><a href=\"https:\/\/www.andersonmacgyver.com\/de\/whitepaper\/valueweb-uber-werte-in-netzwerken-und-okosystemen\/\">Lesen Sie weiter <i class=\"fas fa-arrow-right\"><\/i><\/a><\/div><\/div><\/div><\/div><\/div>\r\n\t\t\t<\/div>\r\r\n\t\t<\/div>\r\r\n\t<\/div>\r\r\n<\/div>\r\r\n\r\n","protected":false},"excerpt":{"rendered":"","protected":false},"author":1,"featured_media":4271,"parent":0,"menu_order":10,"comment_status":"closed","ping_status":"closed","template":"","meta":{"_acf_changed":false,"content-type":"","footnotes":""},"class_list":["post-5207","page","type-page","status-publish","has-post-thumbnail","hentry"],"acf":[],"yoast_head":"<!-- This site is optimized with the Yoast SEO plugin v27.4 - https:\/\/yoast.com\/product\/yoast-seo-wordpress\/ -->\n<title>Strategie: Beratung und Orientierung - Anderson MacGyver<\/title>\n<meta name=\"description\" content=\"Wir bieten strategische Beratung und Orientierung f\u00fcr Vorst\u00e4nde und F\u00fchrungskr\u00e4fte, um ihr digitales Programm zu gestalten.\" \/>\n<meta name=\"robots\" content=\"index, follow, max-snippet:-1, max-image-preview:large, max-video-preview:-1\" \/>\n<link rel=\"canonical\" href=\"https:\/\/www.andersonmacgyver.com\/de\/strategie\/\" \/>\n<meta property=\"og:locale\" content=\"de_DE\" \/>\n<meta property=\"og:type\" content=\"article\" \/>\n<meta property=\"og:title\" content=\"Strategie: Beratung und Orientierung - Anderson MacGyver\" \/>\n<meta property=\"og:description\" content=\"Wir bieten strategische Beratung und Orientierung f\u00fcr Vorst\u00e4nde und F\u00fchrungskr\u00e4fte, um ihr digitales Programm zu gestalten.\" \/>\n<meta property=\"og:url\" content=\"https:\/\/www.andersonmacgyver.com\/de\/strategie\/\" \/>\n<meta property=\"og:site_name\" content=\"Anderson MacGyver\" \/>\n<meta property=\"article:modified_time\" content=\"2023-02-01T19:50:09+00:00\" \/>\n<meta property=\"og:image\" content=\"https:\/\/www.andersonmacgyver.com\/wp-content\/uploads\/2020\/12\/amg_hero_digital-strategy-execution.png\" \/>\n\t<meta property=\"og:image:width\" content=\"1220\" \/>\n\t<meta property=\"og:image:height\" content=\"434\" \/>\n\t<meta property=\"og:image:type\" content=\"image\/png\" \/>\n<meta name=\"twitter:card\" content=\"summary_large_image\" \/>\n<script type=\"application\/ld+json\" class=\"yoast-schema-graph\">{\"@context\":\"https:\\\/\\\/schema.org\",\"@graph\":[{\"@type\":\"WebPage\",\"@id\":\"https:\\\/\\\/www.andersonmacgyver.com\\\/de\\\/strategie\\\/\",\"url\":\"https:\\\/\\\/www.andersonmacgyver.com\\\/de\\\/strategie\\\/\",\"name\":\"Strategie: Beratung und Orientierung - Anderson MacGyver\",\"isPartOf\":{\"@id\":\"https:\\\/\\\/www.andersonmacgyver.com\\\/de\\\/#website\"},\"primaryImageOfPage\":{\"@id\":\"https:\\\/\\\/www.andersonmacgyver.com\\\/de\\\/strategie\\\/#primaryimage\"},\"image\":{\"@id\":\"https:\\\/\\\/www.andersonmacgyver.com\\\/de\\\/strategie\\\/#primaryimage\"},\"thumbnailUrl\":\"https:\\\/\\\/www.andersonmacgyver.com\\\/wp-content\\\/uploads\\\/2020\\\/12\\\/amg_hero_digital-strategy-execution.png\",\"datePublished\":\"2021-03-15T04:21:47+00:00\",\"dateModified\":\"2023-02-01T19:50:09+00:00\",\"description\":\"Wir bieten strategische Beratung und Orientierung f\u00fcr Vorst\u00e4nde und F\u00fchrungskr\u00e4fte, um ihr digitales Programm zu gestalten.\",\"inLanguage\":\"de\",\"potentialAction\":[{\"@type\":\"ReadAction\",\"target\":[\"https:\\\/\\\/www.andersonmacgyver.com\\\/de\\\/strategie\\\/\"]}]},{\"@type\":\"ImageObject\",\"inLanguage\":\"de\",\"@id\":\"https:\\\/\\\/www.andersonmacgyver.com\\\/de\\\/strategie\\\/#primaryimage\",\"url\":\"https:\\\/\\\/www.andersonmacgyver.com\\\/wp-content\\\/uploads\\\/2020\\\/12\\\/amg_hero_digital-strategy-execution.png\",\"contentUrl\":\"https:\\\/\\\/www.andersonmacgyver.com\\\/wp-content\\\/uploads\\\/2020\\\/12\\\/amg_hero_digital-strategy-execution.png\",\"width\":1220,\"height\":434,\"caption\":\"strategy\"},{\"@type\":\"WebSite\",\"@id\":\"https:\\\/\\\/www.andersonmacgyver.com\\\/de\\\/#website\",\"url\":\"https:\\\/\\\/www.andersonmacgyver.com\\\/de\\\/\",\"name\":\"Anderson MacGyver\",\"description\":\"Organizing Data &amp; Technology\",\"potentialAction\":[{\"@type\":\"SearchAction\",\"target\":{\"@type\":\"EntryPoint\",\"urlTemplate\":\"https:\\\/\\\/www.andersonmacgyver.com\\\/de\\\/?s={search_term_string}\"},\"query-input\":{\"@type\":\"PropertyValueSpecification\",\"valueRequired\":true,\"valueName\":\"search_term_string\"}}],\"inLanguage\":\"de\"}]}<\/script>\n<!-- \/ Yoast SEO plugin. -->","yoast_head_json":{"title":"Strategie: Beratung und Orientierung - Anderson MacGyver","description":"Wir bieten strategische Beratung und Orientierung f\u00fcr Vorst\u00e4nde und F\u00fchrungskr\u00e4fte, um ihr digitales Programm zu gestalten.","robots":{"index":"index","follow":"follow","max-snippet":"max-snippet:-1","max-image-preview":"max-image-preview:large","max-video-preview":"max-video-preview:-1"},"canonical":"https:\/\/www.andersonmacgyver.com\/de\/strategie\/","og_locale":"de_DE","og_type":"article","og_title":"Strategie: Beratung und Orientierung - Anderson MacGyver","og_description":"Wir bieten strategische Beratung und Orientierung f\u00fcr Vorst\u00e4nde und F\u00fchrungskr\u00e4fte, um ihr digitales Programm zu gestalten.","og_url":"https:\/\/www.andersonmacgyver.com\/de\/strategie\/","og_site_name":"Anderson MacGyver","article_modified_time":"2023-02-01T19:50:09+00:00","og_image":[{"width":1220,"height":434,"url":"https:\/\/www.andersonmacgyver.com\/wp-content\/uploads\/2020\/12\/amg_hero_digital-strategy-execution.png","type":"image\/png"}],"twitter_card":"summary_large_image","schema":{"@context":"https:\/\/schema.org","@graph":[{"@type":"WebPage","@id":"https:\/\/www.andersonmacgyver.com\/de\/strategie\/","url":"https:\/\/www.andersonmacgyver.com\/de\/strategie\/","name":"Strategie: Beratung und Orientierung - Anderson MacGyver","isPartOf":{"@id":"https:\/\/www.andersonmacgyver.com\/de\/#website"},"primaryImageOfPage":{"@id":"https:\/\/www.andersonmacgyver.com\/de\/strategie\/#primaryimage"},"image":{"@id":"https:\/\/www.andersonmacgyver.com\/de\/strategie\/#primaryimage"},"thumbnailUrl":"https:\/\/www.andersonmacgyver.com\/wp-content\/uploads\/2020\/12\/amg_hero_digital-strategy-execution.png","datePublished":"2021-03-15T04:21:47+00:00","dateModified":"2023-02-01T19:50:09+00:00","description":"Wir bieten strategische Beratung und Orientierung f\u00fcr Vorst\u00e4nde und F\u00fchrungskr\u00e4fte, um ihr digitales Programm zu gestalten.","inLanguage":"de","potentialAction":[{"@type":"ReadAction","target":["https:\/\/www.andersonmacgyver.com\/de\/strategie\/"]}]},{"@type":"ImageObject","inLanguage":"de","@id":"https:\/\/www.andersonmacgyver.com\/de\/strategie\/#primaryimage","url":"https:\/\/www.andersonmacgyver.com\/wp-content\/uploads\/2020\/12\/amg_hero_digital-strategy-execution.png","contentUrl":"https:\/\/www.andersonmacgyver.com\/wp-content\/uploads\/2020\/12\/amg_hero_digital-strategy-execution.png","width":1220,"height":434,"caption":"strategy"},{"@type":"WebSite","@id":"https:\/\/www.andersonmacgyver.com\/de\/#website","url":"https:\/\/www.andersonmacgyver.com\/de\/","name":"Anderson MacGyver","description":"Organizing Data &amp; Technology","potentialAction":[{"@type":"SearchAction","target":{"@type":"EntryPoint","urlTemplate":"https:\/\/www.andersonmacgyver.com\/de\/?s={search_term_string}"},"query-input":{"@type":"PropertyValueSpecification","valueRequired":true,"valueName":"search_term_string"}}],"inLanguage":"de"}]}},"_links":{"self":[{"href":"https:\/\/www.andersonmacgyver.com\/de\/wp-json\/wp\/v2\/pages\/5207","targetHints":{"allow":["GET"]}}],"collection":[{"href":"https:\/\/www.andersonmacgyver.com\/de\/wp-json\/wp\/v2\/pages"}],"about":[{"href":"https:\/\/www.andersonmacgyver.com\/de\/wp-json\/wp\/v2\/types\/page"}],"author":[{"embeddable":true,"href":"https:\/\/www.andersonmacgyver.com\/de\/wp-json\/wp\/v2\/users\/1"}],"replies":[{"embeddable":true,"href":"https:\/\/www.andersonmacgyver.com\/de\/wp-json\/wp\/v2\/comments?post=5207"}],"version-history":[{"count":20,"href":"https:\/\/www.andersonmacgyver.com\/de\/wp-json\/wp\/v2\/pages\/5207\/revisions"}],"predecessor-version":[{"id":9913,"href":"https:\/\/www.andersonmacgyver.com\/de\/wp-json\/wp\/v2\/pages\/5207\/revisions\/9913"}],"wp:featuredmedia":[{"embeddable":true,"href":"https:\/\/www.andersonmacgyver.com\/de\/wp-json\/wp\/v2\/media\/4271"}],"wp:attachment":[{"href":"https:\/\/www.andersonmacgyver.com\/de\/wp-json\/wp\/v2\/media?parent=5207"}],"curies":[{"name":"wp","href":"https:\/\/api.w.org\/{rel}","templated":true}]}}