{"id":5191,"date":"2021-03-15T05:03:56","date_gmt":"2021-03-15T04:03:56","guid":{"rendered":"https:\/\/www.andersonmacgyver.com\/?page_id=5191"},"modified":"2021-03-29T09:38:20","modified_gmt":"2021-03-29T07:38:20","slug":"multimodales-konzept","status":"publish","type":"page","link":"https:\/\/www.andersonmacgyver.com\/de\/multimodales-konzept\/","title":{"rendered":"Multimodales Konzept"},"content":{"rendered":"\n<p><\/p>\n\n\n\n<p><strong><strong>Die digitale Strategie betrifft das gesamte Unternehmen; daher ist es wichtig, einen klaren \u00dcberblick \u00fcber die Zusammenh\u00e4nge zwischen dem Gesch\u00e4ft und den Auswirkungen digitaler Entwicklungen auf diese Gesch\u00e4ftst\u00e4tigkeiten zu haben.<\/strong><\/strong><\/p>\n\n\n\n<p>Die Gesch\u00e4ftst\u00e4tigkeiten des Kunden sind der Ausgangspunkt f\u00fcr die Charakterisierung und Beschreibung eines Unternehmens. Gemeinsam mit dem Kunden teilen wir die Gesch\u00e4ftst\u00e4tigkeiten in zwei Merkmale ein: Die T\u00e4tigkeit schafft einen Mehrwert f\u00fcr den Kunden und inwieweit ist sie spezifisch.<\/p>\n\n\n\n<p>Diese beiden Eigenschaften erlauben eine Einteilung der Gesch\u00e4ftst\u00e4tigkeiten in 4 Grundtypen. Dieses Format unterst\u00fctzt die Suche nach der geeignetsten L\u00f6sung in Bezug auf das Unternehmen, die Arbeitsweise, das Management aber auch die IT-Dienste. Dies hat den Vorteil, dass der Kunde ein gutes Verst\u00e4ndnis f\u00fcr die verschiedenen Aspekte erh\u00e4lt, die bei der Ausf\u00fchrung der jeweiligen T\u00e4tigkeit eine Rolle spielen.<\/p>\n\n\n\n<p>Die Analyse der T\u00e4tigkeiten f\u00fchrt zu begeisterten und manchmal grundlegenden Gespr\u00e4chen unter den Kunden dar\u00fcber, um welche Art von T\u00e4tigkeit es sich handelt. Dabei spielt die Vision des Unternehmens vom Markt und seinen Dienstleistungen eine \u00e4u\u00dferst wichtige Rolle. Das Ergebnis dieser Diskussionen bietet eine solide Grundlage bei der Suche nach L\u00f6sungen f\u00fcr die Gestaltung der IT-Landschaft und der Organisation. Gesch\u00e4ft und IT begeben sich an einen gemeinsamen Tisch und sprechen die gleiche Sprache; sie arbeiten gemeinsam an den strategischen Zielen des Unternehmens.<\/p>\n","protected":false},"excerpt":{"rendered":"<p>Die digitale Strategie betrifft das gesamte Unternehmen; daher ist es wichtig, einen klaren \u00dcberblick \u00fcber die Zusammenh\u00e4nge zwischen dem Gesch\u00e4ft und den Auswirkungen digitaler Entwicklungen auf diese Gesch\u00e4ftst\u00e4tigkeiten zu haben. Die Gesch\u00e4ftst\u00e4tigkeiten des Kunden sind der Ausgangspunkt f\u00fcr die Charakterisierung und Beschreibung eines Unternehmens. Gemeinsam mit dem Kunden teilen wir die Gesch\u00e4ftst\u00e4tigkeiten in zwei Merkmale [&hellip;]<\/p>\n","protected":false},"author":1,"featured_media":1912,"parent":0,"menu_order":50,"comment_status":"closed","ping_status":"closed","template":"","meta":{"_acf_changed":false,"content-type":"","footnotes":""},"class_list":["post-5191","page","type-page","status-publish","has-post-thumbnail","hentry"],"acf":[],"yoast_head":"<!-- This site is optimized with the Yoast SEO plugin v27.5 - https:\/\/yoast.com\/product\/yoast-seo-wordpress\/ -->\n<title>Multimodales Konzept - Anderson MacGyver<\/title>\n<meta name=\"description\" content=\"Die digitale Strategie betrifft das gesamte Unternehmen. Gemeinsam mit dem Kunden teilen wir die Gesch\u00e4ftst\u00e4tigkeiten in zwei Merkmale ein.\" \/>\n<meta name=\"robots\" content=\"index, follow, max-snippet:-1, max-image-preview:large, max-video-preview:-1\" \/>\n<link rel=\"canonical\" href=\"https:\/\/www.andersonmacgyver.com\/de\/multimodales-konzept\/\" \/>\n<meta property=\"og:locale\" content=\"de_DE\" \/>\n<meta property=\"og:type\" content=\"article\" \/>\n<meta property=\"og:title\" content=\"Multimodales Konzept - Anderson MacGyver\" \/>\n<meta property=\"og:description\" content=\"Die digitale Strategie betrifft das gesamte Unternehmen. Gemeinsam mit dem Kunden teilen wir die Gesch\u00e4ftst\u00e4tigkeiten in zwei Merkmale ein.\" \/>\n<meta property=\"og:url\" content=\"https:\/\/www.andersonmacgyver.com\/de\/multimodales-konzept\/\" \/>\n<meta property=\"og:site_name\" content=\"Anderson MacGyver\" \/>\n<meta property=\"article:modified_time\" content=\"2021-03-29T07:38:20+00:00\" \/>\n<meta property=\"og:image\" content=\"https:\/\/www.andersonmacgyver.com\/wp-content\/uploads\/2020\/10\/16.-One-set-of-organization-principles-does-no-longer-suffice-multimodality-1.jpg\" \/>\n\t<meta property=\"og:image:width\" content=\"1200\" \/>\n\t<meta property=\"og:image:height\" content=\"628\" \/>\n\t<meta property=\"og:image:type\" content=\"image\/jpeg\" \/>\n<meta name=\"twitter:card\" content=\"summary_large_image\" \/>\n<meta name=\"twitter:label1\" content=\"Gesch\u00e4tzte Lesezeit\" \/>\n\t<meta name=\"twitter:data1\" content=\"1\u00a0Minute\" \/>\n<script type=\"application\/ld+json\" class=\"yoast-schema-graph\">{\"@context\":\"https:\\\/\\\/schema.org\",\"@graph\":[{\"@type\":\"WebPage\",\"@id\":\"https:\\\/\\\/www.andersonmacgyver.com\\\/de\\\/multimodales-konzept\\\/\",\"url\":\"https:\\\/\\\/www.andersonmacgyver.com\\\/de\\\/multimodales-konzept\\\/\",\"name\":\"Multimodales Konzept - Anderson MacGyver\",\"isPartOf\":{\"@id\":\"https:\\\/\\\/www.andersonmacgyver.com\\\/de\\\/#website\"},\"primaryImageOfPage\":{\"@id\":\"https:\\\/\\\/www.andersonmacgyver.com\\\/de\\\/multimodales-konzept\\\/#primaryimage\"},\"image\":{\"@id\":\"https:\\\/\\\/www.andersonmacgyver.com\\\/de\\\/multimodales-konzept\\\/#primaryimage\"},\"thumbnailUrl\":\"https:\\\/\\\/www.andersonmacgyver.com\\\/wp-content\\\/uploads\\\/2020\\\/10\\\/16.-One-set-of-organization-principles-does-no-longer-suffice-multimodality-1.jpg\",\"datePublished\":\"2021-03-15T04:03:56+00:00\",\"dateModified\":\"2021-03-29T07:38:20+00:00\",\"description\":\"Die digitale Strategie betrifft das gesamte Unternehmen. Gemeinsam mit dem Kunden teilen wir die Gesch\u00e4ftst\u00e4tigkeiten in zwei Merkmale ein.\",\"inLanguage\":\"de\",\"potentialAction\":[{\"@type\":\"ReadAction\",\"target\":[\"https:\\\/\\\/www.andersonmacgyver.com\\\/de\\\/multimodales-konzept\\\/\"]}]},{\"@type\":\"ImageObject\",\"inLanguage\":\"de\",\"@id\":\"https:\\\/\\\/www.andersonmacgyver.com\\\/de\\\/multimodales-konzept\\\/#primaryimage\",\"url\":\"https:\\\/\\\/www.andersonmacgyver.com\\\/wp-content\\\/uploads\\\/2020\\\/10\\\/16.-One-set-of-organization-principles-does-no-longer-suffice-multimodality-1.jpg\",\"contentUrl\":\"https:\\\/\\\/www.andersonmacgyver.com\\\/wp-content\\\/uploads\\\/2020\\\/10\\\/16.-One-set-of-organization-principles-does-no-longer-suffice-multimodality-1.jpg\",\"width\":1200,\"height\":628},{\"@type\":\"WebSite\",\"@id\":\"https:\\\/\\\/www.andersonmacgyver.com\\\/de\\\/#website\",\"url\":\"https:\\\/\\\/www.andersonmacgyver.com\\\/de\\\/\",\"name\":\"Anderson MacGyver\",\"description\":\"Organizing Data &amp; Technology\",\"potentialAction\":[{\"@type\":\"SearchAction\",\"target\":{\"@type\":\"EntryPoint\",\"urlTemplate\":\"https:\\\/\\\/www.andersonmacgyver.com\\\/de\\\/?s={search_term_string}\"},\"query-input\":{\"@type\":\"PropertyValueSpecification\",\"valueRequired\":true,\"valueName\":\"search_term_string\"}}],\"inLanguage\":\"de\"}]}<\/script>\n<!-- \/ Yoast SEO plugin. -->","yoast_head_json":{"title":"Multimodales Konzept - Anderson MacGyver","description":"Die digitale Strategie betrifft das gesamte Unternehmen. Gemeinsam mit dem Kunden teilen wir die Gesch\u00e4ftst\u00e4tigkeiten in zwei Merkmale ein.","robots":{"index":"index","follow":"follow","max-snippet":"max-snippet:-1","max-image-preview":"max-image-preview:large","max-video-preview":"max-video-preview:-1"},"canonical":"https:\/\/www.andersonmacgyver.com\/de\/multimodales-konzept\/","og_locale":"de_DE","og_type":"article","og_title":"Multimodales Konzept - Anderson MacGyver","og_description":"Die digitale Strategie betrifft das gesamte Unternehmen. Gemeinsam mit dem Kunden teilen wir die Gesch\u00e4ftst\u00e4tigkeiten in zwei Merkmale ein.","og_url":"https:\/\/www.andersonmacgyver.com\/de\/multimodales-konzept\/","og_site_name":"Anderson MacGyver","article_modified_time":"2021-03-29T07:38:20+00:00","og_image":[{"width":1200,"height":628,"url":"https:\/\/www.andersonmacgyver.com\/wp-content\/uploads\/2020\/10\/16.-One-set-of-organization-principles-does-no-longer-suffice-multimodality-1.jpg","type":"image\/jpeg"}],"twitter_card":"summary_large_image","twitter_misc":{"Gesch\u00e4tzte Lesezeit":"1\u00a0Minute"},"schema":{"@context":"https:\/\/schema.org","@graph":[{"@type":"WebPage","@id":"https:\/\/www.andersonmacgyver.com\/de\/multimodales-konzept\/","url":"https:\/\/www.andersonmacgyver.com\/de\/multimodales-konzept\/","name":"Multimodales Konzept - Anderson MacGyver","isPartOf":{"@id":"https:\/\/www.andersonmacgyver.com\/de\/#website"},"primaryImageOfPage":{"@id":"https:\/\/www.andersonmacgyver.com\/de\/multimodales-konzept\/#primaryimage"},"image":{"@id":"https:\/\/www.andersonmacgyver.com\/de\/multimodales-konzept\/#primaryimage"},"thumbnailUrl":"https:\/\/www.andersonmacgyver.com\/wp-content\/uploads\/2020\/10\/16.-One-set-of-organization-principles-does-no-longer-suffice-multimodality-1.jpg","datePublished":"2021-03-15T04:03:56+00:00","dateModified":"2021-03-29T07:38:20+00:00","description":"Die digitale Strategie betrifft das gesamte Unternehmen. Gemeinsam mit dem Kunden teilen wir die Gesch\u00e4ftst\u00e4tigkeiten in zwei Merkmale ein.","inLanguage":"de","potentialAction":[{"@type":"ReadAction","target":["https:\/\/www.andersonmacgyver.com\/de\/multimodales-konzept\/"]}]},{"@type":"ImageObject","inLanguage":"de","@id":"https:\/\/www.andersonmacgyver.com\/de\/multimodales-konzept\/#primaryimage","url":"https:\/\/www.andersonmacgyver.com\/wp-content\/uploads\/2020\/10\/16.-One-set-of-organization-principles-does-no-longer-suffice-multimodality-1.jpg","contentUrl":"https:\/\/www.andersonmacgyver.com\/wp-content\/uploads\/2020\/10\/16.-One-set-of-organization-principles-does-no-longer-suffice-multimodality-1.jpg","width":1200,"height":628},{"@type":"WebSite","@id":"https:\/\/www.andersonmacgyver.com\/de\/#website","url":"https:\/\/www.andersonmacgyver.com\/de\/","name":"Anderson MacGyver","description":"Organizing Data &amp; Technology","potentialAction":[{"@type":"SearchAction","target":{"@type":"EntryPoint","urlTemplate":"https:\/\/www.andersonmacgyver.com\/de\/?s={search_term_string}"},"query-input":{"@type":"PropertyValueSpecification","valueRequired":true,"valueName":"search_term_string"}}],"inLanguage":"de"}]}},"_links":{"self":[{"href":"https:\/\/www.andersonmacgyver.com\/de\/wp-json\/wp\/v2\/pages\/5191","targetHints":{"allow":["GET"]}}],"collection":[{"href":"https:\/\/www.andersonmacgyver.com\/de\/wp-json\/wp\/v2\/pages"}],"about":[{"href":"https:\/\/www.andersonmacgyver.com\/de\/wp-json\/wp\/v2\/types\/page"}],"author":[{"embeddable":true,"href":"https:\/\/www.andersonmacgyver.com\/de\/wp-json\/wp\/v2\/users\/1"}],"replies":[{"embeddable":true,"href":"https:\/\/www.andersonmacgyver.com\/de\/wp-json\/wp\/v2\/comments?post=5191"}],"version-history":[{"count":2,"href":"https:\/\/www.andersonmacgyver.com\/de\/wp-json\/wp\/v2\/pages\/5191\/revisions"}],"predecessor-version":[{"id":5193,"href":"https:\/\/www.andersonmacgyver.com\/de\/wp-json\/wp\/v2\/pages\/5191\/revisions\/5193"}],"wp:featuredmedia":[{"embeddable":true,"href":"https:\/\/www.andersonmacgyver.com\/de\/wp-json\/wp\/v2\/media\/1912"}],"wp:attachment":[{"href":"https:\/\/www.andersonmacgyver.com\/de\/wp-json\/wp\/v2\/media?parent=5191"}],"curies":[{"name":"wp","href":"https:\/\/api.w.org\/{rel}","templated":true}]}}