{"id":5171,"date":"2021-03-15T04:41:30","date_gmt":"2021-03-15T03:41:30","guid":{"rendered":"https:\/\/www.andersonmacgyver.com\/?page_id=5171"},"modified":"2022-08-23T16:16:13","modified_gmt":"2022-08-23T14:16:13","slug":"reisen-transport-und-logistik","status":"publish","type":"page","link":"https:\/\/www.andersonmacgyver.com\/de\/reisen-transport-und-logistik\/","title":{"rendered":"Reise, Transport und Logistik"},"content":{"rendered":"<div class=\"container_marge\"><\/div><div class=\"block_24\">\r\n\t<div class=\"container p-0\">\r\n\t\t<div class=\"d-none d-xl-block\">\r\n\t\t\t<div class=\"row\">\r\n\t\t\t\t\t\t\t\t\t<div class=\"col-lg-12\">\r\n\t\t\t\t\t\t<h2 class=\"block_title\">Vorgestellte Kundengeschichten<\/h2>\r\n\t\t\t\t\t<\/div>\r\n\t\t\t\t\t\t\t\t<div class=\"col-lg-4\"><div data-aos=\"fade-up\" data-aos-once=\"true\" class=\"publication_box\"><a class=\"publication_box_link\" href=\"https:\/\/www.andersonmacgyver.com\/de\/case\/royal-flora-holland\/\"><figure class=\"figure_hover\"><div class=\"publication_thumb cover\" style=\"background-image: url(https:\/\/www.andersonmacgyver.com\/wp-content\/uploads\/2020\/10\/Royal-Flora-Holland-1224x919.jpg);\"><\/div><\/figure><div class=\"publication_inner\"><div class=\"publication_cat\">Kundenbericht<\/div><h2 class=\"publication_title\">Entwurf einer neuen Business-Technologie-Organisation f\u00fcr die weltgr\u00f6\u00dfte Vermarktungsorganisation von Blumen und anderen Pflanzen<\/h2><\/div><\/div><\/a><\/div><div class=\"col-lg-4\"><div data-aos=\"fade-up\" data-aos-once=\"true\" class=\"publication_box\"><a class=\"publication_box_link\" href=\"https:\/\/www.andersonmacgyver.com\/de\/case\/schiphol\/\"><figure class=\"figure_hover\"><div class=\"publication_thumb cover\" style=\"background-image: url(https:\/\/www.andersonmacgyver.com\/wp-content\/uploads\/2020\/10\/Schiphol-Telematics-1224x816.jpg);\"><\/div><\/figure><div class=\"publication_inner\"><div class=\"publication_cat\">Kundenbericht<\/div><h2 class=\"publication_title\">Verbesserung von Funktion und Beschaffung eines niederl\u00e4ndischen Internetanbieters f\u00fcr Gesch\u00e4ftskunden am Flughafen Amsterdam<\/h2><\/div><\/div><\/a><\/div><div class=\"col-lg-4\"><div data-aos=\"fade-up\" data-aos-once=\"true\" class=\"publication_box\"><a class=\"publication_box_link\" href=\"https:\/\/www.andersonmacgyver.com\/de\/case\/postnl\/\"><figure class=\"figure_hover\"><div class=\"publication_thumb cover\" style=\"background-image: url(https:\/\/www.andersonmacgyver.com\/wp-content\/uploads\/2020\/10\/PostNL-1-979x1224.jpg);\"><\/div><\/figure><div class=\"publication_inner\"><div class=\"publication_cat\">Kundenbericht<\/div><h2 class=\"publication_title\">Die multimodale transformation von PostNL<\/h2><\/div><\/div><\/a><\/div><div class=\"col-lg-4\"><div data-aos=\"fade-up\" data-aos-once=\"true\" class=\"publication_box\"><a class=\"publication_box_link\" href=\"https:\/\/www.andersonmacgyver.com\/de\/case\/allinq\/\"><figure class=\"figure_hover\"><div class=\"publication_thumb cover\" style=\"background-image: url(https:\/\/www.andersonmacgyver.com\/wp-content\/uploads\/2020\/10\/Allinq-1224x918.jpg);\"><\/div><\/figure><div class=\"publication_inner\"><div class=\"publication_cat\">Kundenbericht<\/div><h2 class=\"publication_title\">Die digitale Transformation des Netzwerkspezialisten Allinq<\/h2><\/div><\/div><\/a><\/div>\t\t\t<\/div>\r\n\t\t<\/div>\r\n\t\t<div class=\"d-block d-xl-none\">\r\n\t\t\t<div class=\"row\">\r\n\t\t\t\t\t\t\t\t\t<div class=\"col-lg-12\">\r\n\t\t\t\t\t\t<h2 class=\"block_title\">Vorgestellte Kundengeschichten<\/h2>\r\n\t\t\t\t\t<\/div>\r\n\t\t\t\t\t\t\t<\/div>\r\n\t\t\t<div class=\"row\">\r\n\t\t\t\t<div class=\"col-lg-6 b21h_pr0\"><div class=\"block_12_img cover\" style=\"background-image:url(https:\/\/www.andersonmacgyver.com\/wp-content\/uploads\/2020\/10\/Royal-Flora-Holland-1224x919.jpg);\"><\/div><\/div><div class=\"col-lg-6 b21h_pl0\"><div class=\"table_box\"><div class=\"table_cell\"><p class=\"psf_subtitle\">Entwurf einer neuen Business-Technologie-Organisation f\u00fcr die weltgr\u00f6\u00dfte Vermarktungsorganisation von Blumen und anderen Pflanzen<\/p><h2 class=\"block_title\">Royal Flora Holland<\/h2><div class=\"block_content\"><p>&#8222;Anderson MacGyver hat eng mit uns zusammengearbeitet, um ein neues Betriebsmodell zu schaffen, das Inhalt und Schnelligkeit hinzuf\u00fcgt. Wir bewegen uns jetzt mit Schnelligkeit in die richtige Richtung.&#8220;<\/p>\n<\/div><a href=\"https:\/\/www.andersonmacgyver.com\/de\/case\/royal-flora-holland\/\" class=\"btn\">Lesen Sie weiter <i class=\"fas fa-arrow-right\"><\/i><\/a><\/div><\/div><\/div><div class=\"fill1\"><\/div><div class=\"col-lg-6 b21h_pr0\"><div class=\"block_12_img cover\" style=\"background-image:url(https:\/\/www.andersonmacgyver.com\/wp-content\/uploads\/2020\/10\/Schiphol-Telematics-1224x816.jpg);\"><\/div><\/div><div class=\"col-lg-6 b21h_pl0\"><div class=\"table_box\"><div class=\"table_cell\"><p class=\"psf_subtitle\">Verbesserung von Funktion und Beschaffung eines niederl\u00e4ndischen Internetanbieters f\u00fcr Gesch\u00e4ftskunden am Flughafen Amsterdam<\/p><h2 class=\"block_title\">Schiphol Telematics B.V.<\/h2><div class=\"block_content\"><p>\u201eMit Unterst\u00fctzung von Anderson MacGyver ist es uns gelungen, eine valide Beschaffungsstrategie, ein klares Organisationsdesign und einen erfolgreichen Ausschreibungsprozess zu organisieren. Wir waren sehr zufrieden mit der Kompetenz und dem Engagement des Teams von Anderson MacGyver.\u201c<\/p>\n<\/div><a href=\"https:\/\/www.andersonmacgyver.com\/de\/case\/schiphol\/\" class=\"btn\">Lesen Sie weiter <i class=\"fas fa-arrow-right\"><\/i><\/a><\/div><\/div><\/div><div class=\"fill1\"><\/div><div class=\"col-lg-6 b21h_pr0\"><div class=\"block_12_img cover\" style=\"background-image:url(https:\/\/www.andersonmacgyver.com\/wp-content\/uploads\/2020\/10\/PostNL-1-979x1224.jpg);\"><\/div><\/div><div class=\"col-lg-6 b21h_pl0\"><div class=\"table_box\"><div class=\"table_cell\"><p class=\"psf_subtitle\">Die multimodale transformation von PostNL<\/p><h2 class=\"block_title\">PostNL<\/h2><div class=\"block_content\"><p>\u201eEs ist die Grundlage f\u00fcr neue Gesch\u00e4ftsmodelle, erfordert aber auch Leistung, Stabilit\u00e4t, Skalierbarkeit, Flexibilit\u00e4t und Compliance. Anderson MacGyver verbindet diese Aspekte wie kein anderer.\u201c<\/p>\n<\/div><a href=\"https:\/\/www.andersonmacgyver.com\/de\/case\/postnl\/\" class=\"btn\">Lesen Sie weiter <i class=\"fas fa-arrow-right\"><\/i><\/a><\/div><\/div><\/div><div class=\"fill1\"><\/div><div class=\"col-lg-6 b21h_pr0\"><div class=\"block_12_img cover\" style=\"background-image:url(https:\/\/www.andersonmacgyver.com\/wp-content\/uploads\/2020\/10\/Allinq-1224x918.jpg);\"><\/div><\/div><div class=\"col-lg-6 b21h_pl0\"><div class=\"table_box\"><div class=\"table_cell\"><p class=\"psf_subtitle\">Die digitale Transformation des Netzwerkspezialisten Allinq<\/p><h2 class=\"block_title\">Allinq Groep<\/h2><div class=\"block_content\"><p>&#8222;Die gr\u00f6\u00dfte St\u00e4rke von Anderson MacGyver ist der ganzheitliche Ansatz; vom Verstehen unserer organisatorischen Herausforderungen \u00fcber die Unterst\u00fctzung bei der Entscheidungsfindung bis hin zur Erstellung von Pl\u00e4nen und deren Umsetzung.&#8220;<\/p>\n<\/div><a href=\"https:\/\/www.andersonmacgyver.com\/de\/case\/allinq\/\" class=\"btn\">Lesen Sie weiter <i class=\"fas fa-arrow-right\"><\/i><\/a><\/div><\/div><\/div><div class=\"fill1\"><\/div>\t\t\t<\/div>\r\n\t\t\t<!-- <div class=\"row row_min_991\">\r\n\t\t\t\t<div class=\"col-lg-4 col_min_991\"><div class=\"col_inner_min_991\"><div class=\"publication_box\"><a class=\"publication_box_link\" href=\"https:\/\/www.andersonmacgyver.com\/de\/wissender-artikel\/cio-masterclass-digital-ecosystem-strategies\/\"><div class=\"publication_thumb cover\" style=\"background-image: url(https:\/\/www.andersonmacgyver.com\/wp-content\/uploads\/2025\/04\/Website-Header-blog-1.png);\"><\/div><div class=\"publication_inner\"><div class=\"publication_cat\">Kundenbericht<\/div><h2 class=\"publication_title\">CIO Masterclass: Digital Ecosystem strategies<\/h2><\/div><\/div><\/a><\/div><\/div><div class=\"col-lg-4 col_min_991\"><div class=\"col_inner_min_991\"><div class=\"publication_box\"><a class=\"publication_box_link\" href=\"https:\/\/www.andersonmacgyver.com\/de\/case\/globale-crm-implementierung-fur-eine-360-kundensicht-bei-scania\/\"><div class=\"publication_thumb cover\" style=\"background-image: url(https:\/\/www.andersonmacgyver.com\/wp-content\/uploads\/2023\/11\/Scania.jpg);\"><\/div><div class=\"publication_inner\"><div class=\"publication_cat\">Kundenbericht<\/div><h2 class=\"publication_title\">Globale CRM-Implementierung f\u00fcr eine 360\u00b0-Kundensicht bei Scania<\/h2><\/div><\/div><\/a><\/div><\/div><div class=\"col-lg-4 col_min_991\"><div class=\"col_inner_min_991\"><div class=\"publication_box\"><a class=\"publication_box_link\" href=\"https:\/\/www.andersonmacgyver.com\/de\/case\/zukunftssichere-it-strategie-und-it-landschaft-fur-fiber-experts\/\"><div class=\"publication_thumb cover\" style=\"background-image: url(https:\/\/www.andersonmacgyver.com\/wp-content\/uploads\/2023\/11\/ftth-turnkey-loesung-glasfaserausbau-jpg.webp);\"><\/div><div class=\"publication_inner\"><div class=\"publication_cat\">Kundenbericht<\/div><h2 class=\"publication_title\">Zukunftssichere\u00a0IT-strategie und IT-landschaft f\u00fcr Fiber Experts<\/h2><\/div><\/div><\/a><\/div><\/div>\t\t\t<\/div> -->\r\n\t\t<\/div>\r\n\t<\/div>\r\n<\/div>\r\n\n\n\r\n<\/div>\r\n\r\n\r\n<div class=\"grey_block\" style=\"padding-top:px;padding-bottom:50px;margin-bottom:-px;\">\r\n    <div class='container-fluid'>\r\n\r\n\n\n\r\n\r\n<div class=\"container_marge\"><\/div>\r\n<div class=\"block_22\">\r\r\n\t<div class=\"container p-0\">\r\r\n\t\t<div class=\"row rowhide\">\r\r\n\t\t\t\r\n\t\t\t\t\r\n\t\t\t\t\t<div class=\"col-xl-8 col-lg-12\">\r\r\n\t\t\t\t\t\t<h2 class=\"block_title\">Neueste Ver\u00f6ffentlichungen<\/h2>\r\r\n\t\t\t\t\t<\/div>\r\r\n\t\t\t\t\r\n\t\t\t\t\r\n\t\t\t\t\t<div class=\"col-4 d-none d-xl-block text-right\">\r\r\n\t\t\t\t\t\t<a href=\"\/publications\/\" class=\"link_all\">Mehr anzeigen <i class=\"fas fa-arrow-right\"><\/i><\/a>\r\r\n\t\t\t\t\t<\/div>\r\r\n\t\t\t\t\r\n\t\t\t\r\n\t\t<\/div>\r\r\n\t\t<div class=\"row row_min_991\">\r\r\n\t\t\t<div class=\"col-xl-4 col-lg-6 col_min_991\"><div class=\"col_inner_min_991\"><div data-aos=\"fade-up\" data-aos-once=\"true\" class=\"publication_box\"><a class=\"publication_box_link\" href=\"https:\/\/www.andersonmacgyver.com\/de\/wissender-artikel\/cio-masterclass-digital-ecosystem-strategies\/\"><figure class=\"figure_hover\"><div class=\"publication_thumb cover\" style=\"background-image: url(https:\/\/www.andersonmacgyver.com\/wp-content\/uploads\/2025\/04\/Website-Header-blog-1.png);\"><\/div><\/figure><div class=\"publication_inner\"><div class=\"publication_cat\">Wissender Artikel<\/div><h2 class=\"publication_title\">CIO Masterclass: Digital Ecosystem strategies<\/h2><\/div><\/div><\/a><\/div><\/div><div class=\"col-xl-4 col-lg-6 col_min_991\"><div class=\"col_inner_min_991\"><div data-aos=\"fade-up\" data-aos-once=\"true\" class=\"publication_box\"><a class=\"publication_box_link\" href=\"https:\/\/www.andersonmacgyver.com\/de\/case\/globale-crm-implementierung-fur-eine-360-kundensicht-bei-scania\/\"><figure class=\"figure_hover\"><div class=\"publication_thumb cover\" style=\"background-image: url(https:\/\/www.andersonmacgyver.com\/wp-content\/uploads\/2023\/11\/Scania.jpg);\"><\/div><\/figure><div class=\"publication_inner\"><div class=\"publication_cat\">Scania<\/div><h2 class=\"publication_title\">Globale CRM-Implementierung f\u00fcr eine 360\u00b0-Kundensicht bei Scania<\/h2><\/div><\/div><\/a><\/div><\/div><div class=\"col-xl-4 col-lg-6 col_min_991\"><div class=\"col_inner_min_991\"><div data-aos=\"fade-up\" data-aos-once=\"true\" class=\"publication_box\"><a class=\"publication_box_link\" href=\"https:\/\/www.andersonmacgyver.com\/de\/case\/zukunftssichere-it-strategie-und-it-landschaft-fur-fiber-experts\/\"><figure class=\"figure_hover\"><div class=\"publication_thumb cover\" style=\"background-image: url(https:\/\/www.andersonmacgyver.com\/wp-content\/uploads\/2023\/11\/ftth-turnkey-loesung-glasfaserausbau-jpg.webp);\"><\/div><\/figure><div class=\"publication_inner\"><div class=\"publication_cat\">Fiber Experts<\/div><h2 class=\"publication_title\">Zukunftssichere\u00a0IT-strategie und IT-landschaft f\u00fcr Fiber Experts<\/h2><\/div><\/div><\/a><\/div><\/div>\r\n\t\t<\/div>\r\r\n\t<\/div>\r\r\n<\/div>\r\r\n\n\n<\/div>\r\n<\/div>\r\n\r\n<div class=\"container\">","protected":false},"excerpt":{"rendered":"","protected":false},"author":1,"featured_media":2730,"parent":0,"menu_order":30,"comment_status":"closed","ping_status":"closed","template":"","meta":{"_acf_changed":false,"content-type":"","footnotes":""},"class_list":["post-5171","page","type-page","status-publish","has-post-thumbnail","hentry"],"acf":[],"yoast_head":"<!-- This site is optimized with the Yoast SEO plugin v27.4 - https:\/\/yoast.com\/product\/yoast-seo-wordpress\/ -->\n<title>Reise, Transport und Logistik - Anderson MacGyver<\/title>\n<meta name=\"description\" content=\"Dienstleistungen in den Bereichen der Reisen, des Transports und der Logistik werden zunehmend datengesteuert.\" \/>\n<meta name=\"robots\" content=\"index, follow, max-snippet:-1, max-image-preview:large, max-video-preview:-1\" \/>\n<link rel=\"canonical\" href=\"https:\/\/www.andersonmacgyver.com\/de\/reisen-transport-und-logistik\/\" \/>\n<meta property=\"og:locale\" content=\"de_DE\" \/>\n<meta property=\"og:type\" content=\"article\" \/>\n<meta property=\"og:title\" content=\"Reise, Transport und Logistik - Anderson MacGyver\" \/>\n<meta property=\"og:description\" content=\"Dienstleistungen in den Bereichen der Reisen, des Transports und der Logistik werden zunehmend datengesteuert.\" \/>\n<meta property=\"og:url\" content=\"https:\/\/www.andersonmacgyver.com\/de\/reisen-transport-und-logistik\/\" \/>\n<meta property=\"og:site_name\" content=\"Anderson MacGyver\" \/>\n<meta property=\"article:modified_time\" content=\"2022-08-23T14:16:13+00:00\" \/>\n<meta property=\"og:image\" content=\"https:\/\/www.andersonmacgyver.com\/wp-content\/uploads\/2020\/10\/6.-Travel-Transport-_-Logistics.png\" \/>\n\t<meta property=\"og:image:width\" content=\"1207\" \/>\n\t<meta property=\"og:image:height\" content=\"428\" \/>\n\t<meta property=\"og:image:type\" content=\"image\/png\" \/>\n<meta name=\"twitter:card\" content=\"summary_large_image\" \/>\n<script type=\"application\/ld+json\" class=\"yoast-schema-graph\">{\"@context\":\"https:\\\/\\\/schema.org\",\"@graph\":[{\"@type\":\"WebPage\",\"@id\":\"https:\\\/\\\/www.andersonmacgyver.com\\\/de\\\/reisen-transport-und-logistik\\\/\",\"url\":\"https:\\\/\\\/www.andersonmacgyver.com\\\/de\\\/reisen-transport-und-logistik\\\/\",\"name\":\"Reise, Transport und Logistik - Anderson MacGyver\",\"isPartOf\":{\"@id\":\"https:\\\/\\\/www.andersonmacgyver.com\\\/de\\\/#website\"},\"primaryImageOfPage\":{\"@id\":\"https:\\\/\\\/www.andersonmacgyver.com\\\/de\\\/reisen-transport-und-logistik\\\/#primaryimage\"},\"image\":{\"@id\":\"https:\\\/\\\/www.andersonmacgyver.com\\\/de\\\/reisen-transport-und-logistik\\\/#primaryimage\"},\"thumbnailUrl\":\"https:\\\/\\\/www.andersonmacgyver.com\\\/wp-content\\\/uploads\\\/2020\\\/10\\\/6.-Travel-Transport-_-Logistics.png\",\"datePublished\":\"2021-03-15T03:41:30+00:00\",\"dateModified\":\"2022-08-23T14:16:13+00:00\",\"description\":\"Dienstleistungen in den Bereichen der Reisen, des Transports und der Logistik werden zunehmend datengesteuert.\",\"inLanguage\":\"de\",\"potentialAction\":[{\"@type\":\"ReadAction\",\"target\":[\"https:\\\/\\\/www.andersonmacgyver.com\\\/de\\\/reisen-transport-und-logistik\\\/\"]}]},{\"@type\":\"ImageObject\",\"inLanguage\":\"de\",\"@id\":\"https:\\\/\\\/www.andersonmacgyver.com\\\/de\\\/reisen-transport-und-logistik\\\/#primaryimage\",\"url\":\"https:\\\/\\\/www.andersonmacgyver.com\\\/wp-content\\\/uploads\\\/2020\\\/10\\\/6.-Travel-Transport-_-Logistics.png\",\"contentUrl\":\"https:\\\/\\\/www.andersonmacgyver.com\\\/wp-content\\\/uploads\\\/2020\\\/10\\\/6.-Travel-Transport-_-Logistics.png\",\"width\":1207,\"height\":428,\"caption\":\"6. Travel, Transport _ Logistics\"},{\"@type\":\"WebSite\",\"@id\":\"https:\\\/\\\/www.andersonmacgyver.com\\\/de\\\/#website\",\"url\":\"https:\\\/\\\/www.andersonmacgyver.com\\\/de\\\/\",\"name\":\"Anderson MacGyver\",\"description\":\"Organizing Data &amp; Technology\",\"potentialAction\":[{\"@type\":\"SearchAction\",\"target\":{\"@type\":\"EntryPoint\",\"urlTemplate\":\"https:\\\/\\\/www.andersonmacgyver.com\\\/de\\\/?s={search_term_string}\"},\"query-input\":{\"@type\":\"PropertyValueSpecification\",\"valueRequired\":true,\"valueName\":\"search_term_string\"}}],\"inLanguage\":\"de\"}]}<\/script>\n<!-- \/ Yoast SEO plugin. -->","yoast_head_json":{"title":"Reise, Transport und Logistik - Anderson MacGyver","description":"Dienstleistungen in den Bereichen der Reisen, des Transports und der Logistik werden zunehmend datengesteuert.","robots":{"index":"index","follow":"follow","max-snippet":"max-snippet:-1","max-image-preview":"max-image-preview:large","max-video-preview":"max-video-preview:-1"},"canonical":"https:\/\/www.andersonmacgyver.com\/de\/reisen-transport-und-logistik\/","og_locale":"de_DE","og_type":"article","og_title":"Reise, Transport und Logistik - Anderson MacGyver","og_description":"Dienstleistungen in den Bereichen der Reisen, des Transports und der Logistik werden zunehmend datengesteuert.","og_url":"https:\/\/www.andersonmacgyver.com\/de\/reisen-transport-und-logistik\/","og_site_name":"Anderson MacGyver","article_modified_time":"2022-08-23T14:16:13+00:00","og_image":[{"width":1207,"height":428,"url":"https:\/\/www.andersonmacgyver.com\/wp-content\/uploads\/2020\/10\/6.-Travel-Transport-_-Logistics.png","type":"image\/png"}],"twitter_card":"summary_large_image","schema":{"@context":"https:\/\/schema.org","@graph":[{"@type":"WebPage","@id":"https:\/\/www.andersonmacgyver.com\/de\/reisen-transport-und-logistik\/","url":"https:\/\/www.andersonmacgyver.com\/de\/reisen-transport-und-logistik\/","name":"Reise, Transport und Logistik - Anderson MacGyver","isPartOf":{"@id":"https:\/\/www.andersonmacgyver.com\/de\/#website"},"primaryImageOfPage":{"@id":"https:\/\/www.andersonmacgyver.com\/de\/reisen-transport-und-logistik\/#primaryimage"},"image":{"@id":"https:\/\/www.andersonmacgyver.com\/de\/reisen-transport-und-logistik\/#primaryimage"},"thumbnailUrl":"https:\/\/www.andersonmacgyver.com\/wp-content\/uploads\/2020\/10\/6.-Travel-Transport-_-Logistics.png","datePublished":"2021-03-15T03:41:30+00:00","dateModified":"2022-08-23T14:16:13+00:00","description":"Dienstleistungen in den Bereichen der Reisen, des Transports und der Logistik werden zunehmend datengesteuert.","inLanguage":"de","potentialAction":[{"@type":"ReadAction","target":["https:\/\/www.andersonmacgyver.com\/de\/reisen-transport-und-logistik\/"]}]},{"@type":"ImageObject","inLanguage":"de","@id":"https:\/\/www.andersonmacgyver.com\/de\/reisen-transport-und-logistik\/#primaryimage","url":"https:\/\/www.andersonmacgyver.com\/wp-content\/uploads\/2020\/10\/6.-Travel-Transport-_-Logistics.png","contentUrl":"https:\/\/www.andersonmacgyver.com\/wp-content\/uploads\/2020\/10\/6.-Travel-Transport-_-Logistics.png","width":1207,"height":428,"caption":"6. Travel, Transport _ Logistics"},{"@type":"WebSite","@id":"https:\/\/www.andersonmacgyver.com\/de\/#website","url":"https:\/\/www.andersonmacgyver.com\/de\/","name":"Anderson MacGyver","description":"Organizing Data &amp; Technology","potentialAction":[{"@type":"SearchAction","target":{"@type":"EntryPoint","urlTemplate":"https:\/\/www.andersonmacgyver.com\/de\/?s={search_term_string}"},"query-input":{"@type":"PropertyValueSpecification","valueRequired":true,"valueName":"search_term_string"}}],"inLanguage":"de"}]}},"_links":{"self":[{"href":"https:\/\/www.andersonmacgyver.com\/de\/wp-json\/wp\/v2\/pages\/5171","targetHints":{"allow":["GET"]}}],"collection":[{"href":"https:\/\/www.andersonmacgyver.com\/de\/wp-json\/wp\/v2\/pages"}],"about":[{"href":"https:\/\/www.andersonmacgyver.com\/de\/wp-json\/wp\/v2\/types\/page"}],"author":[{"embeddable":true,"href":"https:\/\/www.andersonmacgyver.com\/de\/wp-json\/wp\/v2\/users\/1"}],"replies":[{"embeddable":true,"href":"https:\/\/www.andersonmacgyver.com\/de\/wp-json\/wp\/v2\/comments?post=5171"}],"version-history":[{"count":14,"href":"https:\/\/www.andersonmacgyver.com\/de\/wp-json\/wp\/v2\/pages\/5171\/revisions"}],"predecessor-version":[{"id":8724,"href":"https:\/\/www.andersonmacgyver.com\/de\/wp-json\/wp\/v2\/pages\/5171\/revisions\/8724"}],"wp:featuredmedia":[{"embeddable":true,"href":"https:\/\/www.andersonmacgyver.com\/de\/wp-json\/wp\/v2\/media\/2730"}],"wp:attachment":[{"href":"https:\/\/www.andersonmacgyver.com\/de\/wp-json\/wp\/v2\/media?parent=5171"}],"curies":[{"name":"wp","href":"https:\/\/api.w.org\/{rel}","templated":true}]}}