{"id":5156,"date":"2021-03-15T04:33:48","date_gmt":"2021-03-15T03:33:48","guid":{"rendered":"https:\/\/www.andersonmacgyver.com\/?page_id=5156"},"modified":"2022-03-29T15:31:02","modified_gmt":"2022-03-29T13:31:02","slug":"finanzdienstleistungen","status":"publish","type":"page","link":"https:\/\/www.andersonmacgyver.com\/de\/finanzdienstleistungen\/","title":{"rendered":"Financial Services"},"content":{"rendered":"<div class=\"container_marge\"><\/div><div class=\"block_24\">\r\n\t<div class=\"container p-0\">\r\n\t\t<div class=\"d-none d-xl-block\">\r\n\t\t\t<div class=\"row\">\r\n\t\t\t\t\t\t\t\t\t<div class=\"col-lg-12\">\r\n\t\t\t\t\t\t<h2 class=\"block_title\">Ver\u00f6ffentlichungen<\/h2>\r\n\t\t\t\t\t<\/div>\r\n\t\t\t\t\t\t\t\t<div class=\"col-lg-4\"><div data-aos=\"fade-up\" data-aos-once=\"true\" class=\"publication_box\"><a class=\"publication_box_link\" href=\"https:\/\/www.andersonmacgyver.com\/de\/case\/der-niederlaendischen-rentenversicherung\/\"><figure class=\"figure_hover\"><div class=\"publication_thumb cover\" style=\"background-image: url(https:\/\/www.andersonmacgyver.com\/wp-content\/uploads\/2020\/10\/Pensioenfonds-Horeca-en-Catering-1224x816.jpg);\"><\/div><\/figure><div class=\"publication_inner\"><div class=\"publication_cat\">Kundenbericht<\/div><h2 class=\"publication_title\">Multimodale Transformation des niederl\u00e4ndischen Pensionsfonds<\/h2><\/div><\/div><\/a><\/div><div class=\"col-lg-4\"><div data-aos=\"fade-up\" data-aos-once=\"true\" class=\"publication_box\"><a class=\"publication_box_link\" href=\"https:\/\/www.andersonmacgyver.com\/de\/case\/unive\/\"><figure class=\"figure_hover\"><div class=\"publication_thumb cover\" style=\"background-image: url(https:\/\/www.andersonmacgyver.com\/wp-content\/uploads\/2020\/10\/Unive-1224x816.jpg);\"><\/div><\/figure><div class=\"publication_inner\"><div class=\"publication_cat\">Kundenbericht<\/div><h2 class=\"publication_title\">Aufbau der kundenzentrierten IT-Organisation von Univ\u00e9<\/h2><\/div><\/div><\/a><\/div>\t\t\t<\/div>\r\n\t\t<\/div>\r\n\t\t<div class=\"d-block d-xl-none\">\r\n\t\t\t<div class=\"row\">\r\n\t\t\t\t\t\t\t\t\t<div class=\"col-lg-12\">\r\n\t\t\t\t\t\t<h2 class=\"block_title\">Ver\u00f6ffentlichungen<\/h2>\r\n\t\t\t\t\t<\/div>\r\n\t\t\t\t\t\t\t<\/div>\r\n\t\t\t<div class=\"row\">\r\n\t\t\t\t<div class=\"col-lg-6 b21h_pr0\"><div class=\"block_12_img cover\" style=\"background-image:url(https:\/\/www.andersonmacgyver.com\/wp-content\/uploads\/2020\/10\/Pensioenfonds-Horeca-en-Catering-1224x816.jpg);\"><\/div><\/div><div class=\"col-lg-6 b21h_pl0\"><div class=\"table_box\"><div class=\"table_cell\"><p class=\"psf_subtitle\">Multimodale Transformation des niederl\u00e4ndischen Pensionsfonds<\/p><h2 class=\"block_title\">Pensioenfonds Horeca &#038; Catering<\/h2><div class=\"block_content\"><p>Pensioenfonds Horeca &amp; Catering (PH&amp;C) ist die niederl\u00e4ndische Rentenversicherung f\u00fcr Arbeitnehmer im Gastgewerbe und in der Gastronomie. Mit dem strategischen Ziel, mehr Nutzen f\u00fcr Kunden zu geringen Kosten zu schaffen, entwickelte PH&amp;C eine Omni-Channel-Strategie und startete eine Transformation der Cloud. Diese Ver\u00e4nderungen erforderten eine Organisation, die strukturiert und auf eine neue Arbeitsweise vorbereitet war. An dieser Stelle kam Anderson MacGyver ins Spiel.<\/p>\n<\/div><a href=\"https:\/\/www.andersonmacgyver.com\/de\/case\/der-niederlaendischen-rentenversicherung\/\" class=\"btn\">Lesen Sie weiter <i class=\"fas fa-arrow-right\"><\/i><\/a><\/div><\/div><\/div><div class=\"fill1\"><\/div><div class=\"col-lg-6 b21h_pr0\"><div class=\"block_12_img cover\" style=\"background-image:url(https:\/\/www.andersonmacgyver.com\/wp-content\/uploads\/2020\/10\/Unive-1224x816.jpg);\"><\/div><\/div><div class=\"col-lg-6 b21h_pl0\"><div class=\"table_box\"><div class=\"table_cell\"><p class=\"psf_subtitle\">Aufbau der kundenzentrierten IT-Organisation von Univ\u00e9<\/p><h2 class=\"block_title\">Univ\u00e9<\/h2><div class=\"block_content\"><p>&#8222;Die St\u00e4rke von Anderson MacGyver ist eine Kombination aus Inspiration, Schlagkraft, Hands-on-Mentalit\u00e4t, Organisationswissen, Vision, Strategie und Pragmatismus.&#8220;<\/p>\n<\/div><a href=\"https:\/\/www.andersonmacgyver.com\/de\/case\/unive\/\" class=\"btn\">Lesen Sie weiter <i class=\"fas fa-arrow-right\"><\/i><\/a><\/div><\/div><\/div><div class=\"fill1\"><\/div>\t\t\t<\/div>\r\n\t\t\t<!-- <div class=\"row row_min_991\">\r\n\t\t\t\t<div class=\"col-lg-4 col_min_991\"><div class=\"col_inner_min_991\"><div class=\"publication_box\"><a class=\"publication_box_link\" href=\"https:\/\/www.andersonmacgyver.com\/de\/wissender-artikel\/cio-masterclass-digital-ecosystem-strategies\/\"><div class=\"publication_thumb cover\" style=\"background-image: url(https:\/\/www.andersonmacgyver.com\/wp-content\/uploads\/2025\/04\/Website-Header-blog-1.png);\"><\/div><div class=\"publication_inner\"><div class=\"publication_cat\">Kundenbericht<\/div><h2 class=\"publication_title\">CIO Masterclass: Digital Ecosystem strategies<\/h2><\/div><\/div><\/a><\/div><\/div><div class=\"col-lg-4 col_min_991\"><div class=\"col_inner_min_991\"><div class=\"publication_box\"><a class=\"publication_box_link\" href=\"https:\/\/www.andersonmacgyver.com\/de\/case\/globale-crm-implementierung-fur-eine-360-kundensicht-bei-scania\/\"><div class=\"publication_thumb cover\" style=\"background-image: url(https:\/\/www.andersonmacgyver.com\/wp-content\/uploads\/2023\/11\/Scania.jpg);\"><\/div><div class=\"publication_inner\"><div class=\"publication_cat\">Kundenbericht<\/div><h2 class=\"publication_title\">Globale CRM-Implementierung f\u00fcr eine 360\u00b0-Kundensicht bei Scania<\/h2><\/div><\/div><\/a><\/div><\/div><div class=\"col-lg-4 col_min_991\"><div class=\"col_inner_min_991\"><div class=\"publication_box\"><a class=\"publication_box_link\" href=\"https:\/\/www.andersonmacgyver.com\/de\/case\/zukunftssichere-it-strategie-und-it-landschaft-fur-fiber-experts\/\"><div class=\"publication_thumb cover\" style=\"background-image: url(https:\/\/www.andersonmacgyver.com\/wp-content\/uploads\/2023\/11\/ftth-turnkey-loesung-glasfaserausbau-jpg.webp);\"><\/div><div class=\"publication_inner\"><div class=\"publication_cat\">Kundenbericht<\/div><h2 class=\"publication_title\">Zukunftssichere\u00a0IT-strategie und IT-landschaft f\u00fcr Fiber Experts<\/h2><\/div><\/div><\/a><\/div><\/div>\t\t\t<\/div> -->\r\n\t\t<\/div>\r\n\t<\/div>\r\n<\/div>\r\n\n\n\r\n<\/div>\r\n\r\n\r\n    <div style=\"margin-top:60px\"><\/div>\r\n\r\n\r\n<div class=\"grey_block\" style=\"padding-top:px;padding-bottom:50px;margin-bottom:-px;\">\r\n    <div class='container-fluid'>\r\n\r\n\n\n\r\n\r\n<div class=\"container_marge\"><\/div>\r\n<div class=\"block_22\">\r\r\n\t<div class=\"container p-0\">\r\r\n\t\t<div class=\"row rowhide\">\r\r\n\t\t\t\r\n\t\t\t\t\r\n\t\t\t\t\t<div class=\"col-xl-8 col-lg-12\">\r\r\n\t\t\t\t\t\t<h2 class=\"block_title\">Neueste Ver\u00f6ffentlichungen<\/h2>\r\r\n\t\t\t\t\t<\/div>\r\r\n\t\t\t\t\r\n\t\t\t\t\r\n\t\t\t\t\t<div class=\"col-4 d-none d-xl-block text-right\">\r\r\n\t\t\t\t\t\t<a href=\"\/publications\/\" class=\"link_all\">Mehr anzeigen <i class=\"fas fa-arrow-right\"><\/i><\/a>\r\r\n\t\t\t\t\t<\/div>\r\r\n\t\t\t\t\r\n\t\t\t\r\n\t\t<\/div>\r\r\n\t\t<div class=\"row row_min_991\">\r\r\n\t\t\t<div class=\"col-xl-4 col-lg-6 col_min_991\"><div class=\"col_inner_min_991\"><div data-aos=\"fade-up\" data-aos-once=\"true\" class=\"publication_box\"><a class=\"publication_box_link\" href=\"https:\/\/www.andersonmacgyver.com\/de\/whitepaper\/multimodality-modell-der-business-aktivitaeten\/\"><figure class=\"figure_hover\"><div class=\"publication_thumb cover\" style=\"background-image: url(https:\/\/www.andersonmacgyver.com\/wp-content\/uploads\/2022\/03\/amg_article_multi-modality_@2x.png);\"><\/div><\/figure><div class=\"publication_inner\"><div class=\"publication_cat\">Whitepapers<\/div><h2 class=\"publication_title\">Multimodality: Analyse der Business-Aktivit\u00e4ten\u200b<\/h2><\/div><\/div><\/a><\/div><\/div><div class=\"col-xl-4 col-lg-6 col_min_991\"><div class=\"col_inner_min_991\"><div data-aos=\"fade-up\" data-aos-once=\"true\" class=\"publication_box\"><a class=\"publication_box_link\" href=\"https:\/\/www.andersonmacgyver.com\/de\/whitepaper\/valueweb-uber-werte-in-netzwerken-und-okosystemen\/\"><figure class=\"figure_hover\"><div class=\"publication_thumb cover\" style=\"background-image: url(https:\/\/www.andersonmacgyver.com\/wp-content\/uploads\/2020\/11\/amg_article_valueweb_@2x-1.png);\"><\/div><\/figure><div class=\"publication_inner\"><div class=\"publication_cat\">Whitepapers<\/div><h2 class=\"publication_title\">ValueWeb: \u00dcber Werte in Netzwerken und \u00d6kosystemen<\/h2><\/div><\/div><\/a><\/div><\/div><div class=\"col-xl-4 col-lg-6 col_min_991\"><div class=\"col_inner_min_991\"><div data-aos=\"fade-up\" data-aos-once=\"true\" class=\"publication_box\"><a class=\"publication_box_link\" href=\"https:\/\/www.andersonmacgyver.com\/de\/whitepaper\/verwaltung-der-marktdienste-anforderungen-und-beziehungen\/\"><figure class=\"figure_hover\"><div class=\"publication_thumb cover\" style=\"background-image: url(https:\/\/www.andersonmacgyver.com\/wp-content\/uploads\/2020\/08\/amg_article_governing-market-services_@2x.png);\"><\/div><\/figure><div class=\"publication_inner\"><div class=\"publication_cat\">Whitepapers<\/div><h2 class=\"publication_title\">Verwaltung der Marktdienste: Anforderungen und Beziehungen<\/h2><\/div><\/div><\/a><\/div><\/div>\r\n\t\t<\/div>\r\r\n\t<\/div>\r\r\n<\/div>\r\r\n\n\n<\/div>\r\n<\/div>\r\n\r\n<div class=\"container\">","protected":false},"excerpt":{"rendered":"","protected":false},"author":1,"featured_media":2735,"parent":0,"menu_order":30,"comment_status":"closed","ping_status":"closed","template":"","meta":{"_acf_changed":false,"content-type":"","footnotes":""},"class_list":["post-5156","page","type-page","status-publish","has-post-thumbnail","hentry"],"acf":[],"yoast_head":"<!-- This site is optimized with the Yoast SEO plugin v27.4 - https:\/\/yoast.com\/product\/yoast-seo-wordpress\/ -->\n<title>Financial Services | Anderson MacGyver<\/title>\n<meta name=\"description\" content=\"Finanzdienstleistungen befinden sich seit Jahren in einem digitalen Wandel. Anderson MacGyver sorgt f\u00fcr zukunftssichere digitale Strategien.\" \/>\n<meta name=\"robots\" content=\"index, follow, max-snippet:-1, max-image-preview:large, max-video-preview:-1\" \/>\n<link rel=\"canonical\" href=\"https:\/\/www.andersonmacgyver.com\/de\/finanzdienstleistungen\/\" \/>\n<meta property=\"og:locale\" content=\"de_DE\" \/>\n<meta property=\"og:type\" content=\"article\" \/>\n<meta property=\"og:title\" content=\"Financial Services | Anderson MacGyver\" \/>\n<meta property=\"og:description\" content=\"Finanzdienstleistungen befinden sich seit Jahren in einem digitalen Wandel. Anderson MacGyver sorgt f\u00fcr zukunftssichere digitale Strategien.\" \/>\n<meta property=\"og:url\" content=\"https:\/\/www.andersonmacgyver.com\/de\/finanzdienstleistungen\/\" \/>\n<meta property=\"og:site_name\" content=\"Anderson MacGyver\" \/>\n<meta property=\"article:modified_time\" content=\"2022-03-29T13:31:02+00:00\" \/>\n<meta property=\"og:image\" content=\"https:\/\/www.andersonmacgyver.com\/wp-content\/uploads\/2020\/10\/3.-Financial-services.png\" \/>\n\t<meta property=\"og:image:width\" content=\"1207\" \/>\n\t<meta property=\"og:image:height\" content=\"428\" \/>\n\t<meta property=\"og:image:type\" content=\"image\/png\" \/>\n<meta name=\"twitter:card\" content=\"summary_large_image\" \/>\n<script type=\"application\/ld+json\" class=\"yoast-schema-graph\">{\"@context\":\"https:\\\/\\\/schema.org\",\"@graph\":[{\"@type\":\"WebPage\",\"@id\":\"https:\\\/\\\/www.andersonmacgyver.com\\\/de\\\/finanzdienstleistungen\\\/\",\"url\":\"https:\\\/\\\/www.andersonmacgyver.com\\\/de\\\/finanzdienstleistungen\\\/\",\"name\":\"Financial Services | Anderson MacGyver\",\"isPartOf\":{\"@id\":\"https:\\\/\\\/www.andersonmacgyver.com\\\/de\\\/#website\"},\"primaryImageOfPage\":{\"@id\":\"https:\\\/\\\/www.andersonmacgyver.com\\\/de\\\/finanzdienstleistungen\\\/#primaryimage\"},\"image\":{\"@id\":\"https:\\\/\\\/www.andersonmacgyver.com\\\/de\\\/finanzdienstleistungen\\\/#primaryimage\"},\"thumbnailUrl\":\"https:\\\/\\\/www.andersonmacgyver.com\\\/wp-content\\\/uploads\\\/2020\\\/10\\\/3.-Financial-services.png\",\"datePublished\":\"2021-03-15T03:33:48+00:00\",\"dateModified\":\"2022-03-29T13:31:02+00:00\",\"description\":\"Finanzdienstleistungen befinden sich seit Jahren in einem digitalen Wandel. Anderson MacGyver sorgt f\u00fcr zukunftssichere digitale Strategien.\",\"inLanguage\":\"de\",\"potentialAction\":[{\"@type\":\"ReadAction\",\"target\":[\"https:\\\/\\\/www.andersonmacgyver.com\\\/de\\\/finanzdienstleistungen\\\/\"]}]},{\"@type\":\"ImageObject\",\"inLanguage\":\"de\",\"@id\":\"https:\\\/\\\/www.andersonmacgyver.com\\\/de\\\/finanzdienstleistungen\\\/#primaryimage\",\"url\":\"https:\\\/\\\/www.andersonmacgyver.com\\\/wp-content\\\/uploads\\\/2020\\\/10\\\/3.-Financial-services.png\",\"contentUrl\":\"https:\\\/\\\/www.andersonmacgyver.com\\\/wp-content\\\/uploads\\\/2020\\\/10\\\/3.-Financial-services.png\",\"width\":1207,\"height\":428,\"caption\":\"Financial services\"},{\"@type\":\"WebSite\",\"@id\":\"https:\\\/\\\/www.andersonmacgyver.com\\\/de\\\/#website\",\"url\":\"https:\\\/\\\/www.andersonmacgyver.com\\\/de\\\/\",\"name\":\"Anderson MacGyver\",\"description\":\"Organizing Data &amp; Technology\",\"potentialAction\":[{\"@type\":\"SearchAction\",\"target\":{\"@type\":\"EntryPoint\",\"urlTemplate\":\"https:\\\/\\\/www.andersonmacgyver.com\\\/de\\\/?s={search_term_string}\"},\"query-input\":{\"@type\":\"PropertyValueSpecification\",\"valueRequired\":true,\"valueName\":\"search_term_string\"}}],\"inLanguage\":\"de\"}]}<\/script>\n<!-- \/ Yoast SEO plugin. -->","yoast_head_json":{"title":"Financial Services | Anderson MacGyver","description":"Finanzdienstleistungen befinden sich seit Jahren in einem digitalen Wandel. Anderson MacGyver sorgt f\u00fcr zukunftssichere digitale Strategien.","robots":{"index":"index","follow":"follow","max-snippet":"max-snippet:-1","max-image-preview":"max-image-preview:large","max-video-preview":"max-video-preview:-1"},"canonical":"https:\/\/www.andersonmacgyver.com\/de\/finanzdienstleistungen\/","og_locale":"de_DE","og_type":"article","og_title":"Financial Services | Anderson MacGyver","og_description":"Finanzdienstleistungen befinden sich seit Jahren in einem digitalen Wandel. Anderson MacGyver sorgt f\u00fcr zukunftssichere digitale Strategien.","og_url":"https:\/\/www.andersonmacgyver.com\/de\/finanzdienstleistungen\/","og_site_name":"Anderson MacGyver","article_modified_time":"2022-03-29T13:31:02+00:00","og_image":[{"width":1207,"height":428,"url":"https:\/\/www.andersonmacgyver.com\/wp-content\/uploads\/2020\/10\/3.-Financial-services.png","type":"image\/png"}],"twitter_card":"summary_large_image","schema":{"@context":"https:\/\/schema.org","@graph":[{"@type":"WebPage","@id":"https:\/\/www.andersonmacgyver.com\/de\/finanzdienstleistungen\/","url":"https:\/\/www.andersonmacgyver.com\/de\/finanzdienstleistungen\/","name":"Financial Services | Anderson MacGyver","isPartOf":{"@id":"https:\/\/www.andersonmacgyver.com\/de\/#website"},"primaryImageOfPage":{"@id":"https:\/\/www.andersonmacgyver.com\/de\/finanzdienstleistungen\/#primaryimage"},"image":{"@id":"https:\/\/www.andersonmacgyver.com\/de\/finanzdienstleistungen\/#primaryimage"},"thumbnailUrl":"https:\/\/www.andersonmacgyver.com\/wp-content\/uploads\/2020\/10\/3.-Financial-services.png","datePublished":"2021-03-15T03:33:48+00:00","dateModified":"2022-03-29T13:31:02+00:00","description":"Finanzdienstleistungen befinden sich seit Jahren in einem digitalen Wandel. Anderson MacGyver sorgt f\u00fcr zukunftssichere digitale Strategien.","inLanguage":"de","potentialAction":[{"@type":"ReadAction","target":["https:\/\/www.andersonmacgyver.com\/de\/finanzdienstleistungen\/"]}]},{"@type":"ImageObject","inLanguage":"de","@id":"https:\/\/www.andersonmacgyver.com\/de\/finanzdienstleistungen\/#primaryimage","url":"https:\/\/www.andersonmacgyver.com\/wp-content\/uploads\/2020\/10\/3.-Financial-services.png","contentUrl":"https:\/\/www.andersonmacgyver.com\/wp-content\/uploads\/2020\/10\/3.-Financial-services.png","width":1207,"height":428,"caption":"Financial services"},{"@type":"WebSite","@id":"https:\/\/www.andersonmacgyver.com\/de\/#website","url":"https:\/\/www.andersonmacgyver.com\/de\/","name":"Anderson MacGyver","description":"Organizing Data &amp; Technology","potentialAction":[{"@type":"SearchAction","target":{"@type":"EntryPoint","urlTemplate":"https:\/\/www.andersonmacgyver.com\/de\/?s={search_term_string}"},"query-input":{"@type":"PropertyValueSpecification","valueRequired":true,"valueName":"search_term_string"}}],"inLanguage":"de"}]}},"_links":{"self":[{"href":"https:\/\/www.andersonmacgyver.com\/de\/wp-json\/wp\/v2\/pages\/5156","targetHints":{"allow":["GET"]}}],"collection":[{"href":"https:\/\/www.andersonmacgyver.com\/de\/wp-json\/wp\/v2\/pages"}],"about":[{"href":"https:\/\/www.andersonmacgyver.com\/de\/wp-json\/wp\/v2\/types\/page"}],"author":[{"embeddable":true,"href":"https:\/\/www.andersonmacgyver.com\/de\/wp-json\/wp\/v2\/users\/1"}],"replies":[{"embeddable":true,"href":"https:\/\/www.andersonmacgyver.com\/de\/wp-json\/wp\/v2\/comments?post=5156"}],"version-history":[{"count":11,"href":"https:\/\/www.andersonmacgyver.com\/de\/wp-json\/wp\/v2\/pages\/5156\/revisions"}],"predecessor-version":[{"id":7483,"href":"https:\/\/www.andersonmacgyver.com\/de\/wp-json\/wp\/v2\/pages\/5156\/revisions\/7483"}],"wp:featuredmedia":[{"embeddable":true,"href":"https:\/\/www.andersonmacgyver.com\/de\/wp-json\/wp\/v2\/media\/2735"}],"wp:attachment":[{"href":"https:\/\/www.andersonmacgyver.com\/de\/wp-json\/wp\/v2\/media?parent=5156"}],"curies":[{"name":"wp","href":"https:\/\/api.w.org\/{rel}","templated":true}]}}