{"id":5151,"date":"2021-03-15T04:30:13","date_gmt":"2021-03-15T03:30:13","guid":{"rendered":"https:\/\/www.andersonmacgyver.com\/?page_id=5151"},"modified":"2022-03-29T10:03:26","modified_gmt":"2022-03-29T08:03:26","slug":"energie-und-naturliche-ressourcen","status":"publish","type":"page","link":"https:\/\/www.andersonmacgyver.com\/de\/energie-und-naturliche-ressourcen\/","title":{"rendered":"Energie und nat\u00fcrliche Ressourcen"},"content":{"rendered":"<div class=\"container_marge\"><\/div><div class=\"block_24\">\r\n\t<div class=\"container p-0\">\r\n\t\t<div class=\"d-none d-xl-block\">\r\n\t\t\t<div class=\"row\">\r\n\t\t\t\t\t\t\t\t\t<div class=\"col-lg-12\">\r\n\t\t\t\t\t\t<h2 class=\"block_title\">Vorgestellte Kundengeschichten<\/h2>\r\n\t\t\t\t\t<\/div>\r\n\t\t\t\t\t\t\t\t<div class=\"col-lg-4\"><div data-aos=\"fade-up\" data-aos-once=\"true\" class=\"publication_box\"><a class=\"publication_box_link\" href=\"https:\/\/www.andersonmacgyver.com\/de\/case\/lkab\/\"><figure class=\"figure_hover\"><div class=\"publication_thumb cover\" style=\"background-image: url(https:\/\/www.andersonmacgyver.com\/wp-content\/uploads\/2020\/10\/LKAB-1224x687.jpg);\"><\/div><\/figure><div class=\"publication_inner\"><div class=\"publication_cat\">Kundenbericht<\/div><h2 class=\"publication_title\">Digitaler Umbau des Personalwesens von LKAB<\/h2><\/div><\/div><\/a><\/div><div class=\"col-lg-4\"><div data-aos=\"fade-up\" data-aos-once=\"true\" class=\"publication_box\"><a class=\"publication_box_link\" href=\"https:\/\/www.andersonmacgyver.com\/de\/case\/eneco\/\"><figure class=\"figure_hover\"><div class=\"publication_thumb cover\" style=\"background-image: url(https:\/\/www.andersonmacgyver.com\/wp-content\/uploads\/2020\/10\/Client-Eneco-1224x421.jpg);\"><\/div><\/figure><div class=\"publication_inner\"><div class=\"publication_cat\">Kundenbericht<\/div><h2 class=\"publication_title\">Die Energiewende mit einer modernen Business-Technologie-Organisation erm\u00f6glichen<\/h2><\/div><\/div><\/a><\/div>\t\t\t<\/div>\r\n\t\t<\/div>\r\n\t\t<div class=\"d-block d-xl-none\">\r\n\t\t\t<div class=\"row\">\r\n\t\t\t\t\t\t\t\t\t<div class=\"col-lg-12\">\r\n\t\t\t\t\t\t<h2 class=\"block_title\">Vorgestellte Kundengeschichten<\/h2>\r\n\t\t\t\t\t<\/div>\r\n\t\t\t\t\t\t\t<\/div>\r\n\t\t\t<div class=\"row\">\r\n\t\t\t\t<div class=\"col-lg-6 b21h_pr0\"><div class=\"block_12_img cover\" style=\"background-image:url(https:\/\/www.andersonmacgyver.com\/wp-content\/uploads\/2020\/10\/LKAB-1224x687.jpg);\"><\/div><\/div><div class=\"col-lg-6 b21h_pl0\"><div class=\"table_box\"><div class=\"table_cell\"><p class=\"psf_subtitle\">Digitaler Umbau des Personalwesens von LKAB<\/p><h2 class=\"block_title\">LKAB<\/h2><div class=\"block_content\"><p>\u201eUnsere Human-Resources-Management-Systeme (HRM) waren veraltet und erf\u00fcllten die Anforderungen nicht mehr. Anderson MacGyver hat uns dabei unterst\u00fctzt, unser Personalwesen mit anderen Augen zu sehen und eine Roadmap aufzusetzen, um die in die Jahre gekommenen Strukturen in eine zukunftssichere globale Human-Capital-Management-Plattform zu \u00fcberf\u00fchren. Bei der Umsetzung stand uns die Experten von Anderson MacGyver mit Rat und Tat zur Seite.&#8220;<\/p>\n<\/div><a href=\"https:\/\/www.andersonmacgyver.com\/de\/case\/lkab\/\" class=\"btn\">Lesen Sie weiter <i class=\"fas fa-arrow-right\"><\/i><\/a><\/div><\/div><\/div><div class=\"fill1\"><\/div><div class=\"col-lg-6 b21h_pr0\"><div class=\"block_12_img cover\" style=\"background-image:url(https:\/\/www.andersonmacgyver.com\/wp-content\/uploads\/2020\/10\/Client-Eneco-1224x421.jpg);\"><\/div><\/div><div class=\"col-lg-6 b21h_pl0\"><div class=\"table_box\"><div class=\"table_cell\"><p class=\"psf_subtitle\">Die Energiewende mit einer modernen Business-Technologie-Organisation erm\u00f6glichen<\/p><h2 class=\"block_title\">Eneco<\/h2><div class=\"block_content\"><p>&#8222;Anderson MacGyver hat uns bei der Umsetzung von Gesch\u00e4ftszielen im Bereich der IT geholfen, darunter IT-Portfolio-Management, Unternehmensstruktur und Daten.&#8220;<\/p>\n<\/div><a href=\"https:\/\/www.andersonmacgyver.com\/de\/case\/eneco\/\" class=\"btn\">Lesen Sie weiter <i class=\"fas fa-arrow-right\"><\/i><\/a><\/div><\/div><\/div><div class=\"fill1\"><\/div>\t\t\t<\/div>\r\n\t\t\t<!-- <div class=\"row row_min_991\">\r\n\t\t\t\t<div class=\"col-lg-4 col_min_991\"><div class=\"col_inner_min_991\"><div class=\"publication_box\"><a class=\"publication_box_link\" href=\"https:\/\/www.andersonmacgyver.com\/de\/wissender-artikel\/cio-masterclass-digital-ecosystem-strategies\/\"><div class=\"publication_thumb cover\" style=\"background-image: url(https:\/\/www.andersonmacgyver.com\/wp-content\/uploads\/2025\/04\/Website-Header-blog-1.png);\"><\/div><div class=\"publication_inner\"><div class=\"publication_cat\">Kundenbericht<\/div><h2 class=\"publication_title\">CIO Masterclass: Digital Ecosystem strategies<\/h2><\/div><\/div><\/a><\/div><\/div><div class=\"col-lg-4 col_min_991\"><div class=\"col_inner_min_991\"><div class=\"publication_box\"><a class=\"publication_box_link\" href=\"https:\/\/www.andersonmacgyver.com\/de\/case\/globale-crm-implementierung-fur-eine-360-kundensicht-bei-scania\/\"><div class=\"publication_thumb cover\" style=\"background-image: url(https:\/\/www.andersonmacgyver.com\/wp-content\/uploads\/2023\/11\/Scania.jpg);\"><\/div><div class=\"publication_inner\"><div class=\"publication_cat\">Kundenbericht<\/div><h2 class=\"publication_title\">Globale CRM-Implementierung f\u00fcr eine 360\u00b0-Kundensicht bei Scania<\/h2><\/div><\/div><\/a><\/div><\/div><div class=\"col-lg-4 col_min_991\"><div class=\"col_inner_min_991\"><div class=\"publication_box\"><a class=\"publication_box_link\" href=\"https:\/\/www.andersonmacgyver.com\/de\/case\/zukunftssichere-it-strategie-und-it-landschaft-fur-fiber-experts\/\"><div class=\"publication_thumb cover\" style=\"background-image: url(https:\/\/www.andersonmacgyver.com\/wp-content\/uploads\/2023\/11\/ftth-turnkey-loesung-glasfaserausbau-jpg.webp);\"><\/div><div class=\"publication_inner\"><div class=\"publication_cat\">Kundenbericht<\/div><h2 class=\"publication_title\">Zukunftssichere\u00a0IT-strategie und IT-landschaft f\u00fcr Fiber Experts<\/h2><\/div><\/div><\/a><\/div><\/div>\t\t\t<\/div> -->\r\n\t\t<\/div>\r\n\t<\/div>\r\n<\/div>\r\n\n\n\r\n<\/div>\r\n\r\n\r\n    <div style=\"margin-top:60px\"><\/div>\r\n\r\n\r\n<div class=\"grey_block\" style=\"padding-top:px;padding-bottom:50px;margin-bottom:-px;\">\r\n    <div class='container-fluid'>\r\n\r\n\n\n\r\n\r\n<div class=\"container_marge\"><\/div>\r\n<div class=\"block_22\">\r\r\n\t<div class=\"container p-0\">\r\r\n\t\t<div class=\"row rowhide\">\r\r\n\t\t\t\r\n\t\t\t\t\r\n\t\t\t\t\t<div class=\"col-xl-8 col-lg-12\">\r\r\n\t\t\t\t\t\t<h2 class=\"block_title\">Neueste Ver\u00f6ffentlichungen<\/h2>\r\r\n\t\t\t\t\t<\/div>\r\r\n\t\t\t\t\r\n\t\t\t\t\r\n\t\t\t\t\t<div class=\"col-4 d-none d-xl-block text-right\">\r\r\n\t\t\t\t\t\t<a href=\"\/publications\/\" class=\"link_all\">Mehr anzeigen <i class=\"fas fa-arrow-right\"><\/i><\/a>\r\r\n\t\t\t\t\t<\/div>\r\r\n\t\t\t\t\r\n\t\t\t\r\n\t\t<\/div>\r\r\n\t\t<div class=\"row row_min_991\">\r\r\n\t\t\t<div class=\"col-xl-4 col-lg-6 col_min_991\"><div class=\"col_inner_min_991\"><div data-aos=\"fade-up\" data-aos-once=\"true\" class=\"publication_box\"><a class=\"publication_box_link\" href=\"https:\/\/www.andersonmacgyver.com\/de\/wissender-artikel\/cio-masterclass-digital-ecosystem-strategies\/\"><figure class=\"figure_hover\"><div class=\"publication_thumb cover\" style=\"background-image: url(https:\/\/www.andersonmacgyver.com\/wp-content\/uploads\/2025\/04\/Website-Header-blog-1.png);\"><\/div><\/figure><div class=\"publication_inner\"><div class=\"publication_cat\">Wissender Artikel<\/div><h2 class=\"publication_title\">CIO Masterclass: Digital Ecosystem strategies<\/h2><\/div><\/div><\/a><\/div><\/div><div class=\"col-xl-4 col-lg-6 col_min_991\"><div class=\"col_inner_min_991\"><div data-aos=\"fade-up\" data-aos-once=\"true\" class=\"publication_box\"><a class=\"publication_box_link\" href=\"https:\/\/www.andersonmacgyver.com\/de\/case\/globale-crm-implementierung-fur-eine-360-kundensicht-bei-scania\/\"><figure class=\"figure_hover\"><div class=\"publication_thumb cover\" style=\"background-image: url(https:\/\/www.andersonmacgyver.com\/wp-content\/uploads\/2023\/11\/Scania.jpg);\"><\/div><\/figure><div class=\"publication_inner\"><div class=\"publication_cat\">Scania<\/div><h2 class=\"publication_title\">Globale CRM-Implementierung f\u00fcr eine 360\u00b0-Kundensicht bei Scania<\/h2><\/div><\/div><\/a><\/div><\/div><div class=\"col-xl-4 col-lg-6 col_min_991\"><div class=\"col_inner_min_991\"><div data-aos=\"fade-up\" data-aos-once=\"true\" class=\"publication_box\"><a class=\"publication_box_link\" href=\"https:\/\/www.andersonmacgyver.com\/de\/case\/zukunftssichere-it-strategie-und-it-landschaft-fur-fiber-experts\/\"><figure class=\"figure_hover\"><div class=\"publication_thumb cover\" style=\"background-image: url(https:\/\/www.andersonmacgyver.com\/wp-content\/uploads\/2023\/11\/ftth-turnkey-loesung-glasfaserausbau-jpg.webp);\"><\/div><\/figure><div class=\"publication_inner\"><div class=\"publication_cat\">Fiber Experts<\/div><h2 class=\"publication_title\">Zukunftssichere\u00a0IT-strategie und IT-landschaft f\u00fcr Fiber Experts<\/h2><\/div><\/div><\/a><\/div><\/div>\r\n\t\t<\/div>\r\r\n\t<\/div>\r\r\n<\/div>\r\r\n\n\n<\/div>\r\n<\/div>\r\n\r\n<div class=\"container\">","protected":false},"excerpt":{"rendered":"","protected":false},"author":1,"featured_media":2749,"parent":0,"menu_order":30,"comment_status":"closed","ping_status":"closed","template":"","meta":{"_acf_changed":false,"content-type":"","footnotes":""},"class_list":["post-5151","page","type-page","status-publish","has-post-thumbnail","hentry"],"acf":[],"yoast_head":"<!-- This site is optimized with the Yoast SEO plugin v27.4 - https:\/\/yoast.com\/product\/yoast-seo-wordpress\/ -->\n<title>Energie und nat\u00fcrliche Ressourcen | Anderson MacGyver<\/title>\n<meta name=\"description\" content=\"Der Energiemarkt und Sektor der nat\u00fcrlichen Ressourcen entwickeln sich st\u00e4ndig weiter. Anderson MacGyver kann Ihnen dabei behilflich sein.\" \/>\n<meta name=\"robots\" content=\"index, follow, max-snippet:-1, max-image-preview:large, max-video-preview:-1\" \/>\n<link rel=\"canonical\" href=\"https:\/\/www.andersonmacgyver.com\/de\/energie-und-naturliche-ressourcen\/\" \/>\n<meta property=\"og:locale\" content=\"de_DE\" \/>\n<meta property=\"og:type\" content=\"article\" \/>\n<meta property=\"og:title\" content=\"Energie und nat\u00fcrliche Ressourcen | Anderson MacGyver\" \/>\n<meta property=\"og:description\" content=\"Der Energiemarkt und Sektor der nat\u00fcrlichen Ressourcen entwickeln sich st\u00e4ndig weiter. Anderson MacGyver kann Ihnen dabei behilflich sein.\" \/>\n<meta property=\"og:url\" content=\"https:\/\/www.andersonmacgyver.com\/de\/energie-und-naturliche-ressourcen\/\" \/>\n<meta property=\"og:site_name\" content=\"Anderson MacGyver\" \/>\n<meta property=\"article:modified_time\" content=\"2022-03-29T08:03:26+00:00\" \/>\n<meta property=\"og:image\" content=\"https:\/\/www.andersonmacgyver.com\/wp-content\/uploads\/2020\/10\/2.-Energy-and-Natural-Resources-1.png\" \/>\n\t<meta property=\"og:image:width\" content=\"1207\" \/>\n\t<meta property=\"og:image:height\" content=\"428\" \/>\n\t<meta property=\"og:image:type\" content=\"image\/png\" \/>\n<meta name=\"twitter:card\" content=\"summary_large_image\" \/>\n<script type=\"application\/ld+json\" class=\"yoast-schema-graph\">{\"@context\":\"https:\\\/\\\/schema.org\",\"@graph\":[{\"@type\":\"WebPage\",\"@id\":\"https:\\\/\\\/www.andersonmacgyver.com\\\/de\\\/energie-und-naturliche-ressourcen\\\/\",\"url\":\"https:\\\/\\\/www.andersonmacgyver.com\\\/de\\\/energie-und-naturliche-ressourcen\\\/\",\"name\":\"Energie und nat\u00fcrliche Ressourcen | Anderson MacGyver\",\"isPartOf\":{\"@id\":\"https:\\\/\\\/www.andersonmacgyver.com\\\/de\\\/#website\"},\"primaryImageOfPage\":{\"@id\":\"https:\\\/\\\/www.andersonmacgyver.com\\\/de\\\/energie-und-naturliche-ressourcen\\\/#primaryimage\"},\"image\":{\"@id\":\"https:\\\/\\\/www.andersonmacgyver.com\\\/de\\\/energie-und-naturliche-ressourcen\\\/#primaryimage\"},\"thumbnailUrl\":\"https:\\\/\\\/www.andersonmacgyver.com\\\/wp-content\\\/uploads\\\/2020\\\/10\\\/2.-Energy-and-Natural-Resources-1.png\",\"datePublished\":\"2021-03-15T03:30:13+00:00\",\"dateModified\":\"2022-03-29T08:03:26+00:00\",\"description\":\"Der Energiemarkt und Sektor der nat\u00fcrlichen Ressourcen entwickeln sich st\u00e4ndig weiter. Anderson MacGyver kann Ihnen dabei behilflich sein.\",\"inLanguage\":\"de\",\"potentialAction\":[{\"@type\":\"ReadAction\",\"target\":[\"https:\\\/\\\/www.andersonmacgyver.com\\\/de\\\/energie-und-naturliche-ressourcen\\\/\"]}]},{\"@type\":\"ImageObject\",\"inLanguage\":\"de\",\"@id\":\"https:\\\/\\\/www.andersonmacgyver.com\\\/de\\\/energie-und-naturliche-ressourcen\\\/#primaryimage\",\"url\":\"https:\\\/\\\/www.andersonmacgyver.com\\\/wp-content\\\/uploads\\\/2020\\\/10\\\/2.-Energy-and-Natural-Resources-1.png\",\"contentUrl\":\"https:\\\/\\\/www.andersonmacgyver.com\\\/wp-content\\\/uploads\\\/2020\\\/10\\\/2.-Energy-and-Natural-Resources-1.png\",\"width\":1207,\"height\":428,\"caption\":\"Energy and Natural Resources\"},{\"@type\":\"WebSite\",\"@id\":\"https:\\\/\\\/www.andersonmacgyver.com\\\/de\\\/#website\",\"url\":\"https:\\\/\\\/www.andersonmacgyver.com\\\/de\\\/\",\"name\":\"Anderson MacGyver\",\"description\":\"Organizing Data &amp; Technology\",\"potentialAction\":[{\"@type\":\"SearchAction\",\"target\":{\"@type\":\"EntryPoint\",\"urlTemplate\":\"https:\\\/\\\/www.andersonmacgyver.com\\\/de\\\/?s={search_term_string}\"},\"query-input\":{\"@type\":\"PropertyValueSpecification\",\"valueRequired\":true,\"valueName\":\"search_term_string\"}}],\"inLanguage\":\"de\"}]}<\/script>\n<!-- \/ Yoast SEO plugin. -->","yoast_head_json":{"title":"Energie und nat\u00fcrliche Ressourcen | Anderson MacGyver","description":"Der Energiemarkt und Sektor der nat\u00fcrlichen Ressourcen entwickeln sich st\u00e4ndig weiter. Anderson MacGyver kann Ihnen dabei behilflich sein.","robots":{"index":"index","follow":"follow","max-snippet":"max-snippet:-1","max-image-preview":"max-image-preview:large","max-video-preview":"max-video-preview:-1"},"canonical":"https:\/\/www.andersonmacgyver.com\/de\/energie-und-naturliche-ressourcen\/","og_locale":"de_DE","og_type":"article","og_title":"Energie und nat\u00fcrliche Ressourcen | Anderson MacGyver","og_description":"Der Energiemarkt und Sektor der nat\u00fcrlichen Ressourcen entwickeln sich st\u00e4ndig weiter. Anderson MacGyver kann Ihnen dabei behilflich sein.","og_url":"https:\/\/www.andersonmacgyver.com\/de\/energie-und-naturliche-ressourcen\/","og_site_name":"Anderson MacGyver","article_modified_time":"2022-03-29T08:03:26+00:00","og_image":[{"width":1207,"height":428,"url":"https:\/\/www.andersonmacgyver.com\/wp-content\/uploads\/2020\/10\/2.-Energy-and-Natural-Resources-1.png","type":"image\/png"}],"twitter_card":"summary_large_image","schema":{"@context":"https:\/\/schema.org","@graph":[{"@type":"WebPage","@id":"https:\/\/www.andersonmacgyver.com\/de\/energie-und-naturliche-ressourcen\/","url":"https:\/\/www.andersonmacgyver.com\/de\/energie-und-naturliche-ressourcen\/","name":"Energie und nat\u00fcrliche Ressourcen | Anderson MacGyver","isPartOf":{"@id":"https:\/\/www.andersonmacgyver.com\/de\/#website"},"primaryImageOfPage":{"@id":"https:\/\/www.andersonmacgyver.com\/de\/energie-und-naturliche-ressourcen\/#primaryimage"},"image":{"@id":"https:\/\/www.andersonmacgyver.com\/de\/energie-und-naturliche-ressourcen\/#primaryimage"},"thumbnailUrl":"https:\/\/www.andersonmacgyver.com\/wp-content\/uploads\/2020\/10\/2.-Energy-and-Natural-Resources-1.png","datePublished":"2021-03-15T03:30:13+00:00","dateModified":"2022-03-29T08:03:26+00:00","description":"Der Energiemarkt und Sektor der nat\u00fcrlichen Ressourcen entwickeln sich st\u00e4ndig weiter. Anderson MacGyver kann Ihnen dabei behilflich sein.","inLanguage":"de","potentialAction":[{"@type":"ReadAction","target":["https:\/\/www.andersonmacgyver.com\/de\/energie-und-naturliche-ressourcen\/"]}]},{"@type":"ImageObject","inLanguage":"de","@id":"https:\/\/www.andersonmacgyver.com\/de\/energie-und-naturliche-ressourcen\/#primaryimage","url":"https:\/\/www.andersonmacgyver.com\/wp-content\/uploads\/2020\/10\/2.-Energy-and-Natural-Resources-1.png","contentUrl":"https:\/\/www.andersonmacgyver.com\/wp-content\/uploads\/2020\/10\/2.-Energy-and-Natural-Resources-1.png","width":1207,"height":428,"caption":"Energy and Natural Resources"},{"@type":"WebSite","@id":"https:\/\/www.andersonmacgyver.com\/de\/#website","url":"https:\/\/www.andersonmacgyver.com\/de\/","name":"Anderson MacGyver","description":"Organizing Data &amp; Technology","potentialAction":[{"@type":"SearchAction","target":{"@type":"EntryPoint","urlTemplate":"https:\/\/www.andersonmacgyver.com\/de\/?s={search_term_string}"},"query-input":{"@type":"PropertyValueSpecification","valueRequired":true,"valueName":"search_term_string"}}],"inLanguage":"de"}]}},"_links":{"self":[{"href":"https:\/\/www.andersonmacgyver.com\/de\/wp-json\/wp\/v2\/pages\/5151","targetHints":{"allow":["GET"]}}],"collection":[{"href":"https:\/\/www.andersonmacgyver.com\/de\/wp-json\/wp\/v2\/pages"}],"about":[{"href":"https:\/\/www.andersonmacgyver.com\/de\/wp-json\/wp\/v2\/types\/page"}],"author":[{"embeddable":true,"href":"https:\/\/www.andersonmacgyver.com\/de\/wp-json\/wp\/v2\/users\/1"}],"replies":[{"embeddable":true,"href":"https:\/\/www.andersonmacgyver.com\/de\/wp-json\/wp\/v2\/comments?post=5151"}],"version-history":[{"count":8,"href":"https:\/\/www.andersonmacgyver.com\/de\/wp-json\/wp\/v2\/pages\/5151\/revisions"}],"predecessor-version":[{"id":7481,"href":"https:\/\/www.andersonmacgyver.com\/de\/wp-json\/wp\/v2\/pages\/5151\/revisions\/7481"}],"wp:featuredmedia":[{"embeddable":true,"href":"https:\/\/www.andersonmacgyver.com\/de\/wp-json\/wp\/v2\/media\/2749"}],"wp:attachment":[{"href":"https:\/\/www.andersonmacgyver.com\/de\/wp-json\/wp\/v2\/media?parent=5151"}],"curies":[{"name":"wp","href":"https:\/\/api.w.org\/{rel}","templated":true}]}}