{"id":5144,"date":"2021-03-15T01:46:20","date_gmt":"2021-03-15T00:46:20","guid":{"rendered":"https:\/\/www.andersonmacgyver.com\/?page_id=5144"},"modified":"2022-03-29T09:51:03","modified_gmt":"2022-03-29T07:51:03","slug":"bau-und-infrastruktur","status":"publish","type":"page","link":"https:\/\/www.andersonmacgyver.com\/de\/bau-und-infrastruktur\/","title":{"rendered":"Bau und Infrastruktur"},"content":{"rendered":"<div class=\"container_marge\"><\/div><div class=\"block_24\">\r\n\t<div class=\"container p-0\">\r\n\t\t<div class=\"d-none d-xl-block\">\r\n\t\t\t<div class=\"row\">\r\n\t\t\t\t\t\t\t\t\t<div class=\"col-lg-12\">\r\n\t\t\t\t\t\t<h2 class=\"block_title\">Bau und Infrastruktur<\/h2>\r\n\t\t\t\t\t<\/div>\r\n\t\t\t\t\t\t\t\t<div class=\"col-lg-4\"><div data-aos=\"fade-up\" data-aos-once=\"true\" class=\"publication_box\"><a class=\"publication_box_link\" href=\"https:\/\/www.andersonmacgyver.com\/de\/case\/spie\/\"><figure class=\"figure_hover\"><div class=\"publication_thumb cover\" style=\"background-image: url(https:\/\/www.andersonmacgyver.com\/wp-content\/uploads\/2020\/10\/SPIE-1224x816.jpg);\"><\/div><\/figure><div class=\"publication_inner\"><div class=\"publication_cat\">Kundenbericht<\/div><h2 class=\"publication_title\">Vision und Ausdauer bei der digitalen Transformation von SPIE<\/h2><\/div><\/div><\/a><\/div><div class=\"col-lg-4\"><div data-aos=\"fade-up\" data-aos-once=\"true\" class=\"publication_box\"><a class=\"publication_box_link\" href=\"https:\/\/www.andersonmacgyver.com\/de\/case\/allinq\/\"><figure class=\"figure_hover\"><div class=\"publication_thumb cover\" style=\"background-image: url(https:\/\/www.andersonmacgyver.com\/wp-content\/uploads\/2020\/10\/Allinq-1224x918.jpg);\"><\/div><\/figure><div class=\"publication_inner\"><div class=\"publication_cat\">Kundenbericht<\/div><h2 class=\"publication_title\">Die digitale Transformation des Netzwerkspezialisten Allinq<\/h2><\/div><\/div><\/a><\/div>\t\t\t<\/div>\r\n\t\t<\/div>\r\n\t\t<div class=\"d-block d-xl-none\">\r\n\t\t\t<div class=\"row\">\r\n\t\t\t\t\t\t\t\t\t<div class=\"col-lg-12\">\r\n\t\t\t\t\t\t<h2 class=\"block_title\">Bau und Infrastruktur<\/h2>\r\n\t\t\t\t\t<\/div>\r\n\t\t\t\t\t\t\t<\/div>\r\n\t\t\t<div class=\"row\">\r\n\t\t\t\t<div class=\"col-lg-6 b21h_pr0\"><div class=\"block_12_img cover\" style=\"background-image:url(https:\/\/www.andersonmacgyver.com\/wp-content\/uploads\/2020\/10\/SPIE-1224x816.jpg);\"><\/div><\/div><div class=\"col-lg-6 b21h_pl0\"><div class=\"table_box\"><div class=\"table_cell\"><p class=\"psf_subtitle\">Vision und Ausdauer bei der digitalen Transformation von SPIE<\/p><h2 class=\"block_title\">SPIE<\/h2><div class=\"block_content\"><p>\u201eDas Engagement von Anderson MacGyver ist ph\u00e4nomenal. Das sind zwar externe Berater, und doch sind sie wirklich Teil des Teams. In puncto Qualit\u00e4t gehen sie keine Kompromisse ein.\u201c<\/p>\n<\/div><a href=\"https:\/\/www.andersonmacgyver.com\/de\/case\/spie\/\" class=\"btn\">Lesen Sie weiter <i class=\"fas fa-arrow-right\"><\/i><\/a><\/div><\/div><\/div><div class=\"fill1\"><\/div><div class=\"col-lg-6 b21h_pr0\"><div class=\"block_12_img cover\" style=\"background-image:url(https:\/\/www.andersonmacgyver.com\/wp-content\/uploads\/2020\/10\/Allinq-1224x918.jpg);\"><\/div><\/div><div class=\"col-lg-6 b21h_pl0\"><div class=\"table_box\"><div class=\"table_cell\"><p class=\"psf_subtitle\">Die digitale Transformation des Netzwerkspezialisten Allinq<\/p><h2 class=\"block_title\">Allinq Groep<\/h2><div class=\"block_content\"><p>&#8222;Die gr\u00f6\u00dfte St\u00e4rke von Anderson MacGyver ist der ganzheitliche Ansatz; vom Verstehen unserer organisatorischen Herausforderungen \u00fcber die Unterst\u00fctzung bei der Entscheidungsfindung bis hin zur Erstellung von Pl\u00e4nen und deren Umsetzung.&#8220;<\/p>\n<\/div><a href=\"https:\/\/www.andersonmacgyver.com\/de\/case\/allinq\/\" class=\"btn\">Lesen Sie weiter <i class=\"fas fa-arrow-right\"><\/i><\/a><\/div><\/div><\/div><div class=\"fill1\"><\/div>\t\t\t<\/div>\r\n\t\t\t<!-- <div class=\"row row_min_991\">\r\n\t\t\t\t<div class=\"col-lg-4 col_min_991\"><div class=\"col_inner_min_991\"><div class=\"publication_box\"><a class=\"publication_box_link\" href=\"https:\/\/www.andersonmacgyver.com\/de\/wissender-artikel\/cio-masterclass-digital-ecosystem-strategies\/\"><div class=\"publication_thumb cover\" style=\"background-image: url(https:\/\/www.andersonmacgyver.com\/wp-content\/uploads\/2025\/04\/Website-Header-blog-1.png);\"><\/div><div class=\"publication_inner\"><div class=\"publication_cat\">Kundenbericht<\/div><h2 class=\"publication_title\">CIO Masterclass: Digital Ecosystem strategies<\/h2><\/div><\/div><\/a><\/div><\/div><div class=\"col-lg-4 col_min_991\"><div class=\"col_inner_min_991\"><div class=\"publication_box\"><a class=\"publication_box_link\" href=\"https:\/\/www.andersonmacgyver.com\/de\/case\/globale-crm-implementierung-fur-eine-360-kundensicht-bei-scania\/\"><div class=\"publication_thumb cover\" style=\"background-image: url(https:\/\/www.andersonmacgyver.com\/wp-content\/uploads\/2023\/11\/Scania.jpg);\"><\/div><div class=\"publication_inner\"><div class=\"publication_cat\">Kundenbericht<\/div><h2 class=\"publication_title\">Globale CRM-Implementierung f\u00fcr eine 360\u00b0-Kundensicht bei Scania<\/h2><\/div><\/div><\/a><\/div><\/div><div class=\"col-lg-4 col_min_991\"><div class=\"col_inner_min_991\"><div class=\"publication_box\"><a class=\"publication_box_link\" href=\"https:\/\/www.andersonmacgyver.com\/de\/case\/zukunftssichere-it-strategie-und-it-landschaft-fur-fiber-experts\/\"><div class=\"publication_thumb cover\" style=\"background-image: url(https:\/\/www.andersonmacgyver.com\/wp-content\/uploads\/2023\/11\/ftth-turnkey-loesung-glasfaserausbau-jpg.webp);\"><\/div><div class=\"publication_inner\"><div class=\"publication_cat\">Kundenbericht<\/div><h2 class=\"publication_title\">Zukunftssichere\u00a0IT-strategie und IT-landschaft f\u00fcr Fiber Experts<\/h2><\/div><\/div><\/a><\/div><\/div>\t\t\t<\/div> -->\r\n\t\t<\/div>\r\n\t<\/div>\r\n<\/div>\r\n\n\n\r\n<\/div>\r\n\r\n\r\n    <div style=\"margin-top:60px\"><\/div>\r\n\r\n\r\n<div class=\"grey_block\" style=\"padding-top:px;padding-bottom:50px;margin-bottom:-px;\">\r\n    <div class='container-fluid'>\r\n\r\n\n\n\r\n\r\n<div class=\"container_marge\"><\/div>\r\n<div class=\"block_22\">\r\r\n\t<div class=\"container p-0\">\r\r\n\t\t<div class=\"row rowhide\">\r\r\n\t\t\t\r\n\t\t\t\t\r\n\t\t\t\t\t<div class=\"col-xl-8 col-lg-12\">\r\r\n\t\t\t\t\t\t<h2 class=\"block_title\">Aktuelle Beitr\u00e4ge<\/h2>\r\r\n\t\t\t\t\t<\/div>\r\r\n\t\t\t\t\r\n\t\t\t\t\r\n\t\t\t\t\t<div class=\"col-4 d-none d-xl-block text-right\">\r\r\n\t\t\t\t\t\t<a href=\"\/publications\/\" class=\"link_all\">Mehr anzeigen <i class=\"fas fa-arrow-right\"><\/i><\/a>\r\r\n\t\t\t\t\t<\/div>\r\r\n\t\t\t\t\r\n\t\t\t\r\n\t\t<\/div>\r\r\n\t\t<div class=\"row row_min_991\">\r\r\n\t\t\t<div class=\"col-xl-4 col-lg-6 col_min_991\"><div class=\"col_inner_min_991\"><div data-aos=\"fade-up\" data-aos-once=\"true\" class=\"publication_box\"><a class=\"publication_box_link\" href=\"https:\/\/www.andersonmacgyver.com\/de\/wissender-artikel\/cio-masterclass-digital-ecosystem-strategies\/\"><figure class=\"figure_hover\"><div class=\"publication_thumb cover\" style=\"background-image: url(https:\/\/www.andersonmacgyver.com\/wp-content\/uploads\/2025\/04\/Website-Header-blog-1.png);\"><\/div><\/figure><div class=\"publication_inner\"><div class=\"publication_cat\">Wissender Artikel<\/div><h2 class=\"publication_title\">CIO Masterclass: Digital Ecosystem strategies<\/h2><\/div><\/div><\/a><\/div><\/div><div class=\"col-xl-4 col-lg-6 col_min_991\"><div class=\"col_inner_min_991\"><div data-aos=\"fade-up\" data-aos-once=\"true\" class=\"publication_box\"><a class=\"publication_box_link\" href=\"https:\/\/www.andersonmacgyver.com\/de\/case\/globale-crm-implementierung-fur-eine-360-kundensicht-bei-scania\/\"><figure class=\"figure_hover\"><div class=\"publication_thumb cover\" style=\"background-image: url(https:\/\/www.andersonmacgyver.com\/wp-content\/uploads\/2023\/11\/Scania.jpg);\"><\/div><\/figure><div class=\"publication_inner\"><div class=\"publication_cat\">Scania<\/div><h2 class=\"publication_title\">Globale CRM-Implementierung f\u00fcr eine 360\u00b0-Kundensicht bei Scania<\/h2><\/div><\/div><\/a><\/div><\/div><div class=\"col-xl-4 col-lg-6 col_min_991\"><div class=\"col_inner_min_991\"><div data-aos=\"fade-up\" data-aos-once=\"true\" class=\"publication_box\"><a class=\"publication_box_link\" href=\"https:\/\/www.andersonmacgyver.com\/de\/case\/zukunftssichere-it-strategie-und-it-landschaft-fur-fiber-experts\/\"><figure class=\"figure_hover\"><div class=\"publication_thumb cover\" style=\"background-image: url(https:\/\/www.andersonmacgyver.com\/wp-content\/uploads\/2023\/11\/ftth-turnkey-loesung-glasfaserausbau-jpg.webp);\"><\/div><\/figure><div class=\"publication_inner\"><div class=\"publication_cat\">Fiber Experts<\/div><h2 class=\"publication_title\">Zukunftssichere\u00a0IT-strategie und IT-landschaft f\u00fcr Fiber Experts<\/h2><\/div><\/div><\/a><\/div><\/div>\r\n\t\t<\/div>\r\r\n\t<\/div>\r\r\n<\/div>\r\r\n\n\n\n<div style=\"height:20px\" aria-hidden=\"true\" class=\"wp-block-spacer\"><\/div>\n\n\n<\/div>\r\n<\/div>\r\n\r\n<div class=\"container\">","protected":false},"excerpt":{"rendered":"","protected":false},"author":1,"featured_media":2740,"parent":0,"menu_order":30,"comment_status":"closed","ping_status":"closed","template":"","meta":{"_acf_changed":false,"content-type":"","footnotes":""},"class_list":["post-5144","page","type-page","status-publish","has-post-thumbnail","hentry"],"acf":[],"yoast_head":"<!-- This site is optimized with the Yoast SEO plugin v27.5 - https:\/\/yoast.com\/product\/yoast-seo-wordpress\/ -->\n<title>Bau und Infrastruktur - Anderson MacGyver<\/title>\n<meta name=\"description\" content=\"F\u00fcr Unternehmen im Maschinenbau und Bauwesen vollzieht sich ein tiefgreifender digitaler Wandel, angetrieben durch Industry 4.0-Technologien.\" \/>\n<meta name=\"robots\" content=\"index, follow, max-snippet:-1, max-image-preview:large, max-video-preview:-1\" \/>\n<link rel=\"canonical\" href=\"https:\/\/www.andersonmacgyver.com\/de\/bau-und-infrastruktur\/\" \/>\n<meta property=\"og:locale\" content=\"de_DE\" \/>\n<meta property=\"og:type\" content=\"article\" \/>\n<meta property=\"og:title\" content=\"Bau und Infrastruktur - Anderson MacGyver\" \/>\n<meta property=\"og:description\" content=\"F\u00fcr Unternehmen im Maschinenbau und Bauwesen vollzieht sich ein tiefgreifender digitaler Wandel, angetrieben durch Industry 4.0-Technologien.\" \/>\n<meta property=\"og:url\" content=\"https:\/\/www.andersonmacgyver.com\/de\/bau-und-infrastruktur\/\" \/>\n<meta property=\"og:site_name\" content=\"Anderson MacGyver\" \/>\n<meta property=\"article:modified_time\" content=\"2022-03-29T07:51:03+00:00\" \/>\n<meta property=\"og:image\" content=\"https:\/\/www.andersonmacgyver.com\/wp-content\/uploads\/2020\/10\/1.-Construction-infrastructure.png\" \/>\n\t<meta property=\"og:image:width\" content=\"1207\" \/>\n\t<meta property=\"og:image:height\" content=\"428\" \/>\n\t<meta property=\"og:image:type\" content=\"image\/png\" \/>\n<meta name=\"twitter:card\" content=\"summary_large_image\" \/>\n<script type=\"application\/ld+json\" class=\"yoast-schema-graph\">{\"@context\":\"https:\\\/\\\/schema.org\",\"@graph\":[{\"@type\":\"WebPage\",\"@id\":\"https:\\\/\\\/www.andersonmacgyver.com\\\/de\\\/bau-und-infrastruktur\\\/\",\"url\":\"https:\\\/\\\/www.andersonmacgyver.com\\\/de\\\/bau-und-infrastruktur\\\/\",\"name\":\"Bau und Infrastruktur - Anderson MacGyver\",\"isPartOf\":{\"@id\":\"https:\\\/\\\/www.andersonmacgyver.com\\\/de\\\/#website\"},\"primaryImageOfPage\":{\"@id\":\"https:\\\/\\\/www.andersonmacgyver.com\\\/de\\\/bau-und-infrastruktur\\\/#primaryimage\"},\"image\":{\"@id\":\"https:\\\/\\\/www.andersonmacgyver.com\\\/de\\\/bau-und-infrastruktur\\\/#primaryimage\"},\"thumbnailUrl\":\"https:\\\/\\\/www.andersonmacgyver.com\\\/wp-content\\\/uploads\\\/2020\\\/10\\\/1.-Construction-infrastructure.png\",\"datePublished\":\"2021-03-15T00:46:20+00:00\",\"dateModified\":\"2022-03-29T07:51:03+00:00\",\"description\":\"F\u00fcr Unternehmen im Maschinenbau und Bauwesen vollzieht sich ein tiefgreifender digitaler Wandel, angetrieben durch Industry 4.0-Technologien.\",\"inLanguage\":\"de\",\"potentialAction\":[{\"@type\":\"ReadAction\",\"target\":[\"https:\\\/\\\/www.andersonmacgyver.com\\\/de\\\/bau-und-infrastruktur\\\/\"]}]},{\"@type\":\"ImageObject\",\"inLanguage\":\"de\",\"@id\":\"https:\\\/\\\/www.andersonmacgyver.com\\\/de\\\/bau-und-infrastruktur\\\/#primaryimage\",\"url\":\"https:\\\/\\\/www.andersonmacgyver.com\\\/wp-content\\\/uploads\\\/2020\\\/10\\\/1.-Construction-infrastructure.png\",\"contentUrl\":\"https:\\\/\\\/www.andersonmacgyver.com\\\/wp-content\\\/uploads\\\/2020\\\/10\\\/1.-Construction-infrastructure.png\",\"width\":1207,\"height\":428,\"caption\":\"construction infrastructure\"},{\"@type\":\"WebSite\",\"@id\":\"https:\\\/\\\/www.andersonmacgyver.com\\\/de\\\/#website\",\"url\":\"https:\\\/\\\/www.andersonmacgyver.com\\\/de\\\/\",\"name\":\"Anderson MacGyver\",\"description\":\"Organizing Data &amp; Technology\",\"potentialAction\":[{\"@type\":\"SearchAction\",\"target\":{\"@type\":\"EntryPoint\",\"urlTemplate\":\"https:\\\/\\\/www.andersonmacgyver.com\\\/de\\\/?s={search_term_string}\"},\"query-input\":{\"@type\":\"PropertyValueSpecification\",\"valueRequired\":true,\"valueName\":\"search_term_string\"}}],\"inLanguage\":\"de\"}]}<\/script>\n<!-- \/ Yoast SEO plugin. -->","yoast_head_json":{"title":"Bau und Infrastruktur - Anderson MacGyver","description":"F\u00fcr Unternehmen im Maschinenbau und Bauwesen vollzieht sich ein tiefgreifender digitaler Wandel, angetrieben durch Industry 4.0-Technologien.","robots":{"index":"index","follow":"follow","max-snippet":"max-snippet:-1","max-image-preview":"max-image-preview:large","max-video-preview":"max-video-preview:-1"},"canonical":"https:\/\/www.andersonmacgyver.com\/de\/bau-und-infrastruktur\/","og_locale":"de_DE","og_type":"article","og_title":"Bau und Infrastruktur - Anderson MacGyver","og_description":"F\u00fcr Unternehmen im Maschinenbau und Bauwesen vollzieht sich ein tiefgreifender digitaler Wandel, angetrieben durch Industry 4.0-Technologien.","og_url":"https:\/\/www.andersonmacgyver.com\/de\/bau-und-infrastruktur\/","og_site_name":"Anderson MacGyver","article_modified_time":"2022-03-29T07:51:03+00:00","og_image":[{"width":1207,"height":428,"url":"https:\/\/www.andersonmacgyver.com\/wp-content\/uploads\/2020\/10\/1.-Construction-infrastructure.png","type":"image\/png"}],"twitter_card":"summary_large_image","schema":{"@context":"https:\/\/schema.org","@graph":[{"@type":"WebPage","@id":"https:\/\/www.andersonmacgyver.com\/de\/bau-und-infrastruktur\/","url":"https:\/\/www.andersonmacgyver.com\/de\/bau-und-infrastruktur\/","name":"Bau und Infrastruktur - Anderson MacGyver","isPartOf":{"@id":"https:\/\/www.andersonmacgyver.com\/de\/#website"},"primaryImageOfPage":{"@id":"https:\/\/www.andersonmacgyver.com\/de\/bau-und-infrastruktur\/#primaryimage"},"image":{"@id":"https:\/\/www.andersonmacgyver.com\/de\/bau-und-infrastruktur\/#primaryimage"},"thumbnailUrl":"https:\/\/www.andersonmacgyver.com\/wp-content\/uploads\/2020\/10\/1.-Construction-infrastructure.png","datePublished":"2021-03-15T00:46:20+00:00","dateModified":"2022-03-29T07:51:03+00:00","description":"F\u00fcr Unternehmen im Maschinenbau und Bauwesen vollzieht sich ein tiefgreifender digitaler Wandel, angetrieben durch Industry 4.0-Technologien.","inLanguage":"de","potentialAction":[{"@type":"ReadAction","target":["https:\/\/www.andersonmacgyver.com\/de\/bau-und-infrastruktur\/"]}]},{"@type":"ImageObject","inLanguage":"de","@id":"https:\/\/www.andersonmacgyver.com\/de\/bau-und-infrastruktur\/#primaryimage","url":"https:\/\/www.andersonmacgyver.com\/wp-content\/uploads\/2020\/10\/1.-Construction-infrastructure.png","contentUrl":"https:\/\/www.andersonmacgyver.com\/wp-content\/uploads\/2020\/10\/1.-Construction-infrastructure.png","width":1207,"height":428,"caption":"construction infrastructure"},{"@type":"WebSite","@id":"https:\/\/www.andersonmacgyver.com\/de\/#website","url":"https:\/\/www.andersonmacgyver.com\/de\/","name":"Anderson MacGyver","description":"Organizing Data &amp; Technology","potentialAction":[{"@type":"SearchAction","target":{"@type":"EntryPoint","urlTemplate":"https:\/\/www.andersonmacgyver.com\/de\/?s={search_term_string}"},"query-input":{"@type":"PropertyValueSpecification","valueRequired":true,"valueName":"search_term_string"}}],"inLanguage":"de"}]}},"_links":{"self":[{"href":"https:\/\/www.andersonmacgyver.com\/de\/wp-json\/wp\/v2\/pages\/5144","targetHints":{"allow":["GET"]}}],"collection":[{"href":"https:\/\/www.andersonmacgyver.com\/de\/wp-json\/wp\/v2\/pages"}],"about":[{"href":"https:\/\/www.andersonmacgyver.com\/de\/wp-json\/wp\/v2\/types\/page"}],"author":[{"embeddable":true,"href":"https:\/\/www.andersonmacgyver.com\/de\/wp-json\/wp\/v2\/users\/1"}],"replies":[{"embeddable":true,"href":"https:\/\/www.andersonmacgyver.com\/de\/wp-json\/wp\/v2\/comments?post=5144"}],"version-history":[{"count":14,"href":"https:\/\/www.andersonmacgyver.com\/de\/wp-json\/wp\/v2\/pages\/5144\/revisions"}],"predecessor-version":[{"id":7479,"href":"https:\/\/www.andersonmacgyver.com\/de\/wp-json\/wp\/v2\/pages\/5144\/revisions\/7479"}],"wp:featuredmedia":[{"embeddable":true,"href":"https:\/\/www.andersonmacgyver.com\/de\/wp-json\/wp\/v2\/media\/2740"}],"wp:attachment":[{"href":"https:\/\/www.andersonmacgyver.com\/de\/wp-json\/wp\/v2\/media?parent=5144"}],"curies":[{"name":"wp","href":"https:\/\/api.w.org\/{rel}","templated":true}]}}