{"id":11772,"date":"2023-10-06T11:34:56","date_gmt":"2023-10-06T09:34:56","guid":{"rendered":"https:\/\/www.andersonmacgyver.com\/?page_id=11772"},"modified":"2025-04-29T11:58:33","modified_gmt":"2025-04-29T09:58:33","slug":"registration-client-event","status":"publish","type":"page","link":"https:\/\/www.andersonmacgyver.com\/de\/registration-client-event\/","title":{"rendered":"Registration Client Event Germany"},"content":{"rendered":"\r\n\r\n<div class=\"container_marge\"><\/div>\r\n<div class=\"block_16 disable_border\">\r\r\n\t<div class=\"container p-0\">\r\r\n\t\t<div class=\"row\">\r\r\n\t\t\t<div class=\"col-xl-8 col_marge_1200\">\r\r\n\t\t\t\t<div class=\"block_16_left\">\r\r\n\t\t\t\t\t\r\n\t\t\t\t\t\t<h2 class=\"block_title\">Netzwerk-Infrastruktur im Wandel: Inspiration aus anderen Branchen und L\u00e4ndern f\u00fcr die Zukunft des Glasfaserbaus<\/h2>\r\r\n\t\t\t\t\t\r\n\t\t\t\t\t\r\n\t\t\t\t\t\t<div class=\"block_content\"><p><!-- \/wp:paragraph --><\/p>\n<p>Die Netzwerk-Infrastruktur steht vor entscheidenden Herausforderungen aber auch gro\u00dfen Chancen. Der Glasfaserausbau schreitet voran, und mit Blick auf ein potenzielles Ende des Ausbaus, lenken wir den Blick in unserem Event auf Best Practices anderer L\u00e4nder und anderer Branchen &#8211; Wie k\u00f6nnen Prozesse weiter optimiert, Innovationen gef\u00f6rdert und damit die Zukunftsf\u00e4higkeit gesichert werden?<\/p>\n<p>In unserem Event beleuchten wir, welche Ans\u00e4tze und Entwicklungen in der Schweiz und in anderen gewerksnahen Branchen neue Impulse f\u00fcr den Glasfaserausbau liefern k\u00f6nnen:<\/p>\n<ul>\n<li><strong>Impulsvortrag 1:<\/strong> Markus van Heijningen (cablex AG) pr\u00e4sentiert anhand von drei Praxisbeispielen, welche Innovationen den Glasfaserbau in der Schweiz vorantreiben.<\/li>\n<li><strong>Impulsvortrag 2: <\/strong>Als Experte der Energiebranche zeigt John Simons, wie Daten die Energiewende nach vorne bringen und welche Erkenntnisse sich daraus f\u00fcr den Glasfaserausbau ableiten lassen.<\/li>\n<\/ul>\n<p>Im anschlie\u00dfenden <strong>Panel<\/strong> diskutieren Branchenexperten, welche Erkenntnisse aus diesen Perspektiven gewonnen werden k\u00f6nnen und wie sich die Netzwerk-Infrastruktur in den kommenden Jahren weiterentwickeln wird.<\/p>\n<p>Freuen Sie sich auf spannende Einblicke und den Austausch mit Fachleuten aus verschiedenen Bereichen der Infrastrukturentwicklung.<\/p>\n<p>\u200b<strong>Wann?\u00a0\u00a0\u00a0\u00a0\u00a0\u00a0\u00a0\u00a0\u00a0\u00a0<\/strong>\u00a006. Mai 2025, 17 Uhr\u202f\u200b<br \/>\n<strong>Wo?<\/strong>\u00a0\u00a0 \u00a0 \u00a0 \u00a0 \u00a0 \u00a0 \u00a0 \u00a0 Prinzenstra\u00dfe 2A, 42697 Solingen<\/p>\n<p><script charset=\"utf-8\" type=\"text\/javascript\" src=\"\/\/js-eu1.hsforms.net\/forms\/embed\/v2.js\"><\/script><br \/>\n<script>\n  hbspt.forms.create({\n    portalId: \"145097129\",\n    formId: \"ace52fe6-27b0-4bc8-8406-840b89f0dec2\",\n    region: \"eu1\"\n  });\n<\/script><\/p>\n<h3>Programm<\/h3>\n<p><!-- wp:table --><\/p>\n<figure class=\"wp-block-table\">\n<table style=\"height: 227px;\" width=\"1060\">\n<tbody>\n<tr>\n<td><strong>17:00\u00a0 \u00a0<span class=\"TextRun SCXW62388990 BCX4\" lang=\"DE-DE\" xml:lang=\"DE-DE\" data-contrast=\"none\"><span class=\"NormalTextRun SCXW62388990 BCX4\">Check-In<\/span><\/span><\/strong><\/td>\n<\/tr>\n<tr>\n<td><strong>17:15\u00a0 \u00a0 Willkommen und Begr\u00fc\u00dfung<br \/>\n<\/strong><em>S\u00f6nke Thoms, Gesch\u00e4ftsf\u00fchrer &amp; Management Consultant, Anderson MacGyver Germany<\/em><strong><br \/>\n<\/strong><\/td>\n<\/tr>\n<tr>\n<td><strong>17:20\u00a0 \u00a0 Impulsvortrag: \u201e Innovationen im Glasfaserbau: Drei Praxisbeispiele aus der Schweiz \u201c <span class=\"LineBreakBlob BlobObject DragDrop SCXW119293549 BCX8\"><br class=\"SCXW119293549 BCX8\" \/><\/span><\/strong><em>Markus van Heijningen, CDO cablex AG<\/em><\/td>\n<\/tr>\n<tr>\n<td><strong>17:50\u00a0 \u00a0 Impulsvortrag (Englisch): \u201e Accelerating the energy transition with Data \u201c<br \/>\n<\/strong><em> John Simons, Management Consultant and ehemaliger (Interim) Head of Digital &amp; Data (CDO) und CISO bei TenneT TSO<\/em><\/td>\n<\/tr>\n<tr>\n<td><strong>18:20\u00a0 \u00a0 Panel: \u201cWas der Glasfaserausbau von anderen Branchen und L\u00e4ndern lernen kann \u201c<br \/>\n<\/strong><em>Markus van Heijningen &#8211; CDO cablex AG<\/em><br \/>\n<em>John Simons &#8211;\u00a0 Management Consultant and ehemaliger (Interim) Head of Digital &amp; Data (CDO) und CISO bei TenneT TSO<\/em><br \/>\n<em>Dean Ha\u00dfdenteufel &#8211; Key Account Manager Logicalis Connected GmbH<\/em><br \/>\n<em>Joachim Depper &#8211; Management Consultant bei Anderson MacGyver<\/em><\/td>\n<\/tr>\n<tr>\n<td><strong><strong>18:50\u00a0 \u00a0 \u00a0 <span class=\"TextRun SCXP86956020 BCX4\" lang=\"DE-DE\" xml:lang=\"DE-DE\" data-scheme-color=\"@2C2C2D,1,\" data-usefontface=\"true\" data-contrast=\"none\"><span class=\"SpellingError SCXP86956020 BCX4\">Get<\/span><\/span> <span class=\"TextRun SCXP86956020 BCX4\" lang=\"DE-DE\" xml:lang=\"DE-DE\" data-scheme-color=\"@2C2C2D,1,\" data-usefontface=\"true\" data-contrast=\"none\"><span class=\"SpellingError SCXP86956020 BCX4\">together <\/span><\/span><\/strong><\/strong>bei Snacks und Drinks<\/td>\n<\/tr>\n<\/tbody>\n<\/table>\n<\/figure>\n<p><strong><!-- \/wp:table --><\/strong><\/p>\n<h3><\/h3>\n<h3>Seien Sie dabei!<\/h3>\n<p><strong>S\u00f6nke Thoms \u2013 Country Lead f\u00fcr Anderson MacGyver Deutschland\u00a0<\/strong><br \/>\nS\u00f6nke Thoms ist als Country Lead der Gesch\u00e4ftsf\u00fchrer Anderson MacGyver Deutschland und spielt dabei eine zentrale Rolle bei der Expansion des Unternehmens. Er verf\u00fcgt \u00fcber umfangreiches und branchen\u00fcbergreifendes Beratungswissen aus Strategie- und Umsetzungsprojekten an der Schnittstelle von Business und Technologie. Sein Fokus liegt derzeit auf der Beratung im Glasfaser- und Energiebereich.<\/p>\n<p><!-- wp:image {\"id\":14407,\"sizeSlug\":\"full\",\"linkDestination\":\"none\"} --><\/p>\n<figure class=\"wp-block-image size-full\"><img decoding=\"async\" width=\"300\" height=\"300\" class=\"wp-image-14407\" src=\"https:\/\/www.andersonmacgyver.com\/wp-content\/uploads\/2025\/03\/Soenke-1.jpg\" alt=\"\" \/><\/figure>\n<p>&nbsp;<\/p>\n<p><!-- \/wp:image --><\/p>\n<p><strong>Markus van Heijningen<\/strong><strong> &#8211; <\/strong><strong>CDO cablex AG<br \/>\n<\/strong>Markus van Heijningen ist Chief Digital Officer bei cablex AG, einer Tochtergesellschaft von Swisscom. Das Unternehmen ist spezialisiert auf den Bau, die Wartung und den Betrieb von leistungsstarken ICT- und Netzwerkinfrastrukturl\u00f6sungen sowie die Planung und Umsetzung von zukunftsweisenden &#8222;Smart Infrastructure&#8220;-Projekten. Vor seiner jetzigen Position war Mark Head of Smart City bei Swisscom Gesch\u00e4ftskunden und bekleidete verschiedene Positionen in den Bereichen Strategie, Partnermanagement sowie Business &amp; IT Consulting. Dar\u00fcber hinaus ist Mark Gastdozent an verschiedenen Schweizer Hochschulen f\u00fcr Gesch\u00e4ftsmodellinnovation und Digitalisierung und h\u00e4lt Keynotes an Konferenzen.<\/p>\n<p><!-- wp:image {\"id\":14412,\"sizeSlug\":\"full\",\"linkDestination\":\"none\"} --><\/p>\n<figure class=\"wp-block-image size-full\"><img decoding=\"async\" width=\"300\" height=\"300\" class=\"wp-image-14412\" src=\"https:\/\/www.andersonmacgyver.com\/wp-content\/uploads\/2025\/03\/Mark-van-Heijningen-1.jpg\" alt=\"\" \/><\/figure>\n<p>&nbsp;<\/p>\n<p><!-- \/wp:image --><\/p>\n<p><strong>John Simons &#8211; Management Consultant<br \/>\n<\/strong>John C. Simons ist ein erfahrener Manager und Berater mit Fokus auf Digitalisierung, Datenstrategie und Cybersicherheit. Als ehemaliger (Interim) Head of Digital &amp; Data (CDO) und CISO bei TenneT TSO trieb er die digitale Transformation und Sicherheitsstrategie voran. Seit 2013 ber\u00e4t er Unternehmen an der Schnittstelle von Business und IT \u2013 als Gr\u00fcnder von Canyon Management und Associate bei Anderson MacGyver. Sein Schwerpunkt liegt auf datengetriebener Wertsch\u00f6pfung, Cybersicherheit und nachhaltigen digitalen L\u00f6sungen. Zudem ist er seit 2019 als Aufsichtsrat f\u00fcr Digitalisierung in Medienorganisationen t\u00e4tig und bringt umfassende Erfahrung aus der Energie-, Finanz-, Logistik- und Telekommunikationsbranche mit.<\/p>\n<p><!-- wp:image {\"id\":14415,\"sizeSlug\":\"full\",\"linkDestination\":\"none\"} --><\/p>\n<figure class=\"wp-block-image size-full\"><img decoding=\"async\" width=\"300\" height=\"300\" class=\"wp-image-14415\" src=\"https:\/\/www.andersonmacgyver.com\/wp-content\/uploads\/2025\/03\/John-Simons-1.jpg\" alt=\"\" \/><\/figure>\n<p><!-- \/wp:image --><\/p>\n<p>&nbsp;<\/p>\n<p><strong>Dean Ha\u00dfdenteufel \u2013 Key Account Manager Logicalis Connected GmbH<br \/>\n<\/strong>Dean Ha\u00dfdenteufel ist als erfahrener Key-Account Manager ma\u00dfgeblich f\u00fcr den Vertrieb sowie die Gesch\u00e4ftsentwicklung im Bereich smart Infrastructure mit gesondertem Fokus sowohl auf den nationalen Glasfaser Ausbau als auch der Modernisierung von Stromverteilnetzen.<br \/>\nDurch L\u00f6sungen in puncto GIS-Tooling, Automatisierung und Digitalisierung von Dokumentationsprozessen und der Implementierung von KI-Methoden ist sein Ziel, die Prozesse des Breitbandausbaus innerhalb seines wachsenden Partnernetzwerks zu optimieren.<\/p>\n<p><!-- wp:image {\"id\":14426,\"sizeSlug\":\"full\",\"linkDestination\":\"none\"} --><\/p>\n<figure class=\"wp-block-image size-full\"><img decoding=\"async\" width=\"300\" height=\"300\" class=\"wp-image-14426\" src=\"https:\/\/www.andersonmacgyver.com\/wp-content\/uploads\/2025\/03\/Dean-Hassdenteufel-1.jpg\" alt=\"\" \/><!-- \/wp:image --><\/figure>\n<p><strong>Joachim Depper &#8211; Management Consultant<br \/>\n<\/strong>Joachim Depper begann seine berufliche Laufbahn bei der debitel AG als System Analytiker. Von 1995 bis 2006 arbeitete er bei der E-Plus \/ KPN mobile international. Zuletzt in der Funktion des CIO f\u00fcr Deutschland und Belgien. 2007 war er Mitgr\u00fcnder der deutschen Niederlassung der Mediaan (NL). Von 2014 bis 2022 fungierte er als CEO und Gesellschaft der Mediaan Holding. In dieser Zeit hat sich Mediaan zu einem Trendsetter bei der Umsetzung von AI\/KI Themen entwickelt und seine Kunden in Deutschland mit innovativen L\u00f6sungen unterst\u00fctzt. Seit 2023 ist er in beratender Funktion t\u00e4tig.<\/p>\n<p><!-- wp:image {\"id\":14419,\"sizeSlug\":\"full\",\"linkDestination\":\"none\"} --><\/p>\n<figure class=\"wp-block-image size-full\"><img decoding=\"async\" width=\"300\" height=\"300\" class=\"wp-image-14419\" src=\"https:\/\/www.andersonmacgyver.com\/wp-content\/uploads\/2025\/03\/Joachim-3-1.jpg\" alt=\"\" \/><\/figure>\n<p>&nbsp;<\/p>\n<p><!-- \/wp:heading --><\/p>\n<p><!-- wp:heading {\"level\":3} --><\/p>\n<\/div>\r\r\n\t\t\t\t\t\r\n\t\t\t\t<\/div>\r\r\n\t\t\t<\/div>\r\r\n\t\t\t<div class=\"col-xl-4\">\r\r\n\t\t\t\t\r\n\t\t\t\t\r\n\t\t\t\t\r\n\t\t\t\t\r\n\t\t\t\t\r\n\t\t\t\t<div class=\"sidebar_related\"><div class=\"job_contact sidebar_contact post_contact\"><div class=\"row\"><div class=\"col-4\"><div class=\"job_contact_img sidebar_contact cover\" style=\"background-image:url(https:\/\/www.andersonmacgyver.com\/wp-content\/uploads\/2020\/01\/Sonja-1.png);\"><div class=\"job_contact_img_hook\"><\/div><\/div><\/div><div class=\"col-8 my-auto\"><div class=\"job_contact_content\"><div class=\"job_contact_title\">Nehmen Sie Kontakt auf!<\/div><a href=\"https:\/\/www.andersonmacgyver.com\/de\/team\/sonja-spurkmann\/\" class=\"job_contact_name\">Sonja Sp\u00fcrkmann<\/a><div class=\"job_contact_function\">Management Consultant<\/div><a href=\"mailto:sonja.spuerkmann@andersonmacgyver.com\" class=\"job_contact_mail\">sonja.spuerkmann@andersonmacgyver.com<\/a><a href=\"tel:00491735869830\" class=\"job_contact_phone\">+49 173 5869830\u200b<\/a><\/div><\/div><\/div><\/div><div class=\"job_contact sidebar_contact post_contact\"><div class=\"row\"><div class=\"col-4\"><div class=\"job_contact_img sidebar_contact cover\" style=\"background-image:url(https:\/\/www.andersonmacgyver.com\/wp-content\/uploads\/2022\/07\/Tom-Bierhold-1880x1253.jpg);\"><div class=\"job_contact_img_hook\"><\/div><\/div><\/div><div class=\"col-8 my-auto\"><div class=\"job_contact_content\"><div class=\"job_contact_title\">Nehmen Sie Kontakt auf!<\/div><a href=\"https:\/\/www.andersonmacgyver.com\/de\/team\/tom-bierhold\/\" class=\"job_contact_name\">Tom Bierhold<\/a><div class=\"job_contact_function\">Management consultant<\/div><a href=\"mailto:tom.bierhold@andersonmacgyver.com\" class=\"job_contact_mail\">tom.bierhold@andersonmacgyver.com<\/a><a href=\"tel:00491744926657\" class=\"job_contact_phone\">+49 174 4926657<\/a><\/div><\/div><\/div><\/div><\/div><div class=\"sidebar_related\"><h2>Related articles<\/h2><div class=\"row\"><div class=\"col-lg-6\"><div class=\"related_img cover\" style=\"background-image:url(https:\/\/www.andersonmacgyver.com\/wp-content\/uploads\/2021\/06\/Dusseldorf-AMG.jpg);\"><\/div><\/div><div class=\"col-lg-6\"><div class=\"table_box\"><div class=\"table_cell\"><h4>Artikel<\/h4><h3>Auf Expansionskurs in Europa! F\u00fchrende niederl\u00e4ndische Digitalberatung er\u00f6ffnet ersten Standort in D\u00fcsseldorf<\/h3><a href=\"https:\/\/www.andersonmacgyver.com\/de\/wissender-artikel\/deutschland\/\">Lesen Sie weiter <i class=\"fas fa-arrow-right\"><\/i><\/a><\/div><\/div><\/div><\/div><div class=\"row\"><div class=\"col-lg-6\"><div class=\"related_img cover\" style=\"background-image:url(https:\/\/www.andersonmacgyver.com\/wp-content\/uploads\/2023\/04\/IMG_6134.png);\"><\/div><\/div><div class=\"col-lg-6\"><div class=\"table_box\"><div class=\"table_cell\"><h4>Artikel<\/h4><h3>Master your digital destiny<\/h3><a href=\"https:\/\/www.andersonmacgyver.com\/knowledge-article\/master-your-digital-destiny\/\">Lesen Sie weiter <i class=\"fas fa-arrow-right\"><\/i><\/a><\/div><\/div><\/div><\/div><\/div>\r\n\t\t\t<\/div>\r\r\n\t\t<\/div>\r\r\n\t<\/div>\r\r\n<\/div>\r\r\n\r\n","protected":false},"excerpt":{"rendered":"","protected":false},"author":10,"featured_media":0,"parent":0,"menu_order":0,"comment_status":"closed","ping_status":"closed","template":"","meta":{"_acf_changed":false,"content-type":"","footnotes":""},"class_list":["post-11772","page","type-page","status-publish","hentry"],"acf":[],"yoast_head":"<!-- This site is optimized with the Yoast SEO plugin v27.5 - https:\/\/yoast.com\/product\/yoast-seo-wordpress\/ -->\n<title>Registration Client Event Germany - Anderson MacGyver<\/title>\n<meta name=\"description\" content=\"Digitale Unterst\u00fctzung im Glasfaserbau \u2013 Ein Blick in die Zukunft. Wir freuen uns darauf, Sie bei dieser besonderen Veranstaltung begr\u00fc\u00dfen zu d\u00fcrfen.\" \/>\n<meta name=\"robots\" content=\"index, follow, max-snippet:-1, max-image-preview:large, max-video-preview:-1\" \/>\n<link rel=\"canonical\" href=\"https:\/\/www.andersonmacgyver.com\/de\/registration-client-event\/\" \/>\n<meta property=\"og:locale\" content=\"de_DE\" \/>\n<meta property=\"og:type\" content=\"article\" \/>\n<meta property=\"og:title\" content=\"Registration Client Event Germany - Anderson MacGyver\" \/>\n<meta property=\"og:description\" content=\"Digitale Unterst\u00fctzung im Glasfaserbau \u2013 Ein Blick in die Zukunft. Wir freuen uns darauf, Sie bei dieser besonderen Veranstaltung begr\u00fc\u00dfen zu d\u00fcrfen.\" \/>\n<meta property=\"og:url\" content=\"https:\/\/www.andersonmacgyver.com\/de\/registration-client-event\/\" \/>\n<meta property=\"og:site_name\" content=\"Anderson MacGyver\" \/>\n<meta property=\"article:modified_time\" content=\"2025-04-29T09:58:33+00:00\" \/>\n<meta name=\"twitter:card\" content=\"summary_large_image\" \/>\n<meta name=\"twitter:label1\" content=\"Gesch\u00e4tzte Lesezeit\" \/>\n\t<meta name=\"twitter:data1\" content=\"5\u00a0Minuten\" \/>\n<script type=\"application\/ld+json\" class=\"yoast-schema-graph\">{\"@context\":\"https:\\\/\\\/schema.org\",\"@graph\":[{\"@type\":\"WebPage\",\"@id\":\"https:\\\/\\\/www.andersonmacgyver.com\\\/de\\\/registration-client-event\\\/\",\"url\":\"https:\\\/\\\/www.andersonmacgyver.com\\\/de\\\/registration-client-event\\\/\",\"name\":\"Registration Client Event Germany - Anderson MacGyver\",\"isPartOf\":{\"@id\":\"https:\\\/\\\/www.andersonmacgyver.com\\\/de\\\/#website\"},\"datePublished\":\"2023-10-06T09:34:56+00:00\",\"dateModified\":\"2025-04-29T09:58:33+00:00\",\"description\":\"Digitale Unterst\u00fctzung im Glasfaserbau \u2013 Ein Blick in die Zukunft. Wir freuen uns darauf, Sie bei dieser besonderen Veranstaltung begr\u00fc\u00dfen zu d\u00fcrfen.\",\"inLanguage\":\"de\",\"potentialAction\":[{\"@type\":\"ReadAction\",\"target\":[\"https:\\\/\\\/www.andersonmacgyver.com\\\/de\\\/registration-client-event\\\/\"]}]},{\"@type\":\"WebSite\",\"@id\":\"https:\\\/\\\/www.andersonmacgyver.com\\\/de\\\/#website\",\"url\":\"https:\\\/\\\/www.andersonmacgyver.com\\\/de\\\/\",\"name\":\"Anderson MacGyver\",\"description\":\"Organizing Data &amp; Technology\",\"potentialAction\":[{\"@type\":\"SearchAction\",\"target\":{\"@type\":\"EntryPoint\",\"urlTemplate\":\"https:\\\/\\\/www.andersonmacgyver.com\\\/de\\\/?s={search_term_string}\"},\"query-input\":{\"@type\":\"PropertyValueSpecification\",\"valueRequired\":true,\"valueName\":\"search_term_string\"}}],\"inLanguage\":\"de\"}]}<\/script>\n<!-- \/ Yoast SEO plugin. -->","yoast_head_json":{"title":"Registration Client Event Germany - Anderson MacGyver","description":"Digitale Unterst\u00fctzung im Glasfaserbau \u2013 Ein Blick in die Zukunft. Wir freuen uns darauf, Sie bei dieser besonderen Veranstaltung begr\u00fc\u00dfen zu d\u00fcrfen.","robots":{"index":"index","follow":"follow","max-snippet":"max-snippet:-1","max-image-preview":"max-image-preview:large","max-video-preview":"max-video-preview:-1"},"canonical":"https:\/\/www.andersonmacgyver.com\/de\/registration-client-event\/","og_locale":"de_DE","og_type":"article","og_title":"Registration Client Event Germany - Anderson MacGyver","og_description":"Digitale Unterst\u00fctzung im Glasfaserbau \u2013 Ein Blick in die Zukunft. Wir freuen uns darauf, Sie bei dieser besonderen Veranstaltung begr\u00fc\u00dfen zu d\u00fcrfen.","og_url":"https:\/\/www.andersonmacgyver.com\/de\/registration-client-event\/","og_site_name":"Anderson MacGyver","article_modified_time":"2025-04-29T09:58:33+00:00","twitter_card":"summary_large_image","twitter_misc":{"Gesch\u00e4tzte Lesezeit":"5\u00a0Minuten"},"schema":{"@context":"https:\/\/schema.org","@graph":[{"@type":"WebPage","@id":"https:\/\/www.andersonmacgyver.com\/de\/registration-client-event\/","url":"https:\/\/www.andersonmacgyver.com\/de\/registration-client-event\/","name":"Registration Client Event Germany - Anderson MacGyver","isPartOf":{"@id":"https:\/\/www.andersonmacgyver.com\/de\/#website"},"datePublished":"2023-10-06T09:34:56+00:00","dateModified":"2025-04-29T09:58:33+00:00","description":"Digitale Unterst\u00fctzung im Glasfaserbau \u2013 Ein Blick in die Zukunft. Wir freuen uns darauf, Sie bei dieser besonderen Veranstaltung begr\u00fc\u00dfen zu d\u00fcrfen.","inLanguage":"de","potentialAction":[{"@type":"ReadAction","target":["https:\/\/www.andersonmacgyver.com\/de\/registration-client-event\/"]}]},{"@type":"WebSite","@id":"https:\/\/www.andersonmacgyver.com\/de\/#website","url":"https:\/\/www.andersonmacgyver.com\/de\/","name":"Anderson MacGyver","description":"Organizing Data &amp; Technology","potentialAction":[{"@type":"SearchAction","target":{"@type":"EntryPoint","urlTemplate":"https:\/\/www.andersonmacgyver.com\/de\/?s={search_term_string}"},"query-input":{"@type":"PropertyValueSpecification","valueRequired":true,"valueName":"search_term_string"}}],"inLanguage":"de"}]}},"_links":{"self":[{"href":"https:\/\/www.andersonmacgyver.com\/de\/wp-json\/wp\/v2\/pages\/11772","targetHints":{"allow":["GET"]}}],"collection":[{"href":"https:\/\/www.andersonmacgyver.com\/de\/wp-json\/wp\/v2\/pages"}],"about":[{"href":"https:\/\/www.andersonmacgyver.com\/de\/wp-json\/wp\/v2\/types\/page"}],"author":[{"embeddable":true,"href":"https:\/\/www.andersonmacgyver.com\/de\/wp-json\/wp\/v2\/users\/10"}],"replies":[{"embeddable":true,"href":"https:\/\/www.andersonmacgyver.com\/de\/wp-json\/wp\/v2\/comments?post=11772"}],"version-history":[{"count":67,"href":"https:\/\/www.andersonmacgyver.com\/de\/wp-json\/wp\/v2\/pages\/11772\/revisions"}],"predecessor-version":[{"id":14600,"href":"https:\/\/www.andersonmacgyver.com\/de\/wp-json\/wp\/v2\/pages\/11772\/revisions\/14600"}],"wp:attachment":[{"href":"https:\/\/www.andersonmacgyver.com\/de\/wp-json\/wp\/v2\/media?parent=11772"}],"curies":[{"name":"wp","href":"https:\/\/api.w.org\/{rel}","templated":true}]}}